{"id":228,"date":"2014-06-18T09:01:18","date_gmt":"2014-06-18T07:01:18","guid":{"rendered":"http:\/\/docsites.cgmlife.com\/1402394876383\/?page_id=228"},"modified":"2015-09-02T12:10:33","modified_gmt":"2015-09-02T10:10:33","slug":"assenze-medici","status":"publish","type":"page","link":"https:\/\/docsites.cgmlife.com\/1402394876383\/assenze-medici\/","title":{"rendered":"Assenze Medici"},"content":{"rendered":"<p><span style=\"font-size: large\">Assenze:<\/span><\/p>\n<p>Il Dr Giovanni Maffei sar\u00e0 assente da luned\u00ec 31 agosto a venerd\u00ec 11 settembre 2015<\/p>\n<p>Sar\u00e0 sostituito dalla Dr.ssa Valentina Felloni (cell. n. 338 19142&#8217;06)<\/p>\n<p>&nbsp;<\/p>\n<p>&nbsp;<\/p>\n","protected":false},"excerpt":{"rendered":"<p>Assenze: Il Dr Giovanni Maffei sar\u00e0 assente da luned\u00ec 31 agosto a venerd\u00ec 11 settembre 2015 Sar\u00e0 sostituito dalla Dr.ssa Valentina Felloni (cell. n. 338 19142&#8217;06) &nbsp; &nbsp;<\/p>\n","protected":false},"author":486,"featured_media":0,"parent":0,"menu_order":0,"comment_status":"closed","ping_status":"closed","template":"","meta":{"footnotes":""},"class_list":["post-228","page","type-page","status-publish","hentry"],"_links":{"self":[{"href":"https:\/\/docsites.cgmlife.com\/1402394876383\/wp-json\/wp\/v2\/pages\/228","targetHints":{"allow":["GET"]}}],"collection":[{"href":"https:\/\/docsites.cgmlife.com\/1402394876383\/wp-json\/wp\/v2\/pages"}],"about":[{"href":"https:\/\/docsites.cgmlife.com\/1402394876383\/wp-json\/wp\/v2\/types\/page"}],"author":[{"embeddable":true,"href":"https:\/\/docsites.cgmlife.com\/1402394876383\/wp-json\/wp\/v2\/users\/486"}],"replies":[{"embeddable":true,"href":"https:\/\/docsites.cgmlife.com\/1402394876383\/wp-json\/wp\/v2\/comments?post=228"}],"version-history":[{"count":52,"href":"https:\/\/docsites.cgmlife.com\/1402394876383\/wp-json\/wp\/v2\/pages\/228\/revisions"}],"predecessor-version":[{"id":230,"href":"https:\/\/docsites.cgmlife.com\/1402394876383\/wp-json\/wp\/v2\/pages\/228\/revisions\/230"}],"wp:attachment":[{"href":"https:\/\/docsites.cgmlife.com\/1402394876383\/wp-json\/wp\/v2\/media?parent=228"}],"curies":[{"name":"wp","href":"https:\/\/api.w.org\/{rel}","templated":true}]}}