{"id":284,"date":"2014-06-27T15:50:26","date_gmt":"2014-06-27T13:50:26","guid":{"rendered":"http:\/\/docsites.cgmlife.com\/1402394876383\/?page_id=284"},"modified":"2014-10-14T09:18:19","modified_gmt":"2014-10-14T07:18:19","slug":"informazioni-generali","status":"publish","type":"page","link":"https:\/\/docsites.cgmlife.com\/1402394876383\/informazioni-generali\/","title":{"rendered":"Informazioni generali"},"content":{"rendered":"<p><span style=\"font-size: large\">Vaccinazioni antinfluenzale:<\/span><\/p>\n<p><strong>Si comunica che nei primi giorni di novembre inizier\u00e0 la campagna antinfluenzale.<\/strong><\/p>\n<p><strong>Saranno a breve comunicate date e orari di ciascun medico associato.<\/strong><\/p>\n<p>___________________________________________________________________________<\/p>\n<p>&nbsp;<\/p>\n<p><span style=\"font-size: medium\"><strong>IMPORTANTE: Si informa che dal 7 luglio 2014 la stampa dei referti di laboratorio verr\u00e0 sospesa. \u00a0Si invita l&#8217;utenza ad usufruire \u00a0dei servizi TREC e FAST TREC (collegandosi al sito www.apss.tn.it) per la visione dei referti.<\/strong><\/span><\/p>\n<p><span style=\"font-size: medium\">Sar\u00e0 comunque possibile richiedere la stampa del referto in qualsiasi ufficio ticket \u00a0esibendo\u00a0<strong>la tessera sanitaria \u00a0e il documento di ritiro, consegnato al momento dell&#8217;accettazione.<\/strong><\/span><\/p>\n<p><span style=\"font-size: medium\"><strong><span style=\"text-decoration: underline;color: #ff0000\"> <span style=\"text-decoration: underline\">In nessun caso verr\u00e0 stampato il referto senza la consegna del documento del ritiro.<\/span><\/span><\/strong><\/span><\/p>\n<p>&nbsp;<\/p>\n<p>&nbsp;<\/p>\n<p><span style=\"font-size: medium\"><span style=\"color: #ff0000\"><strong>AVVISO<\/strong> <\/span>Si avvisano i gentili pazienti che nella sessione &#8220;Servizi on line&#8221; non \u00e8 attiva l&#8217;opzione delle prenotazione per via telematica.<\/span><\/p>\n<p><span style=\"font-size: medium\">Gli appuntamenti devono essere presi nel modo consueto e cio\u00e8 telefonando al numero 0462 500163 dalle ore 8.00 alle ore 12.30 da luned\u00ec a venerd\u00ec.<\/span><\/p>\n<p><span style=\"font-size: medium\">Grazie<\/span><\/p>\n<p>&nbsp;<\/p>\n<p>&nbsp;<\/p>\n<p>&nbsp;<\/p>\n<p>&nbsp;<\/p>\n","protected":false},"excerpt":{"rendered":"<p>Vaccinazioni antinfluenzale: Si comunica che nei primi giorni di novembre inizier\u00e0 la campagna antinfluenzale. Saranno a breve comunicate date e orari di ciascun medico associato. ___________________________________________________________________________ &nbsp; IMPORTANTE: Si informa che dal 7 luglio 2014 la stampa dei referti di laboratorio verr\u00e0 sospesa. \u00a0Si invita l&#8217;utenza ad usufruire \u00a0dei servizi TREC e FAST TREC (collegandosi [&hellip;]<\/p>\n","protected":false},"author":486,"featured_media":0,"parent":0,"menu_order":0,"comment_status":"closed","ping_status":"closed","template":"","meta":{"footnotes":""},"class_list":["post-284","page","type-page","status-publish","hentry"],"_links":{"self":[{"href":"https:\/\/docsites.cgmlife.com\/1402394876383\/wp-json\/wp\/v2\/pages\/284","targetHints":{"allow":["GET"]}}],"collection":[{"href":"https:\/\/docsites.cgmlife.com\/1402394876383\/wp-json\/wp\/v2\/pages"}],"about":[{"href":"https:\/\/docsites.cgmlife.com\/1402394876383\/wp-json\/wp\/v2\/types\/page"}],"author":[{"embeddable":true,"href":"https:\/\/docsites.cgmlife.com\/1402394876383\/wp-json\/wp\/v2\/users\/486"}],"replies":[{"embeddable":true,"href":"https:\/\/docsites.cgmlife.com\/1402394876383\/wp-json\/wp\/v2\/comments?post=284"}],"version-history":[{"count":5,"href":"https:\/\/docsites.cgmlife.com\/1402394876383\/wp-json\/wp\/v2\/pages\/284\/revisions"}],"predecessor-version":[{"id":301,"href":"https:\/\/docsites.cgmlife.com\/1402394876383\/wp-json\/wp\/v2\/pages\/284\/revisions\/301"}],"wp:attachment":[{"href":"https:\/\/docsites.cgmlife.com\/1402394876383\/wp-json\/wp\/v2\/media?parent=284"}],"curies":[{"name":"wp","href":"https:\/\/api.w.org\/{rel}","templated":true}]}}