{"id":120,"date":"2014-11-12T10:05:26","date_gmt":"2014-11-12T08:05:26","guid":{"rendered":"http:\/\/docsites.cgmlife.com\/140489707943\/?page_id=120"},"modified":"2024-01-03T10:53:33","modified_gmt":"2024-01-03T08:53:33","slug":"informationen","status":"publish","type":"page","link":"https:\/\/docsites.cgmlife.com\/140489707943\/informationen\/","title":{"rendered":"Informationen"},"content":{"rendered":"\n<p>Liebe Patienten,<\/p>\n\n\n\n<p>der Umbau ist geschafft.<\/p>\n\n\n\n<p>Wir freuen uns, Sie \u00fcber den neuen Eingangsbereich begr\u00fc\u00dfen zu&nbsp;d\u00fcrfen.<\/p>\n\n\n\n<p>Au\u00dferdem haben wir f\u00fcr Sie 4 Parkpl\u00e4tze geschaffen. Diese sind \u00fcber die Einfahrt Jungfernstieg zu erreichen.<\/p>\n\n\n\n<p>Auch gehbehinderte Patienten k\u00f6nnen nun in unsere Praxisr\u00e4ume dank gro\u00dfz\u00fcgiger barrierefreier Schr\u00e4ge ohne M\u00fche gelangen.<\/p>\n\n\n\n<p>Wir freuen uns auf Ihren Besuch.<\/p>\n\n\n\n<p>Iht Praxistaem Dr. Schneider\/ Neumeister<\/p>\n","protected":false},"excerpt":{"rendered":"<p>Liebe Patienten, der Umbau ist geschafft. Wir freuen uns, Sie \u00fcber den neuen Eingangsbereich begr\u00fc\u00dfen zu&nbsp;d\u00fcrfen. Au\u00dferdem haben wir f\u00fcr Sie 4 Parkpl\u00e4tze geschaffen. Diese sind \u00fcber die Einfahrt Jungfernstieg zu erreichen. Auch gehbehinderte Patienten k\u00f6nnen nun in unsere Praxisr\u00e4ume dank gro\u00dfz\u00fcgiger barrierefreier Schr\u00e4ge ohne M\u00fche gelangen. Wir freuen uns auf Ihren Besuch. Iht Praxistaem [&hellip;]<\/p>\n","protected":false},"author":502,"featured_media":0,"parent":0,"menu_order":0,"comment_status":"closed","ping_status":"closed","template":"","meta":{"footnotes":""},"class_list":["post-120","page","type-page","status-publish","hentry"],"_links":{"self":[{"href":"https:\/\/docsites.cgmlife.com\/140489707943\/wp-json\/wp\/v2\/pages\/120","targetHints":{"allow":["GET"]}}],"collection":[{"href":"https:\/\/docsites.cgmlife.com\/140489707943\/wp-json\/wp\/v2\/pages"}],"about":[{"href":"https:\/\/docsites.cgmlife.com\/140489707943\/wp-json\/wp\/v2\/types\/page"}],"author":[{"embeddable":true,"href":"https:\/\/docsites.cgmlife.com\/140489707943\/wp-json\/wp\/v2\/users\/502"}],"replies":[{"embeddable":true,"href":"https:\/\/docsites.cgmlife.com\/140489707943\/wp-json\/wp\/v2\/comments?post=120"}],"version-history":[{"count":2,"href":"https:\/\/docsites.cgmlife.com\/140489707943\/wp-json\/wp\/v2\/pages\/120\/revisions"}],"predecessor-version":[{"id":129,"href":"https:\/\/docsites.cgmlife.com\/140489707943\/wp-json\/wp\/v2\/pages\/120\/revisions\/129"}],"wp:attachment":[{"href":"https:\/\/docsites.cgmlife.com\/140489707943\/wp-json\/wp\/v2\/media?parent=120"}],"curies":[{"name":"wp","href":"https:\/\/api.w.org\/{rel}","templated":true}]}}