{"id":10,"date":"2013-02-05T11:37:41","date_gmt":"2013-02-05T09:37:41","guid":{"rendered":"http:\/\/docsites.cgmlife.com\/medistar\/?page_id=10"},"modified":"2024-10-24T11:07:25","modified_gmt":"2024-10-24T09:07:25","slug":"impressum","status":"publish","type":"page","link":"https:\/\/docsites.cgmlife.com\/140550757859\/impressum\/","title":{"rendered":"Impressum"},"content":{"rendered":"\n<h1 class=\"wp-block-heading has-text-align-center\">Impressum<\/h1>\n\n\n\n<figure class=\"wp-block-table is-style-regular\"><table><tbody><tr><td><strong>J. Bergmann<\/strong><\/td><td><strong>I. Hohmann<\/strong><\/td><\/tr><tr><td>Fach\u00e4rztin f\u00fcr Allgemeinmedizin<br>Friederikenstra\u00dfe 3<br>26871 Papenburg<br>Tel.: 04961\/3008<br>Fax 04961\/3009<br>e-mail: info@praxis-sand-berg.de<\/td><td>Fach\u00e4rztin f\u00fcr Innere Medizin (Haus\u00e4rztliche Versorgung)<br>Friederikenstra\u00dfe 3<br>26871 Papenburg<br>Tel.: 04961\/3008<br>Fax 04961\/3009<br>e-mail: info@praxis-sand-berg.de<\/td><\/tr><tr><td>\nKammer (berufsrechtliche Aufsichtsbeh\u00f6rde):<br>\n\u00c4rztekammer Niedersachsen<br>Berliner Allee 20<br>30175\nHannover<br>Telefon: 0511\/380-02<br>Fax: 0511\/380-2240\n<br><a href=\"https:\/\/www.aekn.de\/anfrage-2\/\">info@aekn.de<\/a>\n<\/td><td>\nKassen\u00e4rztliche Vereinigung (kassen\u00e4rztliche Aufsichtsbeh\u00f6rde):\n<br>Kassen\u00e4rztliche Vereinigung Niedersachsen\n<br>Berliner Allee 22\n<br>30175 Hannover\n<br>Tel.: 0511-380-03\n<br>Fax: 0511-380-3491\n<br><a title=\"\" href=\"mailto:info@kvn.de\">info@kvn.de<\/a>\n<\/td><\/tr><tr><td colspan=\"2\"><b>Copyright der Bilder:<\/b> <br><a href=\"http:\/\/www.fotolia.de\/\">www.fotolia.de<\/a><\/td><\/tr><\/tbody><\/table><\/figure>\n","protected":false},"excerpt":{"rendered":"<p>Impressum J. Bergmann I. Hohmann Fach\u00e4rztin f\u00fcr AllgemeinmedizinFriederikenstra\u00dfe 326871 PapenburgTel.: 04961\/3008Fax 04961\/3009e-mail: info@praxis-sand-berg.de Fach\u00e4rztin f\u00fcr Innere Medizin (Haus\u00e4rztliche Versorgung)Friederikenstra\u00dfe 326871 PapenburgTel.: 04961\/3008Fax 04961\/3009e-mail: info@praxis-sand-berg.de Kammer (berufsrechtliche Aufsichtsbeh\u00f6rde): \u00c4rztekammer NiedersachsenBerliner Allee 2030175 HannoverTelefon: 0511\/380-02Fax: 0511\/380-2240 info@aekn.de Kassen\u00e4rztliche Vereinigung (kassen\u00e4rztliche Aufsichtsbeh\u00f6rde): Kassen\u00e4rztliche Vereinigung Niedersachsen Berliner Allee 22 30175 Hannover Tel.: 0511-380-03 Fax: 0511-380-3491 info@kvn.de Copyright der Bilder: [&hellip;]<\/p>\n","protected":false},"author":510,"featured_media":0,"parent":0,"menu_order":1000,"comment_status":"closed","ping_status":"closed","template":"","meta":{"footnotes":""},"class_list":["post-10","page","type-page","status-publish","hentry"],"_links":{"self":[{"href":"https:\/\/docsites.cgmlife.com\/140550757859\/wp-json\/wp\/v2\/pages\/10","targetHints":{"allow":["GET"]}}],"collection":[{"href":"https:\/\/docsites.cgmlife.com\/140550757859\/wp-json\/wp\/v2\/pages"}],"about":[{"href":"https:\/\/docsites.cgmlife.com\/140550757859\/wp-json\/wp\/v2\/types\/page"}],"author":[{"embeddable":true,"href":"https:\/\/docsites.cgmlife.com\/140550757859\/wp-json\/wp\/v2\/users\/510"}],"replies":[{"embeddable":true,"href":"https:\/\/docsites.cgmlife.com\/140550757859\/wp-json\/wp\/v2\/comments?post=10"}],"version-history":[{"count":18,"href":"https:\/\/docsites.cgmlife.com\/140550757859\/wp-json\/wp\/v2\/pages\/10\/revisions"}],"predecessor-version":[{"id":349,"href":"https:\/\/docsites.cgmlife.com\/140550757859\/wp-json\/wp\/v2\/pages\/10\/revisions\/349"}],"wp:attachment":[{"href":"https:\/\/docsites.cgmlife.com\/140550757859\/wp-json\/wp\/v2\/media?parent=10"}],"curies":[{"name":"wp","href":"https:\/\/api.w.org\/{rel}","templated":true}]}}