{"id":2,"date":"2013-02-05T09:30:54","date_gmt":"2013-02-05T07:30:54","guid":{"rendered":"http:\/\/docsites.cgmlife.com\/medistar\/?page_id=2"},"modified":"2024-10-24T10:46:09","modified_gmt":"2024-10-24T08:46:09","slug":"beispiel-seite","status":"publish","type":"page","link":"https:\/\/docsites.cgmlife.com\/140550757859\/","title":{"rendered":"Start"},"content":{"rendered":"\n<h1 class=\"wp-block-heading has-text-align-center\">Haus\u00e4rztliche Gemeinschaftspraxis<br>Hohmann \/ Bergmann \/Jansen<\/h1>\n\n\n\n<h2 class=\"wp-block-heading has-text-align-center\">Herzlich Willkommen<\/h2>\n\n\n\n<p><strong>N\u00e4chster Praxis-Urlaub<\/strong><br>Herbst 2021 &#8211; zu Ostern und im Sommer bleibt die Praxis durchgehend f\u00fcr Sie ge\u00f6ffnet<\/p>\n\n\n\n<p>Willkommen auf der Internetseite der Haus\u00e4rztlichen Gemeinschaftspraxis I.Hohmann und&nbsp;&nbsp; J. Bergmann in Papenburg.<\/p>\n\n\n\n<p>\u00dcber die Hauptmen\u00fc-Punkte k\u00f6nnen Sie Informationen \u00fcber unsere Praxis und die Lage der Praxis abrufen.<\/p>\n\n\n\n<p>Die Online-Terminbuchung haben wir aufgrund der \u00c4nderungen im Rahmen der europ\u00e4ischen Datenschutzgrundverordnung eingestellt.<\/p>\n","protected":false},"excerpt":{"rendered":"<p>Haus\u00e4rztliche GemeinschaftspraxisHohmann \/ Bergmann \/Jansen Herzlich Willkommen N\u00e4chster Praxis-UrlaubHerbst 2021 &#8211; zu Ostern und im Sommer bleibt die Praxis durchgehend f\u00fcr Sie ge\u00f6ffnet Willkommen auf der Internetseite der Haus\u00e4rztlichen Gemeinschaftspraxis I.Hohmann und&nbsp;&nbsp; J. Bergmann in Papenburg. \u00dcber die Hauptmen\u00fc-Punkte k\u00f6nnen Sie Informationen \u00fcber unsere Praxis und die Lage der Praxis abrufen. Die Online-Terminbuchung haben wir [&hellip;]<\/p>\n","protected":false},"author":510,"featured_media":0,"parent":0,"menu_order":-1,"comment_status":"closed","ping_status":"closed","template":"","meta":{"footnotes":""},"class_list":["post-2","page","type-page","status-publish","hentry"],"_links":{"self":[{"href":"https:\/\/docsites.cgmlife.com\/140550757859\/wp-json\/wp\/v2\/pages\/2","targetHints":{"allow":["GET"]}}],"collection":[{"href":"https:\/\/docsites.cgmlife.com\/140550757859\/wp-json\/wp\/v2\/pages"}],"about":[{"href":"https:\/\/docsites.cgmlife.com\/140550757859\/wp-json\/wp\/v2\/types\/page"}],"author":[{"embeddable":true,"href":"https:\/\/docsites.cgmlife.com\/140550757859\/wp-json\/wp\/v2\/users\/510"}],"replies":[{"embeddable":true,"href":"https:\/\/docsites.cgmlife.com\/140550757859\/wp-json\/wp\/v2\/comments?post=2"}],"version-history":[{"count":65,"href":"https:\/\/docsites.cgmlife.com\/140550757859\/wp-json\/wp\/v2\/pages\/2\/revisions"}],"predecessor-version":[{"id":320,"href":"https:\/\/docsites.cgmlife.com\/140550757859\/wp-json\/wp\/v2\/pages\/2\/revisions\/320"}],"wp:attachment":[{"href":"https:\/\/docsites.cgmlife.com\/140550757859\/wp-json\/wp\/v2\/media?parent=2"}],"curies":[{"name":"wp","href":"https:\/\/api.w.org\/{rel}","templated":true}]}}