{"id":2,"date":"2013-02-05T09:30:54","date_gmt":"2013-02-05T07:30:54","guid":{"rendered":"http:\/\/docsites.cgmlife.com\/medistar\/?page_id=2"},"modified":"2014-11-03T15:02:24","modified_gmt":"2014-11-03T13:02:24","slug":"beispiel-seite","status":"publish","type":"page","link":"https:\/\/docsites.cgmlife.com\/1414757535383\/","title":{"rendered":"Home"},"content":{"rendered":"<div id=\"id242\">\n<h1>Benvenuti al nostro Studio Medico Virtuale<\/h1>\n<p>&nbsp;<\/p>\n<\/div>\n<div id=\"id1661\">\n<div>Benvenuti al sito dello Studio Pediatrico PDF VESUVIO ad Ottaviano. Vi aguriamo una fruizione dei contenuti chiara ed istruttiva.<\/div>\n<div><\/div>\n<div>La nostra equipe \u00e8 composta dai seguenti medici:<\/div>\n<div>\n<ul>\n<li>Dott.ssa Annamaria Chianese<\/li>\n<li>Dott. Stefano Ementato<\/li>\n<li>Dott. Saverio Ferraro<\/li>\n<li>Dott. Giueppe Illiano<\/li>\n<li><a title=\"Servizi-Online\" href=\"http:\/\/docsites.cgmlife.com\/1414757535383\/servizi-online\/\"><span style=\"color: #ff0000;\"><strong>Dott. Michele La Pietra<\/strong><\/span><\/a><\/li>\n<li>Dott. Michele Saviano<\/li>\n<li>Dott.ssa Elvira Sorrentino<\/li>\n<\/ul>\n<\/div>\n<div>Selezionando il nome di\u00a0un medico \u00e8 possibile accedere alla richiesta dei servizi online\u00a0offerti dal singolo medico.<\/div>\n<div>Nel caso in cui\u00a0facendo clic sul nome del medico non si apra la pagina dei servizi online \u00e8 possibile che il medico\u00a0non abbia ancora attivato la possibilit\u00e0 di fruire dei servizi.<\/div>\n<div><\/div>\n<div><span style=\"color: #339966;\">Per accedere alla pagina dei servizi da dispositivi mobili (Tablet e SmartPhone) fare clic sul nome del medico nell&#8217;elenco seguente:<\/span><\/div>\n<div><\/div>\n<div>\n<ul>\n<li>Dott.ssa Annamaria Chianese<\/li>\n<li>Dott. Stefano Ementato<\/li>\n<li>Dott. Saverio Ferraro<\/li>\n<li>Dott. Giueppe Illiano<\/li>\n<li><a title=\"Versione Mobile Servizi dr La Pietra\" href=\"https:\/\/it.cgmlife.com\/portal\/#\/home\/?institution=013005703\" target=\"_blank\"><span style=\"color: #339966;\"><span style=\"color: #339966;\"><strong>Dott. Michele La Pietra<\/strong><\/span><\/span><\/a><\/li>\n<li>Dott. Michele Saviano<\/li>\n<li>Dott.ssa Elvira Sorrentino<\/li>\n<\/ul>\n<\/div>\n<div><\/div>\n<div><\/div>\n<div>Navigando nel men\u00f9 principale \u00e8 possibile ottenere informazioni in merito alle nostre potenzialit\u00e0, al nostro studio, alla nostra equipe, ai servizi offerti e, naturalmente, anche sull&#8217;ubicazione dello studio.<br \/>\nE&#8217; possibile anche prenotare delle visite online. Al momento, per il corretto utilizzo del sito, \u00e8 necessaria la versione gratuita di <a href=\"http:\/\/get.adobe.com\/it\/flashplayer\/\" target=\"browseedit\">Flash Player<\/a> della Adobe, che \u00e8 gi\u00e0 presente sul 98% dei computer che utilizzano internet.<\/div>\n<div><\/div>\n<div>Nei prossimi giorni sar\u00e0 disponibile anche la versione HTML compatibile anche con i dispositivi mobili (Smartphone e Tablet) che non supportano Flash Player.<\/div>\n<\/div>\n","protected":false},"excerpt":{"rendered":"<p>Benvenuti al nostro Studio Medico Virtuale &nbsp; Benvenuti al sito dello Studio Pediatrico PDF VESUVIO ad Ottaviano. Vi aguriamo una fruizione dei contenuti chiara ed istruttiva. La nostra equipe \u00e8 composta dai seguenti medici: Dott.ssa Annamaria Chianese Dott. Stefano Ementato Dott. Saverio Ferraro Dott. Giueppe Illiano Dott. Michele La Pietra Dott. Michele Saviano Dott.ssa Elvira [&hellip;]<\/p>\n","protected":false},"author":536,"featured_media":0,"parent":0,"menu_order":-1,"comment_status":"closed","ping_status":"closed","template":"","meta":{"footnotes":""},"class_list":["post-2","page","type-page","status-publish","hentry"],"_links":{"self":[{"href":"https:\/\/docsites.cgmlife.com\/1414757535383\/wp-json\/wp\/v2\/pages\/2","targetHints":{"allow":["GET"]}}],"collection":[{"href":"https:\/\/docsites.cgmlife.com\/1414757535383\/wp-json\/wp\/v2\/pages"}],"about":[{"href":"https:\/\/docsites.cgmlife.com\/1414757535383\/wp-json\/wp\/v2\/types\/page"}],"author":[{"embeddable":true,"href":"https:\/\/docsites.cgmlife.com\/1414757535383\/wp-json\/wp\/v2\/users\/536"}],"replies":[{"embeddable":true,"href":"https:\/\/docsites.cgmlife.com\/1414757535383\/wp-json\/wp\/v2\/comments?post=2"}],"version-history":[{"count":13,"href":"https:\/\/docsites.cgmlife.com\/1414757535383\/wp-json\/wp\/v2\/pages\/2\/revisions"}],"predecessor-version":[{"id":132,"href":"https:\/\/docsites.cgmlife.com\/1414757535383\/wp-json\/wp\/v2\/pages\/2\/revisions\/132"}],"wp:attachment":[{"href":"https:\/\/docsites.cgmlife.com\/1414757535383\/wp-json\/wp\/v2\/media?parent=2"}],"curies":[{"name":"wp","href":"https:\/\/api.w.org\/{rel}","templated":true}]}}