{"id":155,"date":"2014-11-07T15:59:56","date_gmt":"2014-11-07T13:59:56","guid":{"rendered":"http:\/\/docsites.cgmlife.com\/1415290665383\/?page_id=155"},"modified":"2014-11-28T19:02:38","modified_gmt":"2014-11-28T17:02:38","slug":"medici","status":"publish","type":"page","link":"https:\/\/docsites.cgmlife.com\/1415290665383\/medici\/","title":{"rendered":"Medici: UCP e orario"},"content":{"rendered":"<p style=\"text-align: center;\">\u00a0<span style=\"color: #003366;\"><strong><span style=\"font-size: large;\">MEDICI UCP <\/span><\/strong><\/span><\/p>\n<p>&nbsp;<\/p>\n<p><span style=\"font-size: medium;\">I medici dello studio costituiscono una UCP (Unit\u00e0 di Cure Primarie), con le seguenti caratteristiche principali:<\/span><\/p>\n<p><span style=\"font-size: medium;\">\u2022\u00a0lo studio \u00e8 aperto per otto ore al giorno dal luned\u00ec al venerd\u00ec compreso;<\/span><\/p>\n<p><span style=\"font-size: medium;\">\u2022\u00a0indipendentemente dall\u2019orario del proprio medico \u00e8 assicurata la ripetizione di ricette per farmaci assunti abitualmente o prescritti negli ultimi mesi, e la prescrizione di esami abituali;<\/span><\/p>\n<p><span style=\"font-size: medium;\">\u2022\u00a0i medici assenti, per ferie o altri motivi, sono sostituiti dagli altri medici dell\u2019UCP;<\/span><\/p>\n<p><span style=\"font-size: medium;\">\u2022\u00a0per urgenze o esigenze non differibili, i pazienti possono rivolgersi agli altri medici dell\u2019UCP.<\/span><\/p>\n<p><span style=\"font-size: medium;\">Per assicurare nel modo migliore le suddette prestazioni e secondo le norme vigenti, gli archivi dei pazienti sono condivisi in rete da tutti i medici componenti l\u2019UCP.<\/span><\/p>\n<h2 style=\"text-align: center;\">\u00a0<\/h2>\n<h2 style=\"text-align: center;\"><span style=\"color: #003366; font-size: x-large;\"><strong>Orari<\/strong><\/span><\/h2>\n<p>&nbsp;<\/p>\n<table border=\"0\" align=\"center\">\n<tbody>\n<tr>\n<td align=\"center\" valign=\"middle\"><a title=\"Orario ambulatorio dott.ssa Felici Rita\" href=\"http:\/\/docsites.cgmlife.com\/1415619187383\/ambulatorio\"><strong>Dottoressa FELICI Rita<\/strong><\/a><\/td>\n<td align=\"center\" valign=\"middle\"><a title=\"Orario GIUNTA\" href=\"http:\/\/docsites.cgmlife.com\/1415295420383\/ambulatorio\/\"><strong>Dottor GIUNTA Angelo<\/strong><\/a><\/td>\n<\/tr>\n<tr>\n<td align=\"center\" valign=\"middle\"><a title=\"Orario ambulatorio dr Iacoangeli Artemisio\" href=\"http:\/\/docsites.cgmlife.com\/1417013472383\/ambulatorio\"><strong>Dott. IACOANGELI Artemisio<\/strong><\/a><\/td>\n<td align=\"center\" valign=\"middle\"><a title=\"Orario ambulatorio dr Romani Marcello\" href=\"http:\/\/docsites.cgmlife.com\/1415617421383\/ambulatorio\"><strong>Dottor ROMANI Marcello<\/strong><\/a><\/td>\n<\/tr>\n<tr>\n<td style=\"text-align: center;\" align=\"center\" valign=\"middle\"><strong>Dottoressa LUNGHI Francalisa <\/strong><\/td>\n<td style=\"text-align: center;\" align=\"center\" valign=\"middle\"><a title=\"Orario ambulatorio dottoressa SPATARO Teresa\" href=\"http:\/\/docsites.cgmlife.com\/1417192074383\/ambulatorio\/\"><strong><strong><strong>Dottoressa SPATARO Teresa<\/strong>\u00a0<\/strong><\/strong><\/a><\/td>\n<\/tr>\n<tr>\n<td align=\"center\" valign=\"middle\"><a title=\"Orario ambulatorio dottoressa VARTULI Lucia\" href=\"http:\/\/docsites.cgmlife.com\/1417193824383\/ambulatorio\"><strong><strong><strong>Dottoressa VARTULI Lucia<\/strong><\/strong><\/strong><\/a><\/td>\n<td align=\"center\" valign=\"middle\"><strong>\u00a0<\/strong><\/td>\n<\/tr>\n<\/tbody>\n<\/table>\n<p>&nbsp;<\/p>\n<p>&nbsp;<\/p>\n<p>Per scaricare l&#8217;orario completo di tutti i medici componenti della UCP fare clic su\u00a0 <a href=\"http:\/\/docsites.cgmlife.com\/1415290665383\/wp-content\/uploads\/sites\/504\/2014\/11\/ORARIO-MEDICI.pdf\" rel=\"attachment wp-att-244\">Orario medici UCP<\/a><\/p>\n","protected":false},"excerpt":{"rendered":"<p>\u00a0MEDICI UCP &nbsp; I medici dello studio costituiscono una UCP (Unit\u00e0 di Cure Primarie), con le seguenti caratteristiche principali: \u2022\u00a0lo studio \u00e8 aperto per otto ore al giorno dal luned\u00ec al venerd\u00ec compreso; \u2022\u00a0indipendentemente dall\u2019orario del proprio medico \u00e8 assicurata la ripetizione di ricette per farmaci assunti abitualmente o prescritti negli ultimi mesi, e la [&hellip;]<\/p>\n","protected":false},"author":383,"featured_media":0,"parent":0,"menu_order":4,"comment_status":"closed","ping_status":"closed","template":"","meta":{"footnotes":""},"class_list":["post-155","page","type-page","status-publish","hentry"],"_links":{"self":[{"href":"https:\/\/docsites.cgmlife.com\/1415290665383\/wp-json\/wp\/v2\/pages\/155","targetHints":{"allow":["GET"]}}],"collection":[{"href":"https:\/\/docsites.cgmlife.com\/1415290665383\/wp-json\/wp\/v2\/pages"}],"about":[{"href":"https:\/\/docsites.cgmlife.com\/1415290665383\/wp-json\/wp\/v2\/types\/page"}],"author":[{"embeddable":true,"href":"https:\/\/docsites.cgmlife.com\/1415290665383\/wp-json\/wp\/v2\/users\/383"}],"replies":[{"embeddable":true,"href":"https:\/\/docsites.cgmlife.com\/1415290665383\/wp-json\/wp\/v2\/comments?post=155"}],"version-history":[{"count":45,"href":"https:\/\/docsites.cgmlife.com\/1415290665383\/wp-json\/wp\/v2\/pages\/155\/revisions"}],"predecessor-version":[{"id":180,"href":"https:\/\/docsites.cgmlife.com\/1415290665383\/wp-json\/wp\/v2\/pages\/155\/revisions\/180"}],"wp:attachment":[{"href":"https:\/\/docsites.cgmlife.com\/1415290665383\/wp-json\/wp\/v2\/media?parent=155"}],"curies":[{"name":"wp","href":"https:\/\/api.w.org\/{rel}","templated":true}]}}