{"id":2,"date":"2013-02-05T09:30:54","date_gmt":"2013-02-05T07:30:54","guid":{"rendered":"http:\/\/docsites.cgmlife.com\/medistar\/?page_id=2"},"modified":"2014-11-10T19:01:47","modified_gmt":"2014-11-10T17:01:47","slug":"beispiel-seite","status":"publish","type":"page","link":"https:\/\/docsites.cgmlife.com\/1415290665383\/","title":{"rendered":"Home"},"content":{"rendered":"<div id=\"id242\"><span style=\"color: #003366;\"><span style=\"font-size: x-large;\"><b>SANITA&#8217; GENZANO<i> &#8211; <\/i>STUDIO MEDICO VIRTUALE<\/b><\/span>\u00a0<\/span><\/div>\n<div><\/div>\n<div><\/div>\n<p>&nbsp;<\/p>\n<div id=\"id1661\">\n<div>\n<p><span style=\"font-size: medium;\">Siete entrati nello <b><i>Studio Medico Virtuale<\/i><\/b> dei dott. Felici Rita, Giunta Angelo, Iacoangeli Artemisio, Lunghi Francalisa, Romani Marcello, Spataro Teresa, Vartuli Lucia.Esso si affianca, completandolo, allo Studio Medico reale di Genzano di Roma, Via Italo Belardi 32.<\/span><\/p>\n<p><span style=\"font-size: medium;\">\u00a0<\/span><\/p>\n<p><span style=\"font-size: medium;\">Scorrendo il Men\u00f9 alla vostra sinistra troverete utili informazioni in merito alla struttura e all\u2019organizzazione del nostro studio e soprattutto due sezioni innovative:<\/span><\/p>\n<ul>\n<li><span style=\"font-size: medium;\"><b>Servizi online<\/b><\/span><\/li>\n<li><span style=\"font-size: medium;\"><b>Il vostro medico<\/b><\/span><\/li>\n<\/ul>\n<p><span style=\"font-size: medium;\">\u00a0<\/span><\/p>\n<p><span style=\"font-size: medium;\">La sezione dei <b>Servizi Online<\/b> permette di richiedere \u00a0con pochi gesti, in qualsiasi momento e da qualsiasi luogo, <b>la prescrizione dei farmaci assunti abitualmente<\/b> o che siano stati prescritti negli ultimi mesi, per poi passare a ritirare la ricetta presso la Segreteria. Con l\u2019avvento della \u201cricetta elettronica\u201d (dematerializzazione della ricetta) tutto sar\u00e0 ancora pi\u00f9 agevole: si ricever\u00e0 tramite mail il codice della prescrizione, con il quale si andr\u00e0 direttamente in farmacia.<\/span><\/p>\n<p><span style=\"font-size: medium;\">I Servizi Online permettono anche di <b>prenotare appuntamenti<\/b> con il vostro medico per le visite ambulatoriali, in alternativa all\u2019accesso diretto.<\/span><\/p>\n<p><span style=\"font-size: medium;\">La sezione <b>Il vostro medico<\/b> \u00e8 la pagina personale del vostro medico, nella quale potrete trovare aggiornamenti, consigli e riflessioni, allo scopo di completare l\u2019insostituibile rapporto personale con una forma pi\u00f9 nuova di comunicazione.<\/span><\/p>\n<p><span style=\"font-size: medium;\">\u00a0<\/span><\/p>\n<p><span style=\"font-size: medium;\">In un futuro abbastanza vicino sono previste nuove regole che dovrebbero realizzare un\u2019 assistenza sanitaria pi\u00f9 efficace.\u00a0 Con questa nostra iniziativa desideriamo incamminarci fin da ora nella stessa direzione<\/span><\/p>\n<\/div>\n<div><\/div>\n<\/div>\n","protected":false},"excerpt":{"rendered":"<p>SANITA&#8217; GENZANO &#8211; STUDIO MEDICO VIRTUALE\u00a0 &nbsp; Siete entrati nello Studio Medico Virtuale dei dott. Felici Rita, Giunta Angelo, Iacoangeli Artemisio, Lunghi Francalisa, Romani Marcello, Spataro Teresa, Vartuli Lucia.Esso si affianca, completandolo, allo Studio Medico reale di Genzano di Roma, Via Italo Belardi 32. \u00a0 Scorrendo il Men\u00f9 alla vostra sinistra troverete utili informazioni in [&hellip;]<\/p>\n","protected":false},"author":542,"featured_media":0,"parent":0,"menu_order":-1,"comment_status":"closed","ping_status":"closed","template":"","meta":{"footnotes":""},"class_list":["post-2","page","type-page","status-publish","hentry"],"_links":{"self":[{"href":"https:\/\/docsites.cgmlife.com\/1415290665383\/wp-json\/wp\/v2\/pages\/2","targetHints":{"allow":["GET"]}}],"collection":[{"href":"https:\/\/docsites.cgmlife.com\/1415290665383\/wp-json\/wp\/v2\/pages"}],"about":[{"href":"https:\/\/docsites.cgmlife.com\/1415290665383\/wp-json\/wp\/v2\/types\/page"}],"author":[{"embeddable":true,"href":"https:\/\/docsites.cgmlife.com\/1415290665383\/wp-json\/wp\/v2\/users\/542"}],"replies":[{"embeddable":true,"href":"https:\/\/docsites.cgmlife.com\/1415290665383\/wp-json\/wp\/v2\/comments?post=2"}],"version-history":[{"count":13,"href":"https:\/\/docsites.cgmlife.com\/1415290665383\/wp-json\/wp\/v2\/pages\/2\/revisions"}],"predecessor-version":[{"id":133,"href":"https:\/\/docsites.cgmlife.com\/1415290665383\/wp-json\/wp\/v2\/pages\/2\/revisions\/133"}],"wp:attachment":[{"href":"https:\/\/docsites.cgmlife.com\/1415290665383\/wp-json\/wp\/v2\/media?parent=2"}],"curies":[{"name":"wp","href":"https:\/\/api.w.org\/{rel}","templated":true}]}}