{"id":6,"date":"2013-02-05T11:33:02","date_gmt":"2013-02-05T09:33:02","guid":{"rendered":"http:\/\/docsites.cgmlife.com\/medistar\/?page_id=6"},"modified":"2014-11-10T13:53:36","modified_gmt":"2014-11-10T11:53:36","slug":"ambulatorio","status":"publish","type":"page","link":"https:\/\/docsites.cgmlife.com\/1415619187383\/ambulatorio\/","title":{"rendered":"Studio medico"},"content":{"rendered":"<div id=\"id841\">\n<h1>Orario di ambulatorio<\/h1>\n<p>&nbsp;<\/p>\n<\/div>\n<div id=\"id3413\">\n<div>\n<table border=\"0\">\n<caption>Dott.ssa Felici Rita<\/caption>\n<thead>\n<tr>\n<th><\/th>\n<th>Mattina<\/th>\n<th>Pomeriggio<\/th>\n<\/tr>\n<\/thead>\n<tfoot>\n<tr>\n<td>Venerd\u00ec<\/td>\n<td><\/td>\n<td>\u00a016.00 &#8211; 19.00<\/td>\n<\/tr>\n<\/tfoot>\n<tbody>\n<tr>\n<td>Luned\u00ec<\/td>\n<td><\/td>\n<td>16.00 &#8211; 19.00<\/td>\n<\/tr>\n<tr>\n<td>Marted\u00ec<\/td>\n<td>09.00 -11.00<\/td>\n<td><\/td>\n<\/tr>\n<tr>\n<td>Mercoled\u00ec<\/td>\n<td><\/td>\n<td>\u00a015.00 &#8211; 18.00<\/td>\n<\/tr>\n<tr>\n<td>Gioved\u00ec<\/td>\n<td>09.00 &#8211; 11.00<\/td>\n<td><\/td>\n<\/tr>\n<\/tbody>\n<\/table>\n<\/div>\n<\/div>\n","protected":false},"excerpt":{"rendered":"<p>Orario di ambulatorio &nbsp; Dott.ssa Felici Rita Mattina Pomeriggio Venerd\u00ec \u00a016.00 &#8211; 19.00 Luned\u00ec 16.00 &#8211; 19.00 Marted\u00ec 09.00 -11.00 Mercoled\u00ec \u00a015.00 &#8211; 18.00 Gioved\u00ec 09.00 &#8211; 11.00<\/p>\n","protected":false},"author":545,"featured_media":0,"parent":0,"menu_order":0,"comment_status":"closed","ping_status":"closed","template":"","meta":{"footnotes":""},"class_list":["post-6","page","type-page","status-publish","hentry"],"_links":{"self":[{"href":"https:\/\/docsites.cgmlife.com\/1415619187383\/wp-json\/wp\/v2\/pages\/6","targetHints":{"allow":["GET"]}}],"collection":[{"href":"https:\/\/docsites.cgmlife.com\/1415619187383\/wp-json\/wp\/v2\/pages"}],"about":[{"href":"https:\/\/docsites.cgmlife.com\/1415619187383\/wp-json\/wp\/v2\/types\/page"}],"author":[{"embeddable":true,"href":"https:\/\/docsites.cgmlife.com\/1415619187383\/wp-json\/wp\/v2\/users\/545"}],"replies":[{"embeddable":true,"href":"https:\/\/docsites.cgmlife.com\/1415619187383\/wp-json\/wp\/v2\/comments?post=6"}],"version-history":[{"count":2,"href":"https:\/\/docsites.cgmlife.com\/1415619187383\/wp-json\/wp\/v2\/pages\/6\/revisions"}],"predecessor-version":[{"id":146,"href":"https:\/\/docsites.cgmlife.com\/1415619187383\/wp-json\/wp\/v2\/pages\/6\/revisions\/146"}],"wp:attachment":[{"href":"https:\/\/docsites.cgmlife.com\/1415619187383\/wp-json\/wp\/v2\/media?parent=6"}],"curies":[{"name":"wp","href":"https:\/\/api.w.org\/{rel}","templated":true}]}}