{"id":2,"date":"2013-02-05T09:30:54","date_gmt":"2013-02-05T07:30:54","guid":{"rendered":"http:\/\/docsites.cgmlife.com\/medistar\/?page_id=2"},"modified":"2025-02-18T09:52:01","modified_gmt":"2025-02-18T07:52:01","slug":"beispiel-seite","status":"publish","type":"page","link":"https:\/\/docsites.cgmlife.com\/1417614192383\/","title":{"rendered":"Home"},"content":{"rendered":"\n<h1 class=\"wp-block-heading\"><em>Benvenuti nel sito dello Studio Medico di Medicina<\/em><\/h1>\n\n\n\n<h1 class=\"wp-block-heading\"><em>Generale, Ecografia Internistica ed Ecocolor Doppler<\/em><\/h1>\n\n\n\n<p>Benvenuti nel sito dello Studio Medico del dottor Massimo Di Rocco. Vi auguro una fruizione dei contenuti chiara ed istruttiva.<br>Navigando nel men\u00f9 principale \u00e8 possibile ottenere informazioni in merito alle attivit\u00e0 dello studio ed \u00a0ai servizi offerti.<br>Tutti i pazienti possono richiedere on line il rinnovo della ricetta per farmaci di classe A (concedibili dal SSN) e gi\u00e0 inseriti nel proprio programma terapeutico, dei farmaci di classe C (a pagamento) indicando il nome del farmaco nelle note (\u00e8 indispensabile avere il proprio account), oppure attraverso il ben collaudato sistema delle buste. Non \u00e8 possibile richiedere farmaci per patologie acute (p.e. antibiotici) senza aver personalmente consultato il medico.<br>Per i pazienti afferenti allo studio di Castel Madama, in considerazione del loro numero, \u00e8 richiesto l&#8217;appuntamento per la visita medica. Questa pu\u00f2 essere richiesta on line nella pagina dedicata, o all&#8217;indirizzo di posta elettronica: maxdirocco@tiscali.it, qualche giorno prima, o al n. telefonico 3296162587. Per gli appuntamenti per esami ecografici \u00e8 necessario, invece, il colloquio diretto con il medico.<\/p>\n","protected":false},"excerpt":{"rendered":"<p>Benvenuti nel sito dello Studio Medico di Medicina Generale, Ecografia Internistica ed Ecocolor Doppler Benvenuti nel sito dello Studio Medico del dottor Massimo Di Rocco. Vi auguro una fruizione dei contenuti chiara ed istruttiva.Navigando nel men\u00f9 principale \u00e8 possibile ottenere informazioni in merito alle attivit\u00e0 dello studio ed \u00a0ai servizi offerti.Tutti i pazienti possono richiedere [&hellip;]<\/p>\n","protected":false},"author":555,"featured_media":0,"parent":0,"menu_order":-1,"comment_status":"closed","ping_status":"closed","template":"","meta":{"footnotes":""},"class_list":["post-2","page","type-page","status-publish","hentry"],"_links":{"self":[{"href":"https:\/\/docsites.cgmlife.com\/1417614192383\/wp-json\/wp\/v2\/pages\/2","targetHints":{"allow":["GET"]}}],"collection":[{"href":"https:\/\/docsites.cgmlife.com\/1417614192383\/wp-json\/wp\/v2\/pages"}],"about":[{"href":"https:\/\/docsites.cgmlife.com\/1417614192383\/wp-json\/wp\/v2\/types\/page"}],"author":[{"embeddable":true,"href":"https:\/\/docsites.cgmlife.com\/1417614192383\/wp-json\/wp\/v2\/users\/555"}],"replies":[{"embeddable":true,"href":"https:\/\/docsites.cgmlife.com\/1417614192383\/wp-json\/wp\/v2\/comments?post=2"}],"version-history":[{"count":16,"href":"https:\/\/docsites.cgmlife.com\/1417614192383\/wp-json\/wp\/v2\/pages\/2\/revisions"}],"predecessor-version":[{"id":192,"href":"https:\/\/docsites.cgmlife.com\/1417614192383\/wp-json\/wp\/v2\/pages\/2\/revisions\/192"}],"wp:attachment":[{"href":"https:\/\/docsites.cgmlife.com\/1417614192383\/wp-json\/wp\/v2\/media?parent=2"}],"curies":[{"name":"wp","href":"https:\/\/api.w.org\/{rel}","templated":true}]}}