{"id":6,"date":"2013-02-05T11:33:02","date_gmt":"2013-02-05T09:33:02","guid":{"rendered":"http:\/\/docsites.cgmlife.com\/medistar\/?page_id=6"},"modified":"2025-02-18T10:01:45","modified_gmt":"2025-02-18T08:01:45","slug":"ambulatorio","status":"publish","type":"page","link":"https:\/\/docsites.cgmlife.com\/1417614192383\/ambulatorio\/","title":{"rendered":"Studio medico"},"content":{"rendered":"\n<h1 class=\"wp-block-heading\">Studio Medico di Medicina Generale<\/h1>\n\n\n\n<h2 class=\"wp-block-heading\">Orario di studio Roviano<\/h2>\n\n\n\n<figure class=\"wp-block-table\"><table class=\"has-fixed-layout\"><thead><tr><th><\/th><th>Mattina<\/th><th>Pomeriggio<\/th><\/tr><\/thead><tbody><tr><td>Luned\u00ec<\/td><td><\/td><td>16.00 &#8211; 19.00<\/td><\/tr><tr><td>Marted\u00ec<\/td><td>09.30 &#8211; 12.30<\/td><td><\/td><\/tr><tr><td>Mercoled\u00ec<\/td><td>09.00 &#8211; 12.30<\/td><td><\/td><\/tr><tr><td>Gioved\u00ec<\/td><td>09.30 &#8211; 12.30<\/td><td><\/td><\/tr><tr><td>Venerd\u00ec<\/td><td><\/td><td>15.30 &#8211; 18.30<\/td><\/tr><\/tbody><\/table><\/figure>\n\n\n\n<h2 class=\"wp-block-heading\">Orario di studio Castel Madama<\/h2>\n\n\n\n<figure class=\"wp-block-table\"><table class=\"has-fixed-layout\"><thead><tr><th><\/th><th>Mattina<\/th><th>Pomeriggio<\/th><\/tr><\/thead><tbody><tr><td>Luned\u00ec<\/td><td><\/td><td><\/td><\/tr><tr><td>Marted\u00ec<\/td><td><\/td><td><\/td><\/tr><tr><td>Mercoled\u00ec<\/td><td><\/td><td>16.00 &#8211; 19.00<\/td><\/tr><tr><td>Gioved\u00ec<\/td><td><\/td><td><\/td><\/tr><tr><td>Venerd\u00ec<\/td><td><\/td><td><\/td><\/tr><\/tbody><\/table><\/figure>\n\n\n\n<p>Si prega di richiedere le eventuali visite mediche domiciliari entro le ore 10.00, per riceverle nel corso della stessa giornata, al numeri telefonici:<\/p>\n\n\n\n<p>3296162587, \u00a0 \u00a00774903076.<\/p>\n\n\n\n<p>Il dottor Massimo Di Rocco \u00e8 raggiungibile inoltre al seguente indirizzo internet: maxdirocco@tiscali.it.<\/p>\n\n\n\n<p>Per i pazienti afferenti allo studio di Castel Madama, in considerazione del loro numero, \u00e8 richiesto l&#8217;appuntamento per la visita medica. Questa pu\u00f2 essere richiesta on line nella pagina dedicata, o all&#8217;indirizzo di posta elettronica: maxdirocco@tiscali.it, qualche giorno prima, o al n. telefonico 3296162587.<\/p>\n","protected":false},"excerpt":{"rendered":"<p>Studio Medico di Medicina Generale Orario di studio Roviano Mattina Pomeriggio Luned\u00ec 16.00 &#8211; 19.00 Marted\u00ec 09.30 &#8211; 12.30 Mercoled\u00ec 09.00 &#8211; 12.30 Gioved\u00ec 09.30 &#8211; 12.30 Venerd\u00ec 15.30 &#8211; 18.30 Orario di studio Castel Madama Mattina Pomeriggio Luned\u00ec Marted\u00ec Mercoled\u00ec 16.00 &#8211; 19.00 Gioved\u00ec Venerd\u00ec Si prega di richiedere le eventuali visite mediche domiciliari [&hellip;]<\/p>\n","protected":false},"author":555,"featured_media":0,"parent":0,"menu_order":0,"comment_status":"closed","ping_status":"closed","template":"","meta":{"footnotes":""},"class_list":["post-6","page","type-page","status-publish","hentry"],"_links":{"self":[{"href":"https:\/\/docsites.cgmlife.com\/1417614192383\/wp-json\/wp\/v2\/pages\/6","targetHints":{"allow":["GET"]}}],"collection":[{"href":"https:\/\/docsites.cgmlife.com\/1417614192383\/wp-json\/wp\/v2\/pages"}],"about":[{"href":"https:\/\/docsites.cgmlife.com\/1417614192383\/wp-json\/wp\/v2\/types\/page"}],"author":[{"embeddable":true,"href":"https:\/\/docsites.cgmlife.com\/1417614192383\/wp-json\/wp\/v2\/users\/555"}],"replies":[{"embeddable":true,"href":"https:\/\/docsites.cgmlife.com\/1417614192383\/wp-json\/wp\/v2\/comments?post=6"}],"version-history":[{"count":19,"href":"https:\/\/docsites.cgmlife.com\/1417614192383\/wp-json\/wp\/v2\/pages\/6\/revisions"}],"predecessor-version":[{"id":199,"href":"https:\/\/docsites.cgmlife.com\/1417614192383\/wp-json\/wp\/v2\/pages\/6\/revisions\/199"}],"wp:attachment":[{"href":"https:\/\/docsites.cgmlife.com\/1417614192383\/wp-json\/wp\/v2\/media?parent=6"}],"curies":[{"name":"wp","href":"https:\/\/api.w.org\/{rel}","templated":true}]}}