{"id":2,"date":"2013-02-05T09:30:54","date_gmt":"2013-02-05T07:30:54","guid":{"rendered":"http:\/\/docsites.cgmlife.com\/medistar\/?page_id=2"},"modified":"2025-11-27T15:57:16","modified_gmt":"2025-11-27T13:57:16","slug":"beispiel-seite","status":"publish","type":"page","link":"https:\/\/docsites.cgmlife.com\/141828542543\/","title":{"rendered":"Start"},"content":{"rendered":"\n<p><\/p>\n\n\n\n<p><\/p>\n\n\n\n<p><\/p>\n\n\n\n<div class=\"wp-block-group is-nowrap is-layout-flex wp-container-core-group-is-layout-ad2f72ca wp-block-group-is-layout-flex\">\n<p class=\"has-text-align-center\"><\/p>\n<\/div>\n\n\n<div class=\"wp-block-image\">\n<figure class=\"aligncenter size-large is-resized\"><a href=\"https:\/\/docsites.cgmlife.com\/141828542543\/wp-content\/uploads\/sites\/521\/2024\/10\/IMG_1338.jpeg\"><img loading=\"lazy\" decoding=\"async\" width=\"721\" height=\"1024\" src=\"https:\/\/docsites.cgmlife.com\/141828542543\/wp-content\/uploads\/sites\/521\/2024\/10\/IMG_1338-721x1024.jpeg\" alt=\"\" class=\"wp-image-441\" style=\"width:400px;height:undefinedpx\" srcset=\"https:\/\/docsites.cgmlife.com\/141828542543\/wp-content\/uploads\/sites\/521\/2024\/10\/IMG_1338-721x1024.jpeg 721w, https:\/\/docsites.cgmlife.com\/141828542543\/wp-content\/uploads\/sites\/521\/2024\/10\/IMG_1338-211x300.jpeg 211w, https:\/\/docsites.cgmlife.com\/141828542543\/wp-content\/uploads\/sites\/521\/2024\/10\/IMG_1338-1082x1536.jpeg 1082w, https:\/\/docsites.cgmlife.com\/141828542543\/wp-content\/uploads\/sites\/521\/2024\/10\/IMG_1338.jpeg 1290w\" sizes=\"auto, (max-width: 721px) 100vw, 721px\" \/><\/a><\/figure>\n<\/div>\n\n\n<p><\/p>\n\n\n\n<h1 class=\"wp-block-heading has-text-align-center\"><mark class=\"has-inline-color has-vivid-cyan-blue-color\">Willkommen&#8230;<\/mark><\/h1>\n\n\n\n<p class=\"has-text-align-left\">auf der Internetseite von Dr. med. Hans Winkler in Mosbach. Wir w\u00fcnschen Ihnen einen \u00fcbersichtlichen und informativen Aufenthalt. \u00dcber die Hauptmen\u00fc-Punkte k\u00f6nnen Sie Informationen \u00fcber unsere M\u00f6glichkeiten, unsere Praxis, das Team, Services und nat\u00fcrlich die Lage der Praxis abrufen. Sie k\u00f6nnen auch u. a. einen <a href=\"https:\/\/docsites.cgmlife.com\/141828542543\/online-dienste\/\">online-Termin<\/a> buchen.<\/p>\n\n\n\n<p class=\"has-text-align-left\"><\/p>\n\n\n\n<p><strong><mark style=\"background-color:#ffffff\" class=\"has-inline-color has-vivid-cyan-blue-color\">Telefonisch erreichen Sie uns w\u00e4hrend der Praxis-\u00d6ffnungszeiten, wie folgt:<\/mark><\/strong><\/p>\n\n\n\n<p>Tel. 0 62 61 &#8211; 93 63 300<\/p>\n\n\n\n<p>Fax: 0 62 61 &#8211; 93 63 301<\/p>\n\n\n\n<p><\/p>\n","protected":false},"excerpt":{"rendered":"<p>Willkommen&#8230; auf der Internetseite von Dr. med. Hans Winkler in Mosbach. Wir w\u00fcnschen Ihnen einen \u00fcbersichtlichen und informativen Aufenthalt. \u00dcber die Hauptmen\u00fc-Punkte k\u00f6nnen Sie Informationen \u00fcber unsere M\u00f6glichkeiten, unsere Praxis, das Team, Services und nat\u00fcrlich die Lage der Praxis abrufen. Sie k\u00f6nnen auch u. a. einen online-Termin buchen. Telefonisch erreichen Sie uns w\u00e4hrend der Praxis-\u00d6ffnungszeiten, [&hellip;]<\/p>\n","protected":false},"author":557,"featured_media":0,"parent":0,"menu_order":-1,"comment_status":"closed","ping_status":"closed","template":"","meta":{"footnotes":""},"class_list":["post-2","page","type-page","status-publish","hentry"],"_links":{"self":[{"href":"https:\/\/docsites.cgmlife.com\/141828542543\/wp-json\/wp\/v2\/pages\/2","targetHints":{"allow":["GET"]}}],"collection":[{"href":"https:\/\/docsites.cgmlife.com\/141828542543\/wp-json\/wp\/v2\/pages"}],"about":[{"href":"https:\/\/docsites.cgmlife.com\/141828542543\/wp-json\/wp\/v2\/types\/page"}],"author":[{"embeddable":true,"href":"https:\/\/docsites.cgmlife.com\/141828542543\/wp-json\/wp\/v2\/users\/557"}],"replies":[{"embeddable":true,"href":"https:\/\/docsites.cgmlife.com\/141828542543\/wp-json\/wp\/v2\/comments?post=2"}],"version-history":[{"count":55,"href":"https:\/\/docsites.cgmlife.com\/141828542543\/wp-json\/wp\/v2\/pages\/2\/revisions"}],"predecessor-version":[{"id":515,"href":"https:\/\/docsites.cgmlife.com\/141828542543\/wp-json\/wp\/v2\/pages\/2\/revisions\/515"}],"wp:attachment":[{"href":"https:\/\/docsites.cgmlife.com\/141828542543\/wp-json\/wp\/v2\/media?parent=2"}],"curies":[{"name":"wp","href":"https:\/\/api.w.org\/{rel}","templated":true}]}}