{"id":6,"date":"2013-02-05T11:33:02","date_gmt":"2013-02-05T09:33:02","guid":{"rendered":"http:\/\/docsites.cgmlife.com\/medistar\/?page_id=6"},"modified":"2024-10-10T08:17:43","modified_gmt":"2024-10-10T06:17:43","slug":"praxis","status":"publish","type":"page","link":"https:\/\/docsites.cgmlife.com\/141828542543\/praxis\/","title":{"rendered":"Praxis"},"content":{"rendered":"\n<p>Wir f\u00fchren neben den \u00fcblichen Behandlungen und Therapien folgende Ma\u00dfnahmen durch:<\/p>\n\n\n\n<ul class=\"wp-block-list\">\n<li>Sto\u00dfwellentherapie, fokussiert und radial<\/li>\n\n\n\n<li>Hochenergie-Induktionstherapie<\/li>\n\n\n\n<li>Infusionstherapie<\/li>\n\n\n\n<li>Akupunktur<\/li>\n\n\n\n<li>Hyalurons\u00e4ure-Injektionen<\/li>\n\n\n\n<li>Kinesio-Tape<\/li>\n<\/ul>\n\n\n\n<figure class=\"wp-block-image size-large is-resized\"><a href=\"https:\/\/docsites.cgmlife.com\/141828542543\/wp-content\/uploads\/sites\/521\/2024\/10\/IMG_1340.jpeg\"><img loading=\"lazy\" decoding=\"async\" width=\"610\" height=\"1024\" src=\"https:\/\/docsites.cgmlife.com\/141828542543\/wp-content\/uploads\/sites\/521\/2024\/10\/IMG_1340-610x1024.jpeg\" alt=\"\" class=\"wp-image-442\" style=\"width:400px;height:undefinedpx\" srcset=\"https:\/\/docsites.cgmlife.com\/141828542543\/wp-content\/uploads\/sites\/521\/2024\/10\/IMG_1340-610x1024.jpeg 610w, https:\/\/docsites.cgmlife.com\/141828542543\/wp-content\/uploads\/sites\/521\/2024\/10\/IMG_1340-179x300.jpeg 179w, https:\/\/docsites.cgmlife.com\/141828542543\/wp-content\/uploads\/sites\/521\/2024\/10\/IMG_1340-915x1536.jpeg 915w, https:\/\/docsites.cgmlife.com\/141828542543\/wp-content\/uploads\/sites\/521\/2024\/10\/IMG_1340-1220x2048.jpeg 1220w, https:\/\/docsites.cgmlife.com\/141828542543\/wp-content\/uploads\/sites\/521\/2024\/10\/IMG_1340.jpeg 1290w\" sizes=\"auto, (max-width: 610px) 100vw, 610px\" \/><\/a><\/figure>\n\n\n\n<h2 class=\"wp-block-heading\">Unsere \u00d6ffnungszeiten<\/h2>\n\n\n\n<figure class=\"wp-block-table\"><table><thead><tr><th>Tag<\/th><th>Vormittag<\/th><th>Nachmittag<\/th><\/tr><\/thead><tbody><tr><td>Montag<\/td><td>08:00 &#8211; 13:00 Uhr<\/td><td><\/td><\/tr><tr><td>Dienstag<\/td><td>08:00 &#8211; 12:00 Uhr<\/td><td>13:00 &#8211; 18:00 Uhr<\/td><\/tr><tr><td>Mittwoch<\/td><td>08:00 &#8211; 13:00 Uhr<\/td><td><\/td><\/tr><tr><td>Donnerstag<\/td><td>08:00 &#8211; 12:00 Uhr<\/td><td>13:00 &#8211; 18:00 Uhr<\/td><\/tr><tr><td>Freitag<\/td><td>08:00 &#8211; 14:00 Uhr<\/td><td><\/td><\/tr><\/tbody><\/table><\/figure>\n\n\n\n<p id=\"id3537\">Termine &nbsp;nach Vereinbarung. Die \u00d6ffnungszeiten weichen von den Sprechzeiten ab.<\/p>\n\n\n\n<p>Telefon: 06261-9363300<br>Fax: 06261-9363301<br>E-Mail: dr.winkler@mail.de<\/p>\n\n\n\n<p><strong>Wir behandeln Patienten aller Kassen!<\/strong><\/p>\n\n\n\n<p><strong><a href=\"https:\/\/www.facebook.com\/pages\/Praxis-Dr-med-Hans-Winkler\/730564407038519\" target=\"_blank\" rel=\"noreferrer noopener\">Facebook&nbsp;<\/a><\/strong><\/p>\n","protected":false},"excerpt":{"rendered":"<p>Wir f\u00fchren neben den \u00fcblichen Behandlungen und Therapien folgende Ma\u00dfnahmen durch: Unsere \u00d6ffnungszeiten Tag Vormittag Nachmittag Montag 08:00 &#8211; 13:00 Uhr Dienstag 08:00 &#8211; 12:00 Uhr 13:00 &#8211; 18:00 Uhr Mittwoch 08:00 &#8211; 13:00 Uhr Donnerstag 08:00 &#8211; 12:00 Uhr 13:00 &#8211; 18:00 Uhr Freitag 08:00 &#8211; 14:00 Uhr Termine &nbsp;nach Vereinbarung. Die \u00d6ffnungszeiten weichen [&hellip;]<\/p>\n","protected":false},"author":557,"featured_media":0,"parent":0,"menu_order":0,"comment_status":"closed","ping_status":"closed","template":"","meta":{"footnotes":""},"class_list":["post-6","page","type-page","status-publish","hentry"],"_links":{"self":[{"href":"https:\/\/docsites.cgmlife.com\/141828542543\/wp-json\/wp\/v2\/pages\/6","targetHints":{"allow":["GET"]}}],"collection":[{"href":"https:\/\/docsites.cgmlife.com\/141828542543\/wp-json\/wp\/v2\/pages"}],"about":[{"href":"https:\/\/docsites.cgmlife.com\/141828542543\/wp-json\/wp\/v2\/types\/page"}],"author":[{"embeddable":true,"href":"https:\/\/docsites.cgmlife.com\/141828542543\/wp-json\/wp\/v2\/users\/557"}],"replies":[{"embeddable":true,"href":"https:\/\/docsites.cgmlife.com\/141828542543\/wp-json\/wp\/v2\/comments?post=6"}],"version-history":[{"count":39,"href":"https:\/\/docsites.cgmlife.com\/141828542543\/wp-json\/wp\/v2\/pages\/6\/revisions"}],"predecessor-version":[{"id":463,"href":"https:\/\/docsites.cgmlife.com\/141828542543\/wp-json\/wp\/v2\/pages\/6\/revisions\/463"}],"wp:attachment":[{"href":"https:\/\/docsites.cgmlife.com\/141828542543\/wp-json\/wp\/v2\/media?parent=6"}],"curies":[{"name":"wp","href":"https:\/\/api.w.org\/{rel}","templated":true}]}}