{"id":10,"date":"2013-02-05T11:37:41","date_gmt":"2013-02-05T09:37:41","guid":{"rendered":"http:\/\/docsites.cgmlife.com\/medistar\/?page_id=10"},"modified":"2023-10-23T11:38:28","modified_gmt":"2023-10-23T10:38:28","slug":"impressum","status":"publish","type":"page","link":"https:\/\/docsites.cgmlife.com\/142381623143\/impressum\/","title":{"rendered":"Impressum"},"content":{"rendered":"\n<h2 class=\"wp-block-heading\"><strong>Impressum<\/strong><\/h2>\n\n\n\n<p>Dr. med. Silke Bongartz<br>Fach\u00e4rztin f\u00fcr Kinder- und Jugendmedizin<br>von-Bodelschwingh-Str. 1<br>49828 Neuenhaus<\/p>\n\n\n\n<p>Telefon: 05941 \/ 95533<br>Telefax: 05941 \/ 95534<br>Email: info@kinderarzt-neuenhaus.de<\/p>\n\n\n\n<h3 class=\"wp-block-heading\">Berufsspezifische Angaben:<\/h3>\n\n\n\n<ul class=\"wp-block-list\">\n<li>Die Berufsbezeichnung Arzt wurde in Deutschland verliehen.<\/li>\n\n\n\n<li>Zust\u00e4ndige \u00c4rztekammer: \u00c4rztekammer Niedersachsen<\/li>\n\n\n\n<li>Zust\u00e4ndige Kassen\u00e4rztliche Vereinigung: KV Niedersachsen<\/li>\n<\/ul>\n\n\n\n<p>Es gelten folgende berufsrechtliche Regelungen:<\/p>\n\n\n\n<ul class=\"wp-block-list\">\n<li>Berufsordnung der \u00c4rztekammer Niedersachsen<\/li>\n\n\n\n<li>Kammergesetz f\u00fcr die Heilberufe<\/li>\n<\/ul>\n\n\n\n<p>Diese Regelungen sind einsehbar unter: <a href=\"http:\/\/www.aekn.de\/\">www.aekn.de<\/a><\/p>\n\n\n\n<p>Die Berufsordnung der \u00c4rztekammer Niedersachsen untersagt die individuelle Beratung von Patienten, die der \u00c4rztin nicht pers\u00f6nlich bekannt sind. Wenn Sie eine Beratung w\u00fcnschen, empfehlen wir Ihnen, einen Termin zu vereinbaren und unsere Sprechstunde aufzusuchen.<\/p>\n\n\n\n<h3 class=\"wp-block-heading\">Verantwortlich f\u00fcr den Inhalt:<\/h3>\n\n\n\n<p>Dr. med. Silke Bongartz<\/p>\n\n\n\n<h3 class=\"wp-block-heading\">Bildrechte:<\/h3>\n\n\n\n<p>iStockPhoto<\/p>\n\n\n\n<h2 class=\"wp-block-heading\">Disclaimer &#8211; rechtliche Hinweise<\/h2>\n\n\n\n<h4 class=\"wp-block-heading\">\u00a7 1 Haftungsbeschr\u00e4nkung<\/h4>\n\n\n\n<p>Die Inhalte dieser Website wurden mit gr\u00f6\u00dftm\u00f6glicher Sorgfalt erstellt. Der Anbieter \u00fcbernimmt jedoch keine Gew\u00e4hr f\u00fcr die Richtigkeit, Vollst\u00e4ndigkeit und Aktualit\u00e4t der bereitgestellten Inhalte. Die Nutzung der Inhalte der Website erfolgt auf eigene Gefahr des Nutzers. Namentlich gekennzeichnete Beitr\u00e4ge geben die Meinung des jeweiligen Autors und nicht immer die Meinung des Anbieters wieder. Mit der reinen Nutzung der Website des Anbieters kommt keinerlei Vertragsverh\u00e4ltnis zwischen dem Nutzer und dem Anbieter zustande.<\/p>\n\n\n\n<h4 class=\"wp-block-heading\">\u00a7 2 Externe Links<\/h4>\n\n\n\n<p>Diese Website enth\u00e4lt Verkn\u00fcpfungen zu Websites Dritter (&#8222;externe Links&#8220;). Diese Websites unterliegen der Haftung der jeweiligen Betreiber. Der Anbieter hat bei der erstmaligen Verkn\u00fcpfung der externen Links die fremden Inhalte daraufhin \u00fcberpr\u00fcft, ob etwaige Rechtsverst\u00f6\u00dfe bestehen. Zu dem Zeitpunkt waren keine Rechtsverst\u00f6\u00dfe ersichtlich. Der Anbieter hat keinerlei Einfluss auf die aktuelle und zuk\u00fcnftige Gestaltung und auf die Inhalte der verkn\u00fcpften Seiten. Das Setzen von externen Links bedeutet nicht, dass sich der Anbieter die hinter dem Verweis oder Link liegenden Inhalte zu Eigen macht. Eine st\u00e4ndige Kontrolle der externen Links ist f\u00fcr den Anbieter ohne konkrete Hinweise auf Rechtsverst\u00f6\u00dfe nicht zumutbar. Bei Kenntnis von Rechtsverst\u00f6\u00dfen werden jedoch derartige externe Links unverz\u00fcglich gel\u00f6scht.<\/p>\n\n\n\n<h4 class=\"wp-block-heading\">\u00a7 3 Urheber- und Leistungsschutzrechte<\/h4>\n\n\n\n<p>Die auf dieser Website ver\u00f6ffentlichten Inhalte unterliegen dem deutschen Urheber- und Leistungsschutzrecht. Jede vom deutschen Urheber- und Leistungsschutzrecht nicht zugelassene Verwertung bedarf der vorherigen schriftlichen Zustimmung des Anbieters oder jeweiligen Rechteinhabers. Dies gilt insbesondere f\u00fcr die Vervielf\u00e4ltigung, Bearbeitung, \u00dcbersetzung, Einspeicherung, Verarbeitung bzw. Wiedergabe von Inhalten in Datenbanken oder anderen elektronischen Medien und Systemen. Inhalte und Rechter Dritter sind dabei als solche gekennzeichnet. Die unerlaubte Vervielf\u00e4ltigung oder Weitergabe einzelner Inhalte oder kompletter Seiten ist nicht gestattet und strafbar. Lediglich die Herstellung von Kopien und Downloads f\u00fcr den pers\u00f6nlichen, privaten und nicht kommerziellen Gebrauch ist gestattet.<\/p>\n\n\n\n<p>Die Darstellung dieser Website in fremden Frames ist nur mit schriftlicher Erlaubnis zul\u00e4ssig.<\/p>\n\n\n\n<h4 class=\"wp-block-heading\">\u00a7 4 Besondere Nutzungsbedingungen<\/h4>\n\n\n\n<p>Soweit besondere Bedingungen f\u00fcr einzelne Nutzungen dieser Website von den vorgenannten Paragraphen abweichen, wird an entsprechender Stelle ausdr\u00fccklich darauf hingewiesen. In diesem Falle gelten im jeweiligen Einzelfall die besonderen Nutzungsbedingungen.<\/p>\n\n\n\n<p>Quelle:<\/p>\n\n\n\n<p>Impressum-Vorlage von <a href=\"http:\/\/www.juraforum.de\">www.juraforum.de<\/a><\/p>\n","protected":false},"excerpt":{"rendered":"<p>Impressum Dr. med. Silke BongartzFach\u00e4rztin f\u00fcr Kinder- und Jugendmedizinvon-Bodelschwingh-Str. 149828 Neuenhaus Telefon: 05941 \/ 95533Telefax: 05941 \/ 95534Email: info@kinderarzt-neuenhaus.de Berufsspezifische Angaben: Es gelten folgende berufsrechtliche Regelungen: Diese Regelungen sind einsehbar unter: www.aekn.de Die Berufsordnung der \u00c4rztekammer Niedersachsen untersagt die individuelle Beratung von Patienten, die der \u00c4rztin nicht pers\u00f6nlich bekannt sind. Wenn Sie eine Beratung w\u00fcnschen, [&hellip;]<\/p>\n","protected":false},"author":568,"featured_media":0,"parent":0,"menu_order":1000,"comment_status":"closed","ping_status":"closed","template":"","meta":{"footnotes":""},"class_list":["post-10","page","type-page","status-publish","hentry"],"_links":{"self":[{"href":"https:\/\/docsites.cgmlife.com\/142381623143\/wp-json\/wp\/v2\/pages\/10","targetHints":{"allow":["GET"]}}],"collection":[{"href":"https:\/\/docsites.cgmlife.com\/142381623143\/wp-json\/wp\/v2\/pages"}],"about":[{"href":"https:\/\/docsites.cgmlife.com\/142381623143\/wp-json\/wp\/v2\/types\/page"}],"author":[{"embeddable":true,"href":"https:\/\/docsites.cgmlife.com\/142381623143\/wp-json\/wp\/v2\/users\/568"}],"replies":[{"embeddable":true,"href":"https:\/\/docsites.cgmlife.com\/142381623143\/wp-json\/wp\/v2\/comments?post=10"}],"version-history":[{"count":12,"href":"https:\/\/docsites.cgmlife.com\/142381623143\/wp-json\/wp\/v2\/pages\/10\/revisions"}],"predecessor-version":[{"id":456,"href":"https:\/\/docsites.cgmlife.com\/142381623143\/wp-json\/wp\/v2\/pages\/10\/revisions\/456"}],"wp:attachment":[{"href":"https:\/\/docsites.cgmlife.com\/142381623143\/wp-json\/wp\/v2\/media?parent=10"}],"curies":[{"name":"wp","href":"https:\/\/api.w.org\/{rel}","templated":true}]}}