{"id":172,"date":"2015-02-24T11:52:37","date_gmt":"2015-02-24T09:52:37","guid":{"rendered":"http:\/\/docsites.cgmlife.com\/142381623143\/?page_id=172"},"modified":"2015-02-28T22:45:41","modified_gmt":"2015-02-28T20:45:41","slug":"auserhalb-der-sprechstundenzeiten","status":"publish","type":"page","link":"https:\/\/docsites.cgmlife.com\/142381623143\/praxis-2\/auserhalb-der-sprechstundenzeiten\/","title":{"rendered":"Au\u00dferhalb der Sprechstundenzeiten"},"content":{"rendered":"<p>Au\u00dferhalb unserer Sprechstundenzeiten erfahren Sie \u00fcber unseren Anrufbeantworter, wie Sie uns in Notf\u00e4llen erreichen k\u00f6nnen oder wo Sie sonst Hilfe bekommen k\u00f6nnen. Bitte h\u00f6ren Sie die Ansage bis zum Ende ab.<\/p>\n<p>Der Bereitschaftsdienst der niedergelassenen \u00c4rzte ist \u00fcber die Telefonnummer 116 117 erreichbar.<\/p>\n<p>Au\u00dferhalb der \u00fcblichen Sprechstundenzeiten ist eine Bereitschaftssprechstunde der niedergelassenen \u00c4rzte in der Grafschaft Bentheim in der EUREGIO-KLINIK (Albert-Schweitzer-Stra\u00dfe 10, Nordhorn) eingerichtet. Diese ist zu folgenden Zeiten besetzt:<\/p>\n<table style=\"width: 334px;height: 75px\" border=\"0\">\n<tbody>\n<tr>\n<td>Montag, Dienstag, Donnerstag:<\/td>\n<td>19:00 bis 22:00 Uhr<\/td>\n<\/tr>\n<tr>\n<td>Mittwoch, Freitag:<\/td>\n<td>16:00 bis 22:00 Uhr<\/td>\n<\/tr>\n<tr>\n<td>Samstag, Sonntag und<br \/>\nan Feiertagen:<\/td>\n<td>09:00 bis 22:00 Uhr<\/td>\n<\/tr>\n<\/tbody>\n<\/table>\n<p>&nbsp;<\/p>\n<p>Bei lebensbedrohlichen Notf\u00e4llen alarmieren Sie bitte \u00fcber die Telefonnummer 112 den Rettungsdienst.<\/p>\n","protected":false},"excerpt":{"rendered":"<p>Au\u00dferhalb unserer Sprechstundenzeiten erfahren Sie \u00fcber unseren Anrufbeantworter, wie Sie uns in Notf\u00e4llen erreichen k\u00f6nnen oder wo Sie sonst Hilfe bekommen k\u00f6nnen. Bitte h\u00f6ren Sie die Ansage bis zum Ende ab. Der Bereitschaftsdienst der niedergelassenen \u00c4rzte ist \u00fcber die Telefonnummer 116 117 erreichbar. Au\u00dferhalb der \u00fcblichen Sprechstundenzeiten ist eine Bereitschaftssprechstunde der niedergelassenen \u00c4rzte in der [&hellip;]<\/p>\n","protected":false},"author":568,"featured_media":0,"parent":182,"menu_order":115,"comment_status":"closed","ping_status":"closed","template":"","meta":{"footnotes":""},"class_list":["post-172","page","type-page","status-publish","hentry"],"_links":{"self":[{"href":"https:\/\/docsites.cgmlife.com\/142381623143\/wp-json\/wp\/v2\/pages\/172","targetHints":{"allow":["GET"]}}],"collection":[{"href":"https:\/\/docsites.cgmlife.com\/142381623143\/wp-json\/wp\/v2\/pages"}],"about":[{"href":"https:\/\/docsites.cgmlife.com\/142381623143\/wp-json\/wp\/v2\/types\/page"}],"author":[{"embeddable":true,"href":"https:\/\/docsites.cgmlife.com\/142381623143\/wp-json\/wp\/v2\/users\/568"}],"replies":[{"embeddable":true,"href":"https:\/\/docsites.cgmlife.com\/142381623143\/wp-json\/wp\/v2\/comments?post=172"}],"version-history":[{"count":9,"href":"https:\/\/docsites.cgmlife.com\/142381623143\/wp-json\/wp\/v2\/pages\/172\/revisions"}],"predecessor-version":[{"id":206,"href":"https:\/\/docsites.cgmlife.com\/142381623143\/wp-json\/wp\/v2\/pages\/172\/revisions\/206"}],"up":[{"embeddable":true,"href":"https:\/\/docsites.cgmlife.com\/142381623143\/wp-json\/wp\/v2\/pages\/182"}],"wp:attachment":[{"href":"https:\/\/docsites.cgmlife.com\/142381623143\/wp-json\/wp\/v2\/media?parent=172"}],"curies":[{"name":"wp","href":"https:\/\/api.w.org\/{rel}","templated":true}]}}