{"id":199,"date":"2015-02-28T18:30:29","date_gmt":"2015-02-28T16:30:29","guid":{"rendered":"http:\/\/docsites.cgmlife.com\/142381623143\/?page_id=199"},"modified":"2015-02-28T22:44:48","modified_gmt":"2015-02-28T20:44:48","slug":"links","status":"publish","type":"page","link":"https:\/\/docsites.cgmlife.com\/142381623143\/links\/","title":{"rendered":"Links"},"content":{"rendered":"<h1>Links<\/h1>\n<p>Die nachfolgenden Links bieten Ihnen n\u00fctzliche weitere Informationen:<\/p>\n<p>&nbsp;<\/p>\n<p><a href=\"http:\/\/www.kindergesundheit-info.de\">www.kindergesundheit-info.de<\/a><\/p>\n<p>Die von der Bundeszentrale f\u00fcr gesundheitliche Aufkl\u00e4rung betriebene Internet-Seite bietet vielf\u00e4ltige Informationen, unter anderem zu den Themen Schlafen, Ern\u00e4hrung, Unfallvermeidung und Kinderkrankheiten.<\/p>\n<p>&nbsp;<\/p>\n<p><a href=\"http:\/\/www.kinderaerzte-im-netz.de\">www.kinderaerzte-im-netz.de<\/a><\/p>\n<p>Auf der Elternseite des Berufsverbands der Kinder- und Jugend\u00e4rzte finden Sie neben aktuellen Themen insbesondere Informationen zu den Themen Kinderkrankheiten, Vorsorgeuntersuchungen, Impfen und Erste Hilfe.<\/p>\n<p>&nbsp;<\/p>\n<p><a href=\"http:\/\/www.aerztenetz-grafschaft.de\">www.aerztenetz-grafschaft.de<\/a><\/p>\n<p>Auf der Internetseite des Grafschafter \u00c4rztenetzes finden Sie Informationen zu Beratungsstellen und Selbsthilfegruppen vor Ort sowie zur Notdiensten.<\/p>\n<p>&nbsp;<\/p>\n<p>&nbsp;<\/p>\n","protected":false},"excerpt":{"rendered":"<p>Links Die nachfolgenden Links bieten Ihnen n\u00fctzliche weitere Informationen: &nbsp; www.kindergesundheit-info.de Die von der Bundeszentrale f\u00fcr gesundheitliche Aufkl\u00e4rung betriebene Internet-Seite bietet vielf\u00e4ltige Informationen, unter anderem zu den Themen Schlafen, Ern\u00e4hrung, Unfallvermeidung und Kinderkrankheiten. &nbsp; www.kinderaerzte-im-netz.de Auf der Elternseite des Berufsverbands der Kinder- und Jugend\u00e4rzte finden Sie neben aktuellen Themen insbesondere Informationen zu den Themen Kinderkrankheiten, [&hellip;]<\/p>\n","protected":false},"author":568,"featured_media":0,"parent":0,"menu_order":900,"comment_status":"closed","ping_status":"closed","template":"","meta":{"footnotes":""},"class_list":["post-199","page","type-page","status-publish","hentry"],"_links":{"self":[{"href":"https:\/\/docsites.cgmlife.com\/142381623143\/wp-json\/wp\/v2\/pages\/199","targetHints":{"allow":["GET"]}}],"collection":[{"href":"https:\/\/docsites.cgmlife.com\/142381623143\/wp-json\/wp\/v2\/pages"}],"about":[{"href":"https:\/\/docsites.cgmlife.com\/142381623143\/wp-json\/wp\/v2\/types\/page"}],"author":[{"embeddable":true,"href":"https:\/\/docsites.cgmlife.com\/142381623143\/wp-json\/wp\/v2\/users\/568"}],"replies":[{"embeddable":true,"href":"https:\/\/docsites.cgmlife.com\/142381623143\/wp-json\/wp\/v2\/comments?post=199"}],"version-history":[{"count":6,"href":"https:\/\/docsites.cgmlife.com\/142381623143\/wp-json\/wp\/v2\/pages\/199\/revisions"}],"predecessor-version":[{"id":203,"href":"https:\/\/docsites.cgmlife.com\/142381623143\/wp-json\/wp\/v2\/pages\/199\/revisions\/203"}],"wp:attachment":[{"href":"https:\/\/docsites.cgmlife.com\/142381623143\/wp-json\/wp\/v2\/media?parent=199"}],"curies":[{"name":"wp","href":"https:\/\/api.w.org\/{rel}","templated":true}]}}