{"id":2,"date":"2013-02-05T09:30:54","date_gmt":"2013-02-05T07:30:54","guid":{"rendered":"http:\/\/docsites.cgmlife.com\/medistar\/?page_id=2"},"modified":"2023-09-12T09:54:00","modified_gmt":"2023-09-12T08:54:00","slug":"beispiel-seite","status":"publish","type":"page","link":"https:\/\/docsites.cgmlife.com\/142381623143\/","title":{"rendered":"Start"},"content":{"rendered":"\n<h1 class=\"wp-block-heading\">Herzlich Willkommen in unserer virtuellen Praxis.<\/h1>\n\n\n\n<p>Willkommen auf der Internetseite der Kinderarztpraxis Dr. Silke Bongartz in Neuenhaus. Wir w\u00fcnschen Ihnen einen \u00fcbersichtlichen und informativen Aufenthalt. \u00dcber die Hauptmen\u00fc-Punkte k\u00f6nnen Sie Informationen \u00fcber unsere&nbsp; Praxis, das Leistungsspektrum, die Sprechstundenzeiten und nat\u00fcrlich die Lage der Praxis abrufen. \u00dcber die Online-Dienste ist nach einer Registrierung bei unserem Partner CGM die Buchung von Terminen und die Anforderung von Folgerezepten m\u00f6glich.<\/p>\n\n\n\n<h2 class=\"wp-block-heading\">Sprechzeiten<\/h2>\n\n\n\n<figure class=\"wp-block-table\"><table><thead><tr><th><\/th><th>Vormittag<\/th><th>Nachmittag<\/th><\/tr><\/thead><tbody><tr><td>Montag<\/td><td>08:30 &#8211; 12:30 Uhr<\/td><td>15:00 &#8211; 17:00 Uhr<\/td><\/tr><tr><td>Dienstag<\/td><td>08:30 &#8211; 12:30 Uhr<\/td><td><\/td><\/tr><tr><td>Mittwoch<\/td><td>08:30 &#8211; 12:30 Uhr<\/td><td><\/td><\/tr><tr><td>Donnerstag<\/td><td>08:30 &#8211; 12:30 Uhr<\/td><td>15:00 &#8211; 17:00 Uhr<\/td><\/tr><tr><td>Freitag<\/td><td>08:30 &#8211; 12:30 Uhr<\/td><td><\/td><\/tr><\/tbody><\/table><\/figure>\n\n\n\n<p>sowie\u00a0nach Vereinbarung.<\/p>\n\n\n\n<h2 class=\"wp-block-heading\">Anschrift<\/h2>\n\n\n\n<p>von-Bodelschwingh-Str. 1<br>49828 Neuenhaus<\/p>\n\n\n\n<p>Telefon: 05941 \/ 95533<br>Telefax: 05941 \/ 95534<br>Email: info@kinderarzt-neuenhaus.de<\/p>\n\n\n\n<p>Wenn Sie uns telefonisch nicht erreichen k\u00f6nnen, schreiben Sie uns gerne eine Email.<\/p>\n","protected":false},"excerpt":{"rendered":"<p>Herzlich Willkommen in unserer virtuellen Praxis. Willkommen auf der Internetseite der Kinderarztpraxis Dr. Silke Bongartz in Neuenhaus. Wir w\u00fcnschen Ihnen einen \u00fcbersichtlichen und informativen Aufenthalt. \u00dcber die Hauptmen\u00fc-Punkte k\u00f6nnen Sie Informationen \u00fcber unsere&nbsp; Praxis, das Leistungsspektrum, die Sprechstundenzeiten und nat\u00fcrlich die Lage der Praxis abrufen. \u00dcber die Online-Dienste ist nach einer Registrierung bei unserem Partner [&hellip;]<\/p>\n","protected":false},"author":568,"featured_media":0,"parent":0,"menu_order":-1,"comment_status":"closed","ping_status":"closed","template":"","meta":{"footnotes":""},"class_list":["post-2","page","type-page","status-publish","hentry"],"_links":{"self":[{"href":"https:\/\/docsites.cgmlife.com\/142381623143\/wp-json\/wp\/v2\/pages\/2","targetHints":{"allow":["GET"]}}],"collection":[{"href":"https:\/\/docsites.cgmlife.com\/142381623143\/wp-json\/wp\/v2\/pages"}],"about":[{"href":"https:\/\/docsites.cgmlife.com\/142381623143\/wp-json\/wp\/v2\/types\/page"}],"author":[{"embeddable":true,"href":"https:\/\/docsites.cgmlife.com\/142381623143\/wp-json\/wp\/v2\/users\/568"}],"replies":[{"embeddable":true,"href":"https:\/\/docsites.cgmlife.com\/142381623143\/wp-json\/wp\/v2\/comments?post=2"}],"version-history":[{"count":18,"href":"https:\/\/docsites.cgmlife.com\/142381623143\/wp-json\/wp\/v2\/pages\/2\/revisions"}],"predecessor-version":[{"id":441,"href":"https:\/\/docsites.cgmlife.com\/142381623143\/wp-json\/wp\/v2\/pages\/2\/revisions\/441"}],"wp:attachment":[{"href":"https:\/\/docsites.cgmlife.com\/142381623143\/wp-json\/wp\/v2\/media?parent=2"}],"curies":[{"name":"wp","href":"https:\/\/api.w.org\/{rel}","templated":true}]}}