{"id":211,"date":"2015-04-27T07:29:57","date_gmt":"2015-04-27T05:29:57","guid":{"rendered":"http:\/\/docsites.cgmlife.com\/1426002856383\/?page_id=211"},"modified":"2015-05-07T17:02:37","modified_gmt":"2015-05-07T15:02:37","slug":"personale-di-segreteria","status":"publish","type":"page","link":"https:\/\/docsites.cgmlife.com\/1426002856383\/personale-di-segreteria\/","title":{"rendered":"PERSONALE DI SEGRETERIA"},"content":{"rendered":"<p style=\"text-align: left\"><span style=\"font-size: large\">Il dott. Giuseppe Caruso \u00e8 collaborato dalla signora Barbara che svolge le funzioni di segretaria.<\/span><\/p>\n<p style=\"text-align: left\"><span style=\"font-size: large\">La signora Barbara \u00e8 disponibile negli stessi orari in cui lavora il medico per fornire ogni delucidazione, la si pu\u00f2 contattare telefonando al n.0931831662 o inviando una mail a <a href=\"mailto:dott.carusogiuseppe@live.it\">dott.carusogiuseppe@live.it<\/a>.<\/span><\/p>\n<p style=\"text-align: left\"><span style=\"font-size: large\">La segretaria pu\u00f2 proporre al medico solo prescrizioni di <b>farmaci ripetitivi<\/b> o di <b>esami ripetitivi<\/b>.<\/span><\/p>\n<p style=\"text-align: left\"><span style=\"font-size: large\">Per le prescrizioni di nuovi farmaci o di nuovi accertamenti <b>\u00e8 necessario preventivamente contattare il medico<\/b> o telefonicamente (3409028640) o per via mail (dott.carusogiuseppe@virgilio.it); \u00e8 possibile inviare anche, tramite allegati, prescrizioni specialistiche o referti di esami di laboratorio o strumentali.<\/span><\/p>\n<p style=\"text-align: left\"><span style=\"font-size: large\">Le ricette saranno consegnate allo studio o inviate per mail il giorno successivo alla richiesta.<\/span><\/p>\n<p style=\"text-align: left\"><span style=\"font-size: large\">Per i certificati medici di assenza di malattia \u00e8 obbligatorio venire allo studio e farsi visitare dal medico.<\/span><\/p>\n<p>\u00a0<a href=\"http:\/\/docsites.cgmlife.com\/1426002856383\/wp-content\/uploads\/sites\/542\/2015\/04\/segreteria.jpg\"><img loading=\"lazy\" decoding=\"async\" class=\"alignnone size-medium wp-image-231\" alt=\"segreteria\" src=\"http:\/\/docsites.cgmlife.com\/1426002856383\/wp-content\/uploads\/sites\/542\/2015\/04\/segreteria-300x199.jpg\" width=\"300\" height=\"199\" srcset=\"https:\/\/docsites.cgmlife.com\/1426002856383\/wp-content\/uploads\/sites\/542\/2015\/04\/segreteria-300x199.jpg 300w, https:\/\/docsites.cgmlife.com\/1426002856383\/wp-content\/uploads\/sites\/542\/2015\/04\/segreteria-1024x680.jpg 1024w\" sizes=\"auto, (max-width: 300px) 100vw, 300px\" \/><\/a><\/p>\n","protected":false},"excerpt":{"rendered":"<p>Il dott. Giuseppe Caruso \u00e8 collaborato dalla signora Barbara che svolge le funzioni di segretaria. La signora Barbara \u00e8 disponibile negli stessi orari in cui lavora il medico per fornire ogni delucidazione, la si pu\u00f2 contattare telefonando al n.0931831662 o inviando una mail a dott.carusogiuseppe@live.it. La segretaria pu\u00f2 proporre al medico solo prescrizioni di farmaci [&hellip;]<\/p>\n","protected":false},"author":579,"featured_media":0,"parent":0,"menu_order":0,"comment_status":"closed","ping_status":"closed","template":"","meta":{"footnotes":""},"class_list":["post-211","page","type-page","status-publish","hentry"],"_links":{"self":[{"href":"https:\/\/docsites.cgmlife.com\/1426002856383\/wp-json\/wp\/v2\/pages\/211","targetHints":{"allow":["GET"]}}],"collection":[{"href":"https:\/\/docsites.cgmlife.com\/1426002856383\/wp-json\/wp\/v2\/pages"}],"about":[{"href":"https:\/\/docsites.cgmlife.com\/1426002856383\/wp-json\/wp\/v2\/types\/page"}],"author":[{"embeddable":true,"href":"https:\/\/docsites.cgmlife.com\/1426002856383\/wp-json\/wp\/v2\/users\/579"}],"replies":[{"embeddable":true,"href":"https:\/\/docsites.cgmlife.com\/1426002856383\/wp-json\/wp\/v2\/comments?post=211"}],"version-history":[{"count":4,"href":"https:\/\/docsites.cgmlife.com\/1426002856383\/wp-json\/wp\/v2\/pages\/211\/revisions"}],"predecessor-version":[{"id":221,"href":"https:\/\/docsites.cgmlife.com\/1426002856383\/wp-json\/wp\/v2\/pages\/211\/revisions\/221"}],"wp:attachment":[{"href":"https:\/\/docsites.cgmlife.com\/1426002856383\/wp-json\/wp\/v2\/media?parent=211"}],"curies":[{"name":"wp","href":"https:\/\/api.w.org\/{rel}","templated":true}]}}