{"id":6,"date":"2013-02-05T11:33:02","date_gmt":"2013-02-05T09:33:02","guid":{"rendered":"http:\/\/docsites.cgmlife.com\/medistar\/?page_id=6"},"modified":"2015-07-03T13:22:30","modified_gmt":"2015-07-03T11:22:30","slug":"ambulatorio","status":"publish","type":"page","link":"https:\/\/docsites.cgmlife.com\/1426002856383\/ambulatorio\/","title":{"rendered":"STUDIO MEDICO"},"content":{"rendered":"<div id=\"id841\">\n<p>&nbsp;<\/p>\n<h1 style=\"text-align: right\"><strong><span style=\"font-size: medium\"><em>curare spesso, guarire qualche volta, consolare sempre<\/em><\/span><\/strong><\/h1>\n<p style=\"text-align: right\"><span style=\"font-size: x-small\">(vecchio aforisma francese)<\/span><\/p>\n<p>&nbsp;<\/p>\n<p><strong><span style=\"font-size: xx-large\"><em>Studio medico<\/em><\/span><\/strong><\/p>\n<p>&nbsp;<\/p>\n<\/div>\n<div id=\"id3413\">\n<div>\n<table style=\"width: 561px;height: 448px\" border=\"0\">\n<caption><span style=\"font-size: xx-large\">Orario di ambulatorio<\/span><\/caption>\n<thead>\n<tr>\n<th><\/th>\n<th>Mattina<\/th>\n<th>Pomeriggio<\/th>\n<\/tr>\n<\/thead>\n<tfoot>\n<tr>\n<td><span style=\"font-size: xx-large\">Venerd\u00ec<\/span><\/td>\n<td><span style=\"font-size: large\">\u00a0<\/span><\/td>\n<td><span style=\"font-size: large\">\u00a015.30 &#8211; 19.30<\/span><\/td>\n<\/tr>\n<\/tfoot>\n<tbody>\n<tr>\n<td><span style=\"font-size: xx-large\">Luned\u00ec<\/span><\/td>\n<td><span style=\"font-size: large\">\u00a0<\/span><\/td>\n<td><span style=\"font-size: large\">\u00a015.30 &#8211; 19.30<\/span><\/td>\n<\/tr>\n<tr>\n<td><span style=\"font-size: xx-large\">Marted\u00ec<\/span><\/td>\n<td><span style=\"font-size: large\">\u00a009.30 &#8211; 13.30<\/span><\/td>\n<td><span style=\"font-size: large\">\u00a0<\/span><\/td>\n<\/tr>\n<tr>\n<td><span style=\"font-size: xx-large\">Mercoled\u00ec<\/span><\/td>\n<td><span style=\"font-size: large\">\u00a0<\/span><\/td>\n<td><span style=\"font-size: large\">\u00a015.30 &#8211; 19.30<\/span><\/td>\n<\/tr>\n<tr>\n<td><span style=\"font-size: xx-large\">Gioved\u00ec<\/span><\/td>\n<td><span style=\"font-size: large\">\u00a009.30 &#8211; 13.30<\/span><\/td>\n<td><span style=\"font-size: large\">\u00a0<\/span><\/td>\n<\/tr>\n<\/tbody>\n<\/table>\n<\/div>\n<\/div>\n<p>&nbsp;<\/p>\n<p>&nbsp;<\/p>\n<p><span style=\"font-size: large\">L\u2019attivit\u00e0 medica viene prestata nello studio del medico o a domicilio, avuto riguardo alla non trasferibilit\u00e0 dell\u2019ammalato.<\/span><\/p>\n<p><span style=\"font-size: large\">\u00a0<\/span><\/p>\n<p><span style=\"font-size: large\">La visita domiciliare verr\u00e0 eseguita nel corso della stessa giornata, ove la richiesta pervenga entro le ore 10.00; ove, invece, la richiesta pervenga dopo le ore 10.00, la visita verr\u00e0 effettuata entro le ore 12.00 del giorno successivo.<\/span><\/p>\n<p><span style=\"font-size: large\">\u00a0<\/span><\/p>\n<p><span style=\"font-size: large\">La visita domiciliare deve essere richiesta esclusivamente telefonando al numero del cellulare <span style=\"text-decoration: underline\">3409028640.<\/span><\/span><\/p>\n<p><span style=\"font-size: large\">\u00a0<\/span><\/p>\n<p><span style=\"font-size: large\">La chiamata urgente recepita verr\u00e0 soddisfatta entro il pi\u00f9 breve tempo possibile.<\/span><\/p>\n<p><span style=\"font-size: large\">\u00a0<\/span><\/p>\n<p><span style=\"font-size: large\">Nelle giornate di sabato lo studio sar\u00e0 chiuso ma il medico \u00e8 tenuto ad eseguire le visite domiciliari se richieste entro le ore 10.00.<\/span><\/p>\n<p><span style=\"font-size: large\">\u00a0<\/span><\/p>\n<p><span style=\"font-size: large\">Nei giorni prefestivi valgono le stesse disposizioni previste per il sabato; tuttavia quando i giorni prefestivi cadono di marted\u00ec o di gioved\u00ec, lo studio sar\u00e0 regolarmente aperto.<\/span><\/p>\n<p><span style=\"font-size: large\">\u00a0<\/span><\/p>\n<p><span style=\"font-size: large;background-color: #ffffff\">\u00a0<\/span><\/p>\n<p><span style=\"color: #000000;font-size: large\"><em><span style=\"background-color: #ffffff\">A domicilio il medico prescriver\u00e0 solo farmaci ed accertamenti specialistici ritenuti indifferibili, le altre prescrizioni verranno effettuate presso lo studio medico.<\/span><\/em><\/span><\/p>\n<p><span style=\"color: #ffcc00;font-size: large\"><em>\u00a0<\/em><\/span><\/p>\n<p>&nbsp;<\/p>\n<p>[map id=&#8221;2&#8243;]<\/p>\n<p><a href=\"http:\/\/docsites.cgmlife.com\/1426002856383\/wp-content\/uploads\/sites\/542\/2013\/02\/DSC_6138.jpg\"><img loading=\"lazy\" decoding=\"async\" class=\"alignnone size-medium wp-image-233\" alt=\"DSC_6138\" src=\"http:\/\/docsites.cgmlife.com\/1426002856383\/wp-content\/uploads\/sites\/542\/2013\/02\/DSC_6138-300x199.jpg\" width=\"300\" height=\"199\" srcset=\"https:\/\/docsites.cgmlife.com\/1426002856383\/wp-content\/uploads\/sites\/542\/2013\/02\/DSC_6138-300x199.jpg 300w, https:\/\/docsites.cgmlife.com\/1426002856383\/wp-content\/uploads\/sites\/542\/2013\/02\/DSC_6138.jpg 1024w\" sizes=\"auto, (max-width: 300px) 100vw, 300px\" \/><\/a><\/p>\n","protected":false},"excerpt":{"rendered":"<p>&nbsp; curare spesso, guarire qualche volta, consolare sempre (vecchio aforisma francese) &nbsp; Studio medico &nbsp; Orario di ambulatorio Mattina Pomeriggio Venerd\u00ec \u00a0 \u00a015.30 &#8211; 19.30 Luned\u00ec \u00a0 \u00a015.30 &#8211; 19.30 Marted\u00ec \u00a009.30 &#8211; 13.30 \u00a0 Mercoled\u00ec \u00a0 \u00a015.30 &#8211; 19.30 Gioved\u00ec \u00a009.30 &#8211; 13.30 \u00a0 &nbsp; &nbsp; L\u2019attivit\u00e0 medica viene prestata nello studio del medico [&hellip;]<\/p>\n","protected":false},"author":579,"featured_media":0,"parent":0,"menu_order":0,"comment_status":"closed","ping_status":"closed","template":"page_no_header.php","meta":{"footnotes":""},"class_list":["post-6","page","type-page","status-publish","hentry"],"_links":{"self":[{"href":"https:\/\/docsites.cgmlife.com\/1426002856383\/wp-json\/wp\/v2\/pages\/6","targetHints":{"allow":["GET"]}}],"collection":[{"href":"https:\/\/docsites.cgmlife.com\/1426002856383\/wp-json\/wp\/v2\/pages"}],"about":[{"href":"https:\/\/docsites.cgmlife.com\/1426002856383\/wp-json\/wp\/v2\/types\/page"}],"author":[{"embeddable":true,"href":"https:\/\/docsites.cgmlife.com\/1426002856383\/wp-json\/wp\/v2\/users\/579"}],"replies":[{"embeddable":true,"href":"https:\/\/docsites.cgmlife.com\/1426002856383\/wp-json\/wp\/v2\/comments?post=6"}],"version-history":[{"count":28,"href":"https:\/\/docsites.cgmlife.com\/1426002856383\/wp-json\/wp\/v2\/pages\/6\/revisions"}],"predecessor-version":[{"id":157,"href":"https:\/\/docsites.cgmlife.com\/1426002856383\/wp-json\/wp\/v2\/pages\/6\/revisions\/157"}],"wp:attachment":[{"href":"https:\/\/docsites.cgmlife.com\/1426002856383\/wp-json\/wp\/v2\/media?parent=6"}],"curies":[{"name":"wp","href":"https:\/\/api.w.org\/{rel}","templated":true}]}}