{"id":10,"date":"2015-11-20T14:30:41","date_gmt":"2015-11-20T12:30:41","guid":{"rendered":"http:\/\/docsites.cgmlife.com\/medistar\/?page_id=10"},"modified":"2024-11-04T13:42:42","modified_gmt":"2024-11-04T12:42:42","slug":"hausarztpraxis-gerd-saltzer-dres-med-philipp-millich-martina-bruno-5","status":"publish","type":"page","link":"https:\/\/docsites.cgmlife.com\/143385570840\/hausarztpraxis-gerd-saltzer-dres-med-philipp-millich-martina-bruno-5\/","title":{"rendered":"Impressum"},"content":{"rendered":"\n<h2 class=\"wp-block-heading\"><strong>F\u00fcr den Inhalt dieser Seite verantwortlich<\/strong><\/h2>\n\n\n\n<div class=\"wp-block-columns is-layout-flex wp-container-core-columns-is-layout-9d6595d7 wp-block-columns-is-layout-flex\">\n<div class=\"wp-block-column is-layout-flow wp-block-column-is-layout-flow\">\n<p>Dr. med. Martina Bruno<\/p>\n\n\n\n<p>Felix Maximilian He\u00dfland<\/p>\n<\/div>\n\n\n\n<div class=\"wp-block-column is-layout-flow wp-block-column-is-layout-flow\">\n<p>Fach\u00e4rztin f\u00fcr Allgemeinmedizin<\/p>\n\n\n\n<p>Facharzt f\u00fcr Allgemeinmedizin<\/p>\n<\/div>\n<\/div>\n\n\n\n<h2 class=\"wp-block-heading\"><strong>Praxisanschrift<\/strong><\/h2>\n\n\n\n<p>Br\u00fchlstr. 23<br>35684 Dillenburg-Frohnhausen<\/p>\n\n\n\n<figure class=\"wp-block-table is-style-stripes\"><table><tbody><tr><td>e-Mail:<\/td><td><a href=\"mailto:hausaerzte-frohnhausen@t-online.de\" target=\"_blank\" rel=\"noreferrer noopener\">hausaerzte-frohnhausen@t-online.de<\/a><\/td><\/tr><tr><td>Telefon:&nbsp; <\/td><td>02771 \/ 265690<\/td><\/tr><tr><td>Telefax:&nbsp;<\/td><td>02771 \/ 2656944<\/td><\/tr><\/tbody><\/table><\/figure>\n\n\n\n<p><strong>\u00d6ffnungszeiten<\/strong><\/p>\n\n\n\n<figure class=\"wp-block-table\"><table><tbody><tr><td>Dienstag und&nbsp; Donnerstag<\/td><td>08.00 &#8211; 12.00 Uhr<\/td><td>15.30 &#8211; 18.00 Uhr<\/td><\/tr><tr><td>Montag, Mittwoch&nbsp;und&nbsp;Freitag<\/td><td>08.00 &#8211; 12.00 Uhr<\/td><td><\/td><\/tr><\/tbody><\/table><\/figure>\n\n\n\n<h3 class=\"wp-block-heading\"><strong>Staat der die Berufsbezeichnungen verliehen hat<\/strong><\/h3>\n\n\n\n<p>Deutschland<\/p>\n\n\n\n<h3 class=\"wp-block-heading\"><strong>\u00c4rztekammer<\/strong><\/h3>\n\n\n\n<p>Landes\u00e4rztekammer Hessen<\/p>\n\n\n\n<p>Hanauer Landstra\u00dfe 152<br>60314&nbsp; Frankfurt<br>www.laekh.de<\/p>\n\n\n\n<h3 class=\"wp-block-heading\"><strong>Aufsichtsbeh\u00f6rde<\/strong><\/h3>\n\n\n\n<p>Kassen\u00e4rztliche Vereinigung Hessen<\/p>\n\n\n\n<p>Europa- Allee 90<br>60486 Frankfurt<br>www.kvhessen.de<\/p>\n\n\n\n<h3 class=\"wp-block-heading\"><strong>Berufsrechtliche Regelung<\/strong><\/h3>\n\n\n\n<p>Berufsordnung f\u00fcr die \u00c4rztinnen und \u00c4rzte in Hessen:<br><a href=\"https:\/\/www.laekh.de\/fileadmin\/user_upload\/Aerzte\/Rund_ums_Recht\/Rechtsquellen\/Berufsordnung.pdf\" target=\"_blank\" rel=\"noopener\">Berufsordnung.pdf (laekh.de)<\/a><\/p>\n\n\n\n<p>Hessisches Heilberufsgesetz:<br><a href=\"https:\/\/www.laekh.de\/fileadmin\/user_upload\/Aerzte\/Rund_ums_Recht\/Rechtsquellen\/Heilberufsgesetz.pdf\" target=\"_blank\" rel=\"noopener\">Heilberufsgesetz.pdf (laekh.de)<\/a><br>Sie k\u00f6nnen zudem die Suchfunktion der Website der www.laekh.de&nbsp;mit den Begriffen \u201eBerufsordnung\u201c bzw. mit \u201eHeilberufsgesetz\u201c verwenden.<\/p>\n\n\n\n<h3 class=\"wp-block-heading\"><strong>Haftung f\u00fcr Inhalte<\/strong><\/h3>\n\n\n\n<p>Als Diensteanbieter sind wir gem\u00e4\u00df \u00a7 7 Abs.1 TMG f\u00fcr eigene Inhalte auf diesen Seiten nach den allgemeinen Gesetzen verantwortlich. Nach \u00a7\u00a7 8 bis 10 TMG sind wir als Diensteanbieter jedoch nicht verpflichtet, \u00fcbermittelte oder gespeicherte fremde Informationen zu \u00fcberwachen oder nach Umst\u00e4nden zu forschen, die auf eine rechtswidrige T\u00e4tigkeit hinweisen. Verpflichtungen zur Entfernung oder Sperrung der Nutzung von Informationen nach den allgemeinen Gesetzen bleiben hiervon unber\u00fchrt. Eine diesbez\u00fcgliche Haftung ist jedoch erst ab dem Zeitpunkt der Kenntnis einer konkreten Rechtsverletzung m\u00f6glich. Bei Bekanntwerden von entsprechenden Rechtsverletzungen werden wir diese Inhalte umgehend entfernen.<\/p>\n\n\n\n<h3 class=\"wp-block-heading\"><strong>Haftung f\u00fcr Links<\/strong><\/h3>\n\n\n\n<p>Unser Angebot enth\u00e4lt Links zu externen Websites Dritter, auf deren Inhalte wir keinen Einfluss haben. Deshalb k\u00f6nnen wir f\u00fcr diese fremden Inhalte auch keine Gew\u00e4hr \u00fcbernehmen. F\u00fcr die Inhalte der verlinkten Seiten ist stets der jeweilige Anbieter oder Betreiber der Seiten verantwortlich. Die verlinkten Seiten wurden zum Zeitpunkt der Verlinkung auf m\u00f6gliche Rechtsverst\u00f6\u00dfe \u00fcberpr\u00fcft. Rechtswidrige Inhalte waren zum Zeitpunkt der Verlinkung nicht erkennbar. Eine permanente inhaltliche Kontrolle der verlinkten Seiten ist jedoch ohne konkrete Anhaltspunkte einer Rechtsverletzung nicht zumutbar. Bei Bekanntwerden von Rechtsverletzungen werden wir derartige Links umgehend entfernen.<\/p>\n\n\n\n<h3 class=\"wp-block-heading\"><strong>Urheberrecht<\/strong><\/h3>\n\n\n\n<p>Die durch die Seitenbetreiber erstellten Inhalte und Werke auf diesen Seiten unterliegen dem deutschen Urheberrecht. Die Vervielf\u00e4ltigung, Bearbeitung, Verbreitung und jede Art der Verwertung au\u00dferhalb der Grenzen des Urheberrechtes bed\u00fcrfen der schriftlichen Zustimmung des jeweiligen Autors bzw. Erstellers. Downloads und Kopien dieser Seite sind nur f\u00fcr den privaten, nicht kommerziellen Gebrauch gestattet. Soweit die Inhalte auf dieser Seite nicht vom Betreiber erstellt wurden, werden die Urheberrechte Dritter beachtet. Insbesondere werden Inhalte Dritter als solche gekennzeichnet. Sollten Sie trotzdem auf eine Urheberrechtsverletzung aufmerksam werden, bitten wir um einen entsprechenden Hinweis. Bei Bekanntwerden von Rechtsverletzungen werden wir derartige Inhalte umgehend entfernen.<\/p>\n\n\n\n<h3 class=\"wp-block-heading\"><strong>Datenschutz \/ Disclaimer<\/strong><\/h3>\n\n\n\n<p>Link zur <a href=\"https:\/\/docsites.cgmlife.com\/143385570840\/datenschutz\/\" data-type=\"page\" data-id=\"319\">Datenschutzerkl\u00e4rung<\/a><\/p>\n\n\n\n<h3 class=\"wp-block-heading\"><strong>Schutzrechtsverletzung<\/strong><\/h3>\n\n\n\n<p>Falls Sie vermuten, dass von dieser Website aus eines Ihrer Schutzrechte verletzt wird, teilen Sie dies bitte umgehend per E-Mail an hausaezte-frohnhausen@telemed.de oder telefonisch \u00fcber 02771\/265690 mit, damit z\u00fcgig Abhilfe geschaffen werden kann. Wir garantieren, dass zu Recht beanstandete Passagen unverz\u00fcglich entfernt werden, ohne dass die Einschaltung eines Rechtsbeistandes erforderlich ist.<\/p>\n\n\n\n<p>Bitte nehmen Sie zur Kenntnis: Die zeitaufw\u00e4ndigere Einschaltung eines Anwaltes zur f\u00fcr den Diensteanbieter kostenpflichtigen Abmahnung entspricht nicht dessen wirklichen oder mutma\u00dflichen Willen. Der Anbieter bittet zur Vermeidung unn\u00f6tiger Rechtsstreite und Kosten, ihn bereits im Vorfeld zu kontaktieren.<\/p>\n\n\n\n<p>Die Kostennote einer anwaltlichen Abmahnung ohne vorhergehende Kontaktaufnahme wird im Sinne der Schadensminderungspflicht als unbegr\u00fcndet zur\u00fcckgewiesen.<\/p>\n\n\n\n<h3 class=\"wp-block-heading\"><strong>Copyright<\/strong><\/h3>\n\n\n\n<p>Alle Daten dieser Website sind urheberrechtlich gesch\u00fctzt. Jede Bearbeitung, Vervielf\u00e4ltigung, Verbreitung und\/oder \u00f6ffentliche Wiedergabe \u2013 unabh\u00e4ngig vom verwendeten Medium \u2013 stellt einen Urheberrechtsversto\u00df dar.<\/p>\n\n\n\n<figure class=\"wp-block-table\"><table><tbody><tr><td>Copyright Bilder:<\/td><td>&nbsp; iStockPhoto<\/td><\/tr><\/tbody><\/table><\/figure>\n","protected":false},"excerpt":{"rendered":"<p>F\u00fcr den Inhalt dieser Seite verantwortlich Dr. med. Martina Bruno Felix Maximilian He\u00dfland Fach\u00e4rztin f\u00fcr Allgemeinmedizin Facharzt f\u00fcr Allgemeinmedizin Praxisanschrift Br\u00fchlstr. 2335684 Dillenburg-Frohnhausen e-Mail: hausaerzte-frohnhausen@t-online.de Telefon:&nbsp; 02771 \/ 265690 Telefax:&nbsp; 02771 \/ 2656944 \u00d6ffnungszeiten Dienstag und&nbsp; Donnerstag 08.00 &#8211; 12.00 Uhr 15.30 &#8211; 18.00 Uhr Montag, Mittwoch&nbsp;und&nbsp;Freitag 08.00 &#8211; 12.00 Uhr Staat der die Berufsbezeichnungen [&hellip;]<\/p>\n","protected":false},"author":594,"featured_media":0,"parent":0,"menu_order":1000,"comment_status":"closed","ping_status":"closed","template":"","meta":{"footnotes":""},"class_list":["post-10","page","type-page","status-publish","hentry"],"_links":{"self":[{"href":"https:\/\/docsites.cgmlife.com\/143385570840\/wp-json\/wp\/v2\/pages\/10","targetHints":{"allow":["GET"]}}],"collection":[{"href":"https:\/\/docsites.cgmlife.com\/143385570840\/wp-json\/wp\/v2\/pages"}],"about":[{"href":"https:\/\/docsites.cgmlife.com\/143385570840\/wp-json\/wp\/v2\/types\/page"}],"author":[{"embeddable":true,"href":"https:\/\/docsites.cgmlife.com\/143385570840\/wp-json\/wp\/v2\/users\/594"}],"replies":[{"embeddable":true,"href":"https:\/\/docsites.cgmlife.com\/143385570840\/wp-json\/wp\/v2\/comments?post=10"}],"version-history":[{"count":23,"href":"https:\/\/docsites.cgmlife.com\/143385570840\/wp-json\/wp\/v2\/pages\/10\/revisions"}],"predecessor-version":[{"id":522,"href":"https:\/\/docsites.cgmlife.com\/143385570840\/wp-json\/wp\/v2\/pages\/10\/revisions\/522"}],"wp:attachment":[{"href":"https:\/\/docsites.cgmlife.com\/143385570840\/wp-json\/wp\/v2\/media?parent=10"}],"curies":[{"name":"wp","href":"https:\/\/api.w.org\/{rel}","templated":true}]}}