{"id":185,"date":"2015-12-16T19:55:58","date_gmt":"2015-12-16T18:55:58","guid":{"rendered":"http:\/\/docsites.cgmlife.com\/143385570840\/?page_id=185"},"modified":"2024-01-09T09:16:38","modified_gmt":"2024-01-09T08:16:38","slug":"bestellung-von-rezepten-und-uberweisungen","status":"publish","type":"page","link":"https:\/\/docsites.cgmlife.com\/143385570840\/bestellung-von-rezepten-und-uberweisungen\/","title":{"rendered":"Bestellung von Rezepten und \u00dcberweisungen"},"content":{"rendered":"\n<p>Sehr geehrte Patienten und Patientinnen,<\/p>\n\n\n\n<p>es stehen ihnen folgende M\u00f6glichkeiten zur Verf\u00fcgung, Rezepte und \u00dcberweisungen zu bestellen:<\/p>\n\n\n\n<ul class=\"wp-block-list\">\n<li>\u00fcber unseren Anrufbeantworter<\/li>\n\n\n\n<li>per Email unter <a href=\"mailto:hausaerzte-frohnhausen@telemed.de\">hausaerzte-frohnhausen@t-online.de<\/a><\/li>\n\n\n\n<li>schriftlich \u00fcber unseren Rezeptbriefkasten an der Eingangst\u00fcr<\/li>\n<\/ul>\n\n\n\n<p>Bestellte Rezepte und \u00dcberweisungen k\u00f6nnen dann am folgenden Werktag zu unseren \u00d6ffnungszeiten unter Vorlage der Versichertenk\u00e4rtchens abgeholt werden.<\/p>\n\n\n\n<p>N\u00e4here Informationen erhalten Sie bei unseren Mitarbeiterinnen.<\/p>\n\n\n\n<p>Ihr Praxisteam<\/p>\n","protected":false},"excerpt":{"rendered":"<p>Sehr geehrte Patienten und Patientinnen, es stehen ihnen folgende M\u00f6glichkeiten zur Verf\u00fcgung, Rezepte und \u00dcberweisungen zu bestellen: Bestellte Rezepte und \u00dcberweisungen k\u00f6nnen dann am folgenden Werktag zu unseren \u00d6ffnungszeiten unter Vorlage der Versichertenk\u00e4rtchens abgeholt werden. N\u00e4here Informationen erhalten Sie bei unseren Mitarbeiterinnen. Ihr Praxisteam<\/p>\n","protected":false},"author":594,"featured_media":0,"parent":0,"menu_order":0,"comment_status":"closed","ping_status":"closed","template":"","meta":{"footnotes":""},"class_list":["post-185","page","type-page","status-publish","hentry"],"_links":{"self":[{"href":"https:\/\/docsites.cgmlife.com\/143385570840\/wp-json\/wp\/v2\/pages\/185","targetHints":{"allow":["GET"]}}],"collection":[{"href":"https:\/\/docsites.cgmlife.com\/143385570840\/wp-json\/wp\/v2\/pages"}],"about":[{"href":"https:\/\/docsites.cgmlife.com\/143385570840\/wp-json\/wp\/v2\/types\/page"}],"author":[{"embeddable":true,"href":"https:\/\/docsites.cgmlife.com\/143385570840\/wp-json\/wp\/v2\/users\/594"}],"replies":[{"embeddable":true,"href":"https:\/\/docsites.cgmlife.com\/143385570840\/wp-json\/wp\/v2\/comments?post=185"}],"version-history":[{"count":16,"href":"https:\/\/docsites.cgmlife.com\/143385570840\/wp-json\/wp\/v2\/pages\/185\/revisions"}],"predecessor-version":[{"id":491,"href":"https:\/\/docsites.cgmlife.com\/143385570840\/wp-json\/wp\/v2\/pages\/185\/revisions\/491"}],"wp:attachment":[{"href":"https:\/\/docsites.cgmlife.com\/143385570840\/wp-json\/wp\/v2\/media?parent=185"}],"curies":[{"name":"wp","href":"https:\/\/api.w.org\/{rel}","templated":true}]}}