{"id":10,"date":"2013-02-05T11:37:41","date_gmt":"2013-02-05T09:37:41","guid":{"rendered":"http:\/\/docsites.cgmlife.com\/medistar\/?page_id=10"},"modified":"2023-10-31T10:26:08","modified_gmt":"2023-10-31T08:26:08","slug":"impressum","status":"publish","type":"page","link":"https:\/\/docsites.cgmlife.com\/144006828243\/impressum\/","title":{"rendered":"Impressum"},"content":{"rendered":"\n<h1 class=\"wp-block-heading\">Impressum<\/h1>\n\n\n\n<p>Praxis Dr.med.Oliver Kahlen<br>Reeder-Bischoffstr.28<br>28757 Bremen<\/p>\n\n\n\n<p>Tel.: 0421-663036<br>Fax: 0421-663038<br>E-mail: oliverkahlen@t-online.de<\/p>\n\n\n\n<p>Pflichtangaben gem\u00e4\u00df \u00a75 TMG und \u00a7 55 RStV:<br>Zust\u00e4ndige \u00c4rzekammer: Landes\u00e4rztekammer Bremen<br>Zust\u00e4ndige kassen\u00e4rztliche Vereinigung: KV Bremen<br>Gesetzliche Berufsbezeichnung<br>Berufsbezeichnung verliehen in der Bundesrepublik Deutschland<br>Dr. med. Oliver Kahlen<br>Facharzt f\u00fcr Innere Medizin (approbiert in Deutschland)<\/p>\n\n\n\n<p>Berufsrechtliche Regelung<br>Berufsordnung der Landes\u00e4rztekammer Bremen<\/p>\n\n\n\n<p>nachzulesen unter:<br>www.aekhb.de<br>Landes\u00e4rztekammer Bremen<\/p>\n\n\n\n<p>Haftungshinweis:<br>f\u00fcr den Inhalt verlinkten, externer Seiten sind ausschlie\u00dflich deren Betreiber verantwortlich.<br><b>Copyright:<\/b><\/p>\n\n\n\n<figure class=\"wp-block-table\"><table><tbody><tr><td>Copyright Bilder:<\/td><td>&nbsp; iStockPhoto<\/td><\/tr><\/tbody><\/table><\/figure>\n","protected":false},"excerpt":{"rendered":"<p>Impressum Praxis Dr.med.Oliver KahlenReeder-Bischoffstr.2828757 Bremen Tel.: 0421-663036Fax: 0421-663038E-mail: oliverkahlen@t-online.de Pflichtangaben gem\u00e4\u00df \u00a75 TMG und \u00a7 55 RStV:Zust\u00e4ndige \u00c4rzekammer: Landes\u00e4rztekammer BremenZust\u00e4ndige kassen\u00e4rztliche Vereinigung: KV BremenGesetzliche BerufsbezeichnungBerufsbezeichnung verliehen in der Bundesrepublik DeutschlandDr. med. Oliver KahlenFacharzt f\u00fcr Innere Medizin (approbiert in Deutschland) Berufsrechtliche RegelungBerufsordnung der Landes\u00e4rztekammer Bremen nachzulesen unter:www.aekhb.deLandes\u00e4rztekammer Bremen Haftungshinweis:f\u00fcr den Inhalt verlinkten, externer Seiten sind ausschlie\u00dflich [&hellip;]<\/p>\n","protected":false},"author":599,"featured_media":0,"parent":0,"menu_order":1000,"comment_status":"closed","ping_status":"closed","template":"","meta":{"footnotes":""},"class_list":["post-10","page","type-page","status-publish","hentry"],"_links":{"self":[{"href":"https:\/\/docsites.cgmlife.com\/144006828243\/wp-json\/wp\/v2\/pages\/10","targetHints":{"allow":["GET"]}}],"collection":[{"href":"https:\/\/docsites.cgmlife.com\/144006828243\/wp-json\/wp\/v2\/pages"}],"about":[{"href":"https:\/\/docsites.cgmlife.com\/144006828243\/wp-json\/wp\/v2\/types\/page"}],"author":[{"embeddable":true,"href":"https:\/\/docsites.cgmlife.com\/144006828243\/wp-json\/wp\/v2\/users\/599"}],"replies":[{"embeddable":true,"href":"https:\/\/docsites.cgmlife.com\/144006828243\/wp-json\/wp\/v2\/comments?post=10"}],"version-history":[{"count":3,"href":"https:\/\/docsites.cgmlife.com\/144006828243\/wp-json\/wp\/v2\/pages\/10\/revisions"}],"predecessor-version":[{"id":259,"href":"https:\/\/docsites.cgmlife.com\/144006828243\/wp-json\/wp\/v2\/pages\/10\/revisions\/259"}],"wp:attachment":[{"href":"https:\/\/docsites.cgmlife.com\/144006828243\/wp-json\/wp\/v2\/media?parent=10"}],"curies":[{"name":"wp","href":"https:\/\/api.w.org\/{rel}","templated":true}]}}