{"id":2,"date":"2013-02-05T09:30:54","date_gmt":"2013-02-05T07:30:54","guid":{"rendered":"http:\/\/docsites.cgmlife.com\/medistar\/?page_id=2"},"modified":"2016-04-25T14:08:37","modified_gmt":"2016-04-25T12:08:37","slug":"beispiel-seite","status":"publish","type":"page","link":"https:\/\/docsites.cgmlife.com\/144006828243\/","title":{"rendered":"Start"},"content":{"rendered":"<div id=\"id242\">\n<h1>Herzlich Willkommen in unserer Praxis Homepage.<\/h1>\n<\/div>\n<div id=\"id1661\">\n<div>\n<p>Willkommen auf der Internetseite von Dr. med.\u00a0Oliver Kahlen in Bremen. \u00dcber die Hauptmen\u00fc-Punkte k\u00f6nnen Sie Informationen \u00fcber unsere Praxis abrufen. Diese Internetseite erm\u00f6glicht es Ihnen online Rezepte zu bestellen, Termine zu vereinbaren, sowie Befundabfragen zu t\u00e4tigen. Durch einen Klick auf die Google-Maps Zeile, oder unter dem Men\u00fcpunkt Praxis erhalten Sie einen Lageplan unserer Praxis.<\/p>\n<p>Wir w\u00fcnschen Ihnen einen \u00fcbersichtlichen und informativen Aufenthalt.<\/p>\n<\/div>\n<pre><\/pre>\n<pre><\/pre>\n<pre><\/pre>\n<pre><\/pre>\n<pre><\/pre>\n<pre><\/pre>\n<pre><\/pre>\n<pre><\/pre>\n<pre><\/pre>\n<pre><\/pre>\n<pre><\/pre>\n<pre><\/pre>\n<pre><\/pre>\n<p><span style=\"font-size: medium\"><strong><a href=\"https:\/\/www.google.de\/maps\/place\/Dr.+med.+Oliver+Kahlen\/@53.1702332,8.6220413,17z\/data=!3m1!4b1!4m2!3m1!1s0x47b6d354aa5b4107:0xf9198909b4f48a4b\" target=\"_blank\">Link zu Google-Maps<\/a><\/strong><\/span><\/p>\n<\/div>\n","protected":false},"excerpt":{"rendered":"<p>Herzlich Willkommen in unserer Praxis Homepage. Willkommen auf der Internetseite von Dr. med.\u00a0Oliver Kahlen in Bremen. \u00dcber die Hauptmen\u00fc-Punkte k\u00f6nnen Sie Informationen \u00fcber unsere Praxis abrufen. Diese Internetseite erm\u00f6glicht es Ihnen online Rezepte zu bestellen, Termine zu vereinbaren, sowie Befundabfragen zu t\u00e4tigen. Durch einen Klick auf die Google-Maps Zeile, oder unter dem Men\u00fcpunkt Praxis erhalten [&hellip;]<\/p>\n","protected":false},"author":599,"featured_media":0,"parent":0,"menu_order":-1,"comment_status":"closed","ping_status":"closed","template":"","meta":{"footnotes":""},"class_list":["post-2","page","type-page","status-publish","hentry"],"_links":{"self":[{"href":"https:\/\/docsites.cgmlife.com\/144006828243\/wp-json\/wp\/v2\/pages\/2","targetHints":{"allow":["GET"]}}],"collection":[{"href":"https:\/\/docsites.cgmlife.com\/144006828243\/wp-json\/wp\/v2\/pages"}],"about":[{"href":"https:\/\/docsites.cgmlife.com\/144006828243\/wp-json\/wp\/v2\/types\/page"}],"author":[{"embeddable":true,"href":"https:\/\/docsites.cgmlife.com\/144006828243\/wp-json\/wp\/v2\/users\/599"}],"replies":[{"embeddable":true,"href":"https:\/\/docsites.cgmlife.com\/144006828243\/wp-json\/wp\/v2\/comments?post=2"}],"version-history":[{"count":47,"href":"https:\/\/docsites.cgmlife.com\/144006828243\/wp-json\/wp\/v2\/pages\/2\/revisions"}],"predecessor-version":[{"id":182,"href":"https:\/\/docsites.cgmlife.com\/144006828243\/wp-json\/wp\/v2\/pages\/2\/revisions\/182"}],"wp:attachment":[{"href":"https:\/\/docsites.cgmlife.com\/144006828243\/wp-json\/wp\/v2\/media?parent=2"}],"curies":[{"name":"wp","href":"https:\/\/api.w.org\/{rel}","templated":true}]}}