{"id":17,"date":"2016-01-07T16:21:23","date_gmt":"2016-01-07T15:21:23","guid":{"rendered":"http:\/\/docsites.cgmlife.com\/1450339549615\/?page_id=17"},"modified":"2016-01-11T15:48:58","modified_gmt":"2016-01-11T14:48:58","slug":"studio-medico","status":"publish","type":"page","link":"https:\/\/docsites.cgmlife.com\/1450339549615\/studio-medico\/","title":{"rendered":"Studio medico"},"content":{"rendered":"<div id=\"id841\">\n<h1>Studio Medico<\/h1>\n<\/div>\n<div id=\"id3413\">\n<div>\n<table border=\"0\">\n<caption><em>Orario di ambulatorio<\/em><\/p>\n<p><span style=\"color: #0000ff\"><strong>Si riceve su appuntamento<\/strong><\/span><\/p>\n<\/caption>\n<thead>\n<tr>\n<th><\/th>\n<th>Mattina<\/th>\n<th>Pomeriggio<\/th>\n<\/tr>\n<\/thead>\n<tfoot>\n<tr>\n<td>Venerd\u00ec<\/td>\n<td><\/td>\n<td>14.00 &#8211; 17.00<\/td>\n<\/tr>\n<\/tfoot>\n<tbody>\n<tr>\n<td>Luned\u00ec<\/td>\n<td>10.00 &#8211; 13.00<\/td>\n<td><\/td>\n<\/tr>\n<tr>\n<td>Marted\u00ec<\/td>\n<td><\/td>\n<td>14.00 &#8211; 17.00<\/td>\n<\/tr>\n<tr>\n<td>Mercoled\u00ec<\/td>\n<td>10.00 &#8211; 13.00<\/td>\n<td><\/td>\n<\/tr>\n<tr>\n<td>Gioved\u00ec<\/td>\n<td><\/td>\n<td>15.00 &#8211; 18.00<\/td>\n<\/tr>\n<\/tbody>\n<\/table>\n<\/div>\n<\/div>\n<p>&nbsp;<\/p>\n<p>[map id=&#8221;1&#8243;]<\/p>\n","protected":false},"excerpt":{"rendered":"<p>Studio Medico Orario di ambulatorio Si riceve su appuntamento Mattina Pomeriggio Venerd\u00ec 14.00 &#8211; 17.00 Luned\u00ec 10.00 &#8211; 13.00 Marted\u00ec 14.00 &#8211; 17.00 Mercoled\u00ec 10.00 &#8211; 13.00 Gioved\u00ec 15.00 &#8211; 18.00 &nbsp; [map id=&#8221;1&#8243;]<\/p>\n","protected":false},"author":615,"featured_media":0,"parent":0,"menu_order":0,"comment_status":"closed","ping_status":"closed","template":"","meta":{"footnotes":""},"class_list":["post-17","page","type-page","status-publish","hentry"],"_links":{"self":[{"href":"https:\/\/docsites.cgmlife.com\/1450339549615\/wp-json\/wp\/v2\/pages\/17","targetHints":{"allow":["GET"]}}],"collection":[{"href":"https:\/\/docsites.cgmlife.com\/1450339549615\/wp-json\/wp\/v2\/pages"}],"about":[{"href":"https:\/\/docsites.cgmlife.com\/1450339549615\/wp-json\/wp\/v2\/types\/page"}],"author":[{"embeddable":true,"href":"https:\/\/docsites.cgmlife.com\/1450339549615\/wp-json\/wp\/v2\/users\/615"}],"replies":[{"embeddable":true,"href":"https:\/\/docsites.cgmlife.com\/1450339549615\/wp-json\/wp\/v2\/comments?post=17"}],"version-history":[{"count":13,"href":"https:\/\/docsites.cgmlife.com\/1450339549615\/wp-json\/wp\/v2\/pages\/17\/revisions"}],"predecessor-version":[{"id":44,"href":"https:\/\/docsites.cgmlife.com\/1450339549615\/wp-json\/wp\/v2\/pages\/17\/revisions\/44"}],"wp:attachment":[{"href":"https:\/\/docsites.cgmlife.com\/1450339549615\/wp-json\/wp\/v2\/media?parent=17"}],"curies":[{"name":"wp","href":"https:\/\/api.w.org\/{rel}","templated":true}]}}