{"id":10,"date":"2013-02-05T11:37:41","date_gmt":"2013-02-05T09:37:41","guid":{"rendered":"http:\/\/docsites.cgmlife.com\/medistar\/?page_id=10"},"modified":"2026-01-30T10:42:43","modified_gmt":"2026-01-30T08:42:43","slug":"impressum","status":"publish","type":"page","link":"https:\/\/docsites.cgmlife.com\/146960314643\/impressum\/","title":{"rendered":"Impressum"},"content":{"rendered":"<p>Verfasser:<\/p>\n<table cellspacing=\"0\" cellpadding=\"0\">\n<tbody>\n<tr valign=\"top\">\n<td width=\"80\"><\/td>\n<td width=\"800\">Adnan Akbaba<\/td>\n<\/tr>\n<tr valign=\"top\">\n<td>Anschrift:<\/td>\n<td>Kinderarzt Adnan Akbaba<br \/>\nGr\u00fcndgenstra\u00dfe 26<br \/>\n22309Hamburg<\/td>\n<\/tr>\n<tr valign=\"top\">\n<td>Telefon:<\/td>\n<td>(040) 339 861 95<\/td>\n<\/tr>\n<tr valign=\"top\">\n<td>Fax:<\/td>\n<td><strong>NICHT vorhanden !!!<\/strong><\/td>\n<\/tr>\n<tr valign=\"top\">\n<td>E-Mail:<\/td>\n<td>kinderarzt_akbaba(at)web.de<\/td>\n<\/tr>\n<tr valign=\"top\">\n<td>Berufsbezeichnung:<\/td>\n<td>Facharzt f\u00fcr Kinder- und Jugendmedizin<\/td>\n<\/tr>\n<\/tbody>\n<\/table>\n<p>\u00c4rztekammer: Hamburg, Weidestra\u00dfe 122b, 22083 Hamburg<\/p>\n<p>Kassen\u00e4rztliche Vereinigung:\u00a0Hamburg, Humboldtstr. 56, 22083 Hamburg<\/p>\n<p><a title=\"Berufsordnung\" href=\"http:\/\/www.aerztekammer-hamburg.de\/berufsrecht\/index_berufsrecht.htm\" target=\"_blank\" rel=\"noopener\">Berufsrechtliche Regelunge (Berufsordnung) der Landes\u00e4rztekammer Hamburg<\/a><\/p>\n<p><strong>Disclaimer:<\/strong><\/p>\n<p>Mit dem Urteil vom 12. Mai 1998 hat das Landgericht Hamburg entschieden, dass man durch die Anbringung eines Links die Inhalte der gelinkten Seiten ggf. mit zu verantworten hat. Dies kann nur dadurch verhindert werden, dass man sich ausdr\u00fccklich von diesem Inhalt distanziert.<\/p>\n<p>F\u00fcr alle Links auf dieser Homepage gilt: Ich distanziere mich hiermit ausdr\u00fccklich von allen Inhalten aller verlinkten Seitenadressen auf meiner Homepage und mache mir diese Inhalte nicht zu eigen.<\/p>\n<p><b>Copyright:<\/b><\/p>\n<table cellspacing=\"0\" cellpadding=\"0\">\n<tbody>\n<tr>\n<td>Copyright Bilder:<\/td>\n<td><\/td>\n<\/tr>\n<\/tbody>\n<\/table>\n","protected":false},"excerpt":{"rendered":"<p>Verfasser: Adnan Akbaba Anschrift: Kinderarzt Adnan Akbaba Gr\u00fcndgenstra\u00dfe 26 22309Hamburg Telefon: (040) 339 861 95 Fax: NICHT vorhanden !!! E-Mail: kinderarzt_akbaba(at)web.de Berufsbezeichnung: Facharzt f\u00fcr Kinder- und Jugendmedizin \u00c4rztekammer: Hamburg, Weidestra\u00dfe 122b, 22083 Hamburg Kassen\u00e4rztliche Vereinigung:\u00a0Hamburg, Humboldtstr. 56, 22083 Hamburg Berufsrechtliche Regelunge (Berufsordnung) der Landes\u00e4rztekammer Hamburg Disclaimer: Mit dem Urteil vom 12. Mai 1998 hat das [&hellip;]<\/p>\n","protected":false},"author":645,"featured_media":0,"parent":0,"menu_order":1000,"comment_status":"closed","ping_status":"closed","template":"","meta":{"footnotes":""},"class_list":["post-10","page","type-page","status-publish","hentry"],"_links":{"self":[{"href":"https:\/\/docsites.cgmlife.com\/146960314643\/wp-json\/wp\/v2\/pages\/10","targetHints":{"allow":["GET"]}}],"collection":[{"href":"https:\/\/docsites.cgmlife.com\/146960314643\/wp-json\/wp\/v2\/pages"}],"about":[{"href":"https:\/\/docsites.cgmlife.com\/146960314643\/wp-json\/wp\/v2\/types\/page"}],"author":[{"embeddable":true,"href":"https:\/\/docsites.cgmlife.com\/146960314643\/wp-json\/wp\/v2\/users\/645"}],"replies":[{"embeddable":true,"href":"https:\/\/docsites.cgmlife.com\/146960314643\/wp-json\/wp\/v2\/comments?post=10"}],"version-history":[{"count":8,"href":"https:\/\/docsites.cgmlife.com\/146960314643\/wp-json\/wp\/v2\/pages\/10\/revisions"}],"predecessor-version":[{"id":263,"href":"https:\/\/docsites.cgmlife.com\/146960314643\/wp-json\/wp\/v2\/pages\/10\/revisions\/263"}],"wp:attachment":[{"href":"https:\/\/docsites.cgmlife.com\/146960314643\/wp-json\/wp\/v2\/media?parent=10"}],"curies":[{"name":"wp","href":"https:\/\/api.w.org\/{rel}","templated":true}]}}