{"id":2,"date":"2013-02-05T09:30:54","date_gmt":"2013-02-05T07:30:54","guid":{"rendered":"http:\/\/docsites.cgmlife.com\/medistar\/?page_id=2"},"modified":"2026-04-07T10:23:33","modified_gmt":"2026-04-07T08:23:33","slug":"beispiel-seite","status":"publish","type":"page","link":"https:\/\/docsites.cgmlife.com\/146960314643\/","title":{"rendered":"Start"},"content":{"rendered":"\n<a href=\"https:\/\/www.doctolib.de\/einzelpraxis\/hamburg\/kinderarzt-adnan-akbaba?utm_campaign=website-button&amp;utm_source=kinderarzt-adnan-akbaba-website-button&amp;utm_medium=referral&amp;utm_content=option-8&amp;utm_term=kinderarzt-adnan-akbaba\" style=\"position:fixed;top:180px;right:0;text-align:center;background-color:#107ACA;z-index:10000;color:#ffffff;font-size:14px;overflow:hidden;width:100px;border-radius:4px 0 0 4px;text-decoration:none;padding:10px;line-height:1.4\" rel=\"noopener noreferrer\" target=\"_blank\"><span style=\"font-size:14px\">Termin<br> online buchen<\/span><img decoding=\"async\" style=\"height:15px;margin-top:10px;vertical-align:middle;width:auto\" src=\"https:\/\/www.doctolib.de\/external_button\/doctolib-white-transparent.png\" alt=\"Doctolib\"><\/a>\n\n\n\n<h1 class=\"wp-block-heading\">Herzlich Willkommen in unserer virtuellen Praxis.<\/h1>\n\n\n\n<p>Willkommen auf der Internetseite von Adnan Akbaba in Hamburg. Wir w\u00fcnschen Ihnen einen \u00fcbersichtlichen und informativen Aufenthalt. \u00dcber die Hauptmen\u00fc-Punkte k\u00f6nnen Sie Informationen \u00fcber unsere M\u00f6glichkeiten, unsere Praxis, das Team, Services und nat\u00fcrlich die Lage der Praxis abrufen. <\/p>\n\n\n\n<p><\/p>\n\n\n\n<h2 class=\"wp-block-heading has-luminous-vivid-amber-background-color has-background\">Praxisregeln!!!!!!!<\/h2>\n\n\n\n<p class=\"has-text-align-center has-medium-font-size\"><strong>Liebe Patienten,<\/strong><\/p>\n\n\n\n<p><strong>Unsere Praxis ist eine reine Impfpraxis!!!!<\/strong><\/p>\n\n\n\n<p><strong>Impfgegner werden nicht aufgenommen!<\/strong><\/p>\n\n\n\n<p><\/p>\n\n\n\n<p><\/p>\n\n\n\n<p><strong>!!!!!!!! <span style=\"text-decoration: underline\">Kommen Sie alleine und ohne Begleitung in die Praxis<\/span> !!!!!!!!!!!!!!<\/strong><\/p>\n\n\n\n<p><strong>!!!!!!!! <span style=\"text-decoration: underline\">Als Begleitung darf nur ein Dolmetscher anwesend sein<\/span> !!!!!!!!!!!!<\/strong><\/p>\n\n\n\n<ul class=\"wp-block-list\">\n<li>Zus\u00e4tzlich k\u00f6nnen wir derzeit keine Angeh\u00f6rigen in die Wartezimmer und Untersuchungszimmer lassen.<\/li>\n\n\n\n<li>Wir haben regul\u00e4r ge\u00f6ffnet, so wie auf den \u00d6ffnungszeiten angegeben. Kurzfristige \u00c4nderungen sind vorbehalten.<\/li>\n<\/ul>\n\n\n\n<p><\/p>\n","protected":false},"excerpt":{"rendered":"<p>Termin online buchen Herzlich Willkommen in unserer virtuellen Praxis. Willkommen auf der Internetseite von Adnan Akbaba in Hamburg. Wir w\u00fcnschen Ihnen einen \u00fcbersichtlichen und informativen Aufenthalt. \u00dcber die Hauptmen\u00fc-Punkte k\u00f6nnen Sie Informationen \u00fcber unsere M\u00f6glichkeiten, unsere Praxis, das Team, Services und nat\u00fcrlich die Lage der Praxis abrufen. Praxisregeln!!!!!!! Liebe Patienten, Unsere Praxis ist eine reine [&hellip;]<\/p>\n","protected":false},"author":645,"featured_media":0,"parent":0,"menu_order":-1,"comment_status":"closed","ping_status":"closed","template":"","meta":{"footnotes":""},"class_list":["post-2","page","type-page","status-publish","hentry"],"_links":{"self":[{"href":"https:\/\/docsites.cgmlife.com\/146960314643\/wp-json\/wp\/v2\/pages\/2","targetHints":{"allow":["GET"]}}],"collection":[{"href":"https:\/\/docsites.cgmlife.com\/146960314643\/wp-json\/wp\/v2\/pages"}],"about":[{"href":"https:\/\/docsites.cgmlife.com\/146960314643\/wp-json\/wp\/v2\/types\/page"}],"author":[{"embeddable":true,"href":"https:\/\/docsites.cgmlife.com\/146960314643\/wp-json\/wp\/v2\/users\/645"}],"replies":[{"embeddable":true,"href":"https:\/\/docsites.cgmlife.com\/146960314643\/wp-json\/wp\/v2\/comments?post=2"}],"version-history":[{"count":31,"href":"https:\/\/docsites.cgmlife.com\/146960314643\/wp-json\/wp\/v2\/pages\/2\/revisions"}],"predecessor-version":[{"id":275,"href":"https:\/\/docsites.cgmlife.com\/146960314643\/wp-json\/wp\/v2\/pages\/2\/revisions\/275"}],"wp:attachment":[{"href":"https:\/\/docsites.cgmlife.com\/146960314643\/wp-json\/wp\/v2\/media?parent=2"}],"curies":[{"name":"wp","href":"https:\/\/api.w.org\/{rel}","templated":true}]}}