{"id":210,"date":"2023-10-04T16:50:02","date_gmt":"2023-10-04T14:50:02","guid":{"rendered":"https:\/\/docsites.cgmlife.com\/146960314643\/?page_id=210"},"modified":"2023-10-04T16:50:03","modified_gmt":"2023-10-04T14:50:03","slug":"datenschutz","status":"publish","type":"page","link":"https:\/\/docsites.cgmlife.com\/146960314643\/datenschutz\/","title":{"rendered":"Datenschutz"},"content":{"rendered":"\n<h2 class=\"wp-block-heading\"><strong>Patienteninformation zum Datenschutz!!<\/strong><\/h2>\n\n\n\n<p>Liebe Patienten,<\/p>\n\n\n\n<p>der Schutz Ihrer Personenbezogenen Daten ist uns wichtig. Nach der EU-Datenschutz-Grundverordnung (DSGVO) haben Sie das Recht zu erfahren,<\/p>\n\n\n\n<p>wer zu welchem Zweck Ihre Daten verarbeitet, wie Sie bei Bedarf dagegen vorgehen k\u00f6nnen und wer die Verantwortung f\u00fcr die Datenverarbeitung tr\u00e4gt:<\/p>\n\n\n\n<p><strong>1. Verantwortlich f\u00fcr die Datenverarbeitung<\/strong><\/p>\n\n\n\n<p>Kinderarztpraxis Adnan Akbaba<\/p>\n\n\n\n<p>Gr\u00fcndgensstra\u00dfe 26<\/p>\n\n\n\n<p>22309 Hamburg<\/p>\n\n\n\n<p>Tel. 040- 33986195<\/p>\n\n\n\n<p>Fax. 03212-3398610<\/p>\n\n\n\n<p>E-Mail: Kinderarzt_akbaba@web.de<\/p>\n\n\n\n<p><strong>2. Zweck und Rechtsgrundlage der Datenverarbeitung<\/strong><\/p>\n\n\n\n<p>Die Verarbeitung Ihrer personenbezogener Daten erfolgt im Rahmen gesetzlicher Vorgaben, um den Behandlungsvertrag zwischen Ihnen und Ihrem Arzt und die damit verbundenen Pflichten zu erf\u00fcllen.<\/p>\n\n\n\n<p>Hierzu verarbeiten wir Ihre personenbezogenen Daten, insbesondere Ihre Gesundheitsdaten. Dazu z\u00e4hlen Anamnesen, Diagnosen, Therapievorschl\u00e4ge und Befunde, die wir oder andere \u00c4rzte erheben.<\/p>\n\n\n\n<p>Diese Daten k\u00f6nnen Sie uns entweder selbst zur Verf\u00fcgung stellen oder uns durch andere \u00c4rzte, bei denen Sie in Behandlung sind, zur Verf\u00fcgung stellen lassen (Arztbrief).<\/p>\n\n\n\n<p>Die Verarbeitung dieser Daten ist Voraussetzung f\u00fcr Ihre Behandlung. Werden die notwendigen Informationen nicht bereit gestellt, kann eine sorgf\u00e4ltige Behandlung nicht erfolgen.<\/p>\n\n\n\n<p>Aus diesem Grund erlaubt uns auch ein Gesetz, Artikel 9 Absatz 2 Buchstabe h der Europ\u00e4ischen Datenschutzgrund-Verordnung und Paragraph 22 Absatz 1 Nummer 1 Buchstabe b Bundesdatenschutzgesetz, diese Daten zu verarbeiten, um Sie behandeln zu k\u00f6nnen.<\/p>\n\n\n\n<p><strong>3. Empf\u00e4nger Ihrer Daten<\/strong><\/p>\n\n\n\n<p>Au\u00dfer Ihrem behandelnden Arzt haben auch die Praxismitarbeiter, die unmittelbar an Ihrer Behandlung beteiligt sind, Zugriff auf Ihre Daten.<\/p>\n\n\n\n<p>Dar\u00fcber hinaus unterst\u00fctzen und externe Dienstleister, sogenannte Auftragsverarbeiter, bei der Wartung technischer Anlagen in der Praxis, die wir f\u00fcr Ihre Behandlung ben\u00f6tigen.<\/p>\n\n\n\n<p>Unsere Mitarbeiter und Dienstleister d\u00fcrfen Ihre daten nur nach unseren strengen Vorgaben verarbeiten und sind, wie auch Ihr behandelnder Arzt, gesetzlich zur Verschwiegenheit verpflichtet.<\/p>\n\n\n\n<p>Seite 2 von 2 \/KBV\/Patienteninformation zum Datenschutz: Mai 2018 zur Erf\u00fcllung des Behandlungsvertrages und der damit verbundenen Pflicht kann es erforderlich sein, Ihre Daten an mit behandelnde<\/p>\n\n\n\n<p>\u00c4rzte\/Psychotherapeuten und Labore oder andere Gesundheitsdienstleister zu \u00fcbermitteln. Insbesondere zur Abrechnung \u00fcbermitteln wir Ihre Daten,<\/p>\n\n\n\n<p>soweit erforderlich, auch an die Krankenkassen und die Kassen\u00e4rztliche Vereinigung sowie den Medizinischen Dienst der Krankenkassen.<\/p>\n\n\n\n<p><strong>4. Speicherung Ihrer Daten<\/strong><\/p>\n\n\n\n<p>Die Fristen f\u00fcr die Aufbewahrung Ihrer Daten sind gesetzlich geregelt. Im Regelfall sind wir dazu verpflichtete, Ihre personenbezogenen Daten noch 10 Jahre nach Abschluss der Behandlung aufzubewahren.<\/p>\n\n\n\n<p>Arbeitsunf\u00e4higkeitsbescheinigungen werden bereits nach einem Jahr gel\u00f6scht.<\/p>\n\n\n\n<p><strong>5. Ihre Rechte<\/strong><\/p>\n\n\n\n<p>Sie haben das Recht, \u00fcber die Verarbeitung Ihrer daten von uns Auskunft zu erhalten. Auch k\u00f6nne Sie die Berichtigung unrichtiger Daten verlangen.<\/p>\n\n\n\n<p>Dar\u00fcber hinaus steht Ihnen unter bestimmten Voraussetzungen das Recht auf L\u00f6schung Ihrer Daten und das Recht auf Einschr\u00e4nkung der Datenverarbeitung zu.<\/p>\n\n\n\n<p>Sie haben ferner das Recht, sich bei der zust\u00e4ndigen Aufsichtsbeh\u00f6rde \u00fcber den Datenschutz zu beschweren, wenn Sie der Ansicht sind, dass die Verarbeitung Ihrer personenbezogenen<\/p>\n\n\n\n<p>Daten nicht rechtm\u00e4\u00dfig erfolgt. Die Anschrift der f\u00fcr uns zust\u00e4ndigen Kammer lautet:<\/p>\n\n\n\n<p>\u00c4rztekammer Hamburg<br>Weidestra\u00dfe 122 b<br>22083 Hamburg<br>Tel. 040-202299-0<br>E-Mail: post@aekhh.de<\/p>\n","protected":false},"excerpt":{"rendered":"<p>Patienteninformation zum Datenschutz!! Liebe Patienten, der Schutz Ihrer Personenbezogenen Daten ist uns wichtig. Nach der EU-Datenschutz-Grundverordnung (DSGVO) haben Sie das Recht zu erfahren, wer zu welchem Zweck Ihre Daten verarbeitet, wie Sie bei Bedarf dagegen vorgehen k\u00f6nnen und wer die Verantwortung f\u00fcr die Datenverarbeitung tr\u00e4gt: 1. Verantwortlich f\u00fcr die Datenverarbeitung Kinderarztpraxis Adnan Akbaba Gr\u00fcndgensstra\u00dfe 26 [&hellip;]<\/p>\n","protected":false},"author":625,"featured_media":0,"parent":0,"menu_order":0,"comment_status":"closed","ping_status":"closed","template":"","meta":{"footnotes":""},"class_list":["post-210","page","type-page","status-publish","hentry"],"_links":{"self":[{"href":"https:\/\/docsites.cgmlife.com\/146960314643\/wp-json\/wp\/v2\/pages\/210","targetHints":{"allow":["GET"]}}],"collection":[{"href":"https:\/\/docsites.cgmlife.com\/146960314643\/wp-json\/wp\/v2\/pages"}],"about":[{"href":"https:\/\/docsites.cgmlife.com\/146960314643\/wp-json\/wp\/v2\/types\/page"}],"author":[{"embeddable":true,"href":"https:\/\/docsites.cgmlife.com\/146960314643\/wp-json\/wp\/v2\/users\/625"}],"replies":[{"embeddable":true,"href":"https:\/\/docsites.cgmlife.com\/146960314643\/wp-json\/wp\/v2\/comments?post=210"}],"version-history":[{"count":1,"href":"https:\/\/docsites.cgmlife.com\/146960314643\/wp-json\/wp\/v2\/pages\/210\/revisions"}],"predecessor-version":[{"id":211,"href":"https:\/\/docsites.cgmlife.com\/146960314643\/wp-json\/wp\/v2\/pages\/210\/revisions\/211"}],"wp:attachment":[{"href":"https:\/\/docsites.cgmlife.com\/146960314643\/wp-json\/wp\/v2\/media?parent=210"}],"curies":[{"name":"wp","href":"https:\/\/api.w.org\/{rel}","templated":true}]}}