{"id":5,"date":"2013-02-05T11:32:20","date_gmt":"2013-02-05T09:32:20","guid":{"rendered":"http:\/\/docsites.cgmlife.com\/medistar\/?page_id=5"},"modified":"2026-04-07T10:23:11","modified_gmt":"2026-04-07T08:23:11","slug":"online-dienste","status":"publish","type":"page","link":"https:\/\/docsites.cgmlife.com\/146960314643\/online-dienste\/","title":{"rendered":"Online-Dienste"},"content":{"rendered":"<p><strong>Bitte online Terminvereinbarung nur noch \u00fcber den button von Doctolib (erscheint im Start Menue) vereinbaren.<\/strong><\/p>\n<p>Termine die \u00fcber Docsite vereinbart werden, erscheinen nicht in unserem System und k\u00f6nnen nicht realisiert werden!!!!!!!!!!!!!!!!!!<\/p>\n\n\n<p><\/p>\n\n\n\n<p><\/p>\n","protected":false},"excerpt":{"rendered":"<p>Bitte online Terminvereinbarung nur noch \u00fcber den button von Doctolib (erscheint im Start Menue) vereinbaren. Termine die \u00fcber Docsite vereinbart werden, erscheinen nicht in unserem System und k\u00f6nnen nicht realisiert werden!!!!!!!!!!!!!!!!!!<\/p>\n","protected":false},"author":645,"featured_media":0,"parent":0,"menu_order":0,"comment_status":"closed","ping_status":"closed","template":"","meta":{"footnotes":""},"class_list":["post-5","page","type-page","status-publish","hentry"],"_links":{"self":[{"href":"https:\/\/docsites.cgmlife.com\/146960314643\/wp-json\/wp\/v2\/pages\/5","targetHints":{"allow":["GET"]}}],"collection":[{"href":"https:\/\/docsites.cgmlife.com\/146960314643\/wp-json\/wp\/v2\/pages"}],"about":[{"href":"https:\/\/docsites.cgmlife.com\/146960314643\/wp-json\/wp\/v2\/types\/page"}],"author":[{"embeddable":true,"href":"https:\/\/docsites.cgmlife.com\/146960314643\/wp-json\/wp\/v2\/users\/645"}],"replies":[{"embeddable":true,"href":"https:\/\/docsites.cgmlife.com\/146960314643\/wp-json\/wp\/v2\/comments?post=5"}],"version-history":[{"count":6,"href":"https:\/\/docsites.cgmlife.com\/146960314643\/wp-json\/wp\/v2\/pages\/5\/revisions"}],"predecessor-version":[{"id":277,"href":"https:\/\/docsites.cgmlife.com\/146960314643\/wp-json\/wp\/v2\/pages\/5\/revisions\/277"}],"wp:attachment":[{"href":"https:\/\/docsites.cgmlife.com\/146960314643\/wp-json\/wp\/v2\/media?parent=5"}],"curies":[{"name":"wp","href":"https:\/\/api.w.org\/{rel}","templated":true}]}}