{"id":125,"date":"2016-09-14T18:39:48","date_gmt":"2016-09-14T16:39:48","guid":{"rendered":"http:\/\/docsites.cgmlife.com\/147325057143\/?page_id=125"},"modified":"2016-09-14T18:39:48","modified_gmt":"2016-09-14T16:39:48","slug":"unsere-leistungen","status":"publish","type":"page","link":"https:\/\/docsites.cgmlife.com\/147325057143\/unsere-leistungen\/","title":{"rendered":"Unsere Leistungen"},"content":{"rendered":"<p>K\u00f6rperliche Untersuchungen<br \/>\nBeratungen zu allen Gesundheitsfragen, zu Patientenverf\u00fcgungen, Reisemedizin etc.<br \/>\nLabor-Untersuchungen<br \/>\nEKG und Vektorkardiographie<br \/>\nLungenfunktionspr\u00fcfung<br \/>\nBlutdrucklangzeitmessung<br \/>\nVorsorge-Untersuchungen<br \/>\nF\u00fchrerscheinuntersuchungen<br \/>\nTauchsportuntersuchungen<br \/>\nImpfungen<br \/>\nHausbesuche<br \/>\nGutachten \/ Atteste \/ Kurantr\u00e4ge \/Rentenantr\u00e4ge<br \/>\nKleine Chirurgie<br \/>\nPsychotherapie<br \/>\nGeriatrie<br \/>\nSpez. Schmerztherapie<br \/>\nPsychosomatische Betreuung <\/p>\n","protected":false},"excerpt":{"rendered":"<p>K\u00f6rperliche Untersuchungen Beratungen zu allen Gesundheitsfragen, zu Patientenverf\u00fcgungen, Reisemedizin etc. Labor-Untersuchungen EKG und Vektorkardiographie Lungenfunktionspr\u00fcfung Blutdrucklangzeitmessung Vorsorge-Untersuchungen F\u00fchrerscheinuntersuchungen Tauchsportuntersuchungen Impfungen Hausbesuche Gutachten \/ Atteste \/ Kurantr\u00e4ge \/Rentenantr\u00e4ge Kleine Chirurgie Psychotherapie Geriatrie Spez. Schmerztherapie Psychosomatische Betreuung<\/p>\n","protected":false},"author":653,"featured_media":0,"parent":0,"menu_order":0,"comment_status":"closed","ping_status":"closed","template":"","meta":{"footnotes":""},"class_list":["post-125","page","type-page","status-publish","hentry"],"_links":{"self":[{"href":"https:\/\/docsites.cgmlife.com\/147325057143\/wp-json\/wp\/v2\/pages\/125","targetHints":{"allow":["GET"]}}],"collection":[{"href":"https:\/\/docsites.cgmlife.com\/147325057143\/wp-json\/wp\/v2\/pages"}],"about":[{"href":"https:\/\/docsites.cgmlife.com\/147325057143\/wp-json\/wp\/v2\/types\/page"}],"author":[{"embeddable":true,"href":"https:\/\/docsites.cgmlife.com\/147325057143\/wp-json\/wp\/v2\/users\/653"}],"replies":[{"embeddable":true,"href":"https:\/\/docsites.cgmlife.com\/147325057143\/wp-json\/wp\/v2\/comments?post=125"}],"version-history":[{"count":2,"href":"https:\/\/docsites.cgmlife.com\/147325057143\/wp-json\/wp\/v2\/pages\/125\/revisions"}],"predecessor-version":[{"id":359,"href":"https:\/\/docsites.cgmlife.com\/147325057143\/wp-json\/wp\/v2\/pages\/125\/revisions\/359"}],"wp:attachment":[{"href":"https:\/\/docsites.cgmlife.com\/147325057143\/wp-json\/wp\/v2\/media?parent=125"}],"curies":[{"name":"wp","href":"https:\/\/api.w.org\/{rel}","templated":true}]}}