{"id":2,"date":"2013-02-05T09:30:54","date_gmt":"2013-02-05T07:30:54","guid":{"rendered":"http:\/\/docsites.cgmlife.com\/medistar\/?page_id=2"},"modified":"2023-01-11T18:26:18","modified_gmt":"2023-01-11T16:26:18","slug":"beispiel-seite","status":"publish","type":"page","link":"https:\/\/docsites.cgmlife.com\/147325057143\/","title":{"rendered":"Start"},"content":{"rendered":"<p><span style=\"font-size: medium; color: #000000;\">Wichtiger Hinweis: Um Sie zu sch\u00fctzen f\u00fchren wir ab sofort eine zeitliche Trennung der Patientinnen und Patienten ein. Solche MIT INFEKTZEICHEN, die mit einer Coronaerkrankung zusammenh\u00e4ngen k\u00f6nnten, werde am Ende der Sprechzeiten behandelt. Alle anderen davor. Da das Aufkommen stark variieren kann, k\u00f6nnen wir derzeit hierf\u00fcr keine festen Zeiten angeben.<\/span><\/p>\n<p><span style=\"font-size: medium; color: #000000;\">Rufen Sie also bitte vor einem Besuch bei uns an und fragen,\u00a0 ab bzw. bis wann Sie kommen k\u00f6nnen.<\/span><\/p>\n<p><span style=\"font-size: medium; color: #000000;\">Vielen Dank f\u00fcr Ihr Verst\u00e4ndnis, der Schutz Ihrer Gesundheit steht bei uns an erster Stelle.<\/span><\/p>\n<p><span style=\"font-size: medium; color: #000000;\">Ihr Praxisteam<\/span><\/p>\n<p><span style=\"font-size: medium; color: #000000;\">Wichtiger Hinweis: F\u00fcr Bestellungen von Rezepten oder Verordnungen verwenden Sie bitte NICHT unsere Email-Adresse. Bestellungen ausschlie\u00dflich telefonisch per Hotline 06633\/643517 oder hier \u00fcber die Rubrik &#8222;Online-Dienste&#8220; (Anmeldung erforderlich)<\/span><\/p>\n<p><span style=\"font-size: medium; color: #000000;\">Bestellungen \u00fcber Email werden NICHT beantwortet. Vielen Dank!<\/span><\/p>\n","protected":false},"excerpt":{"rendered":"<p>Wichtiger Hinweis: Um Sie zu sch\u00fctzen f\u00fchren wir ab sofort eine zeitliche Trennung der Patientinnen und Patienten ein. Solche MIT INFEKTZEICHEN, die mit einer Coronaerkrankung zusammenh\u00e4ngen k\u00f6nnten, werde am Ende der Sprechzeiten behandelt. Alle anderen davor. Da das Aufkommen stark variieren kann, k\u00f6nnen wir derzeit hierf\u00fcr keine festen Zeiten angeben. Rufen Sie also bitte vor [&hellip;]<\/p>\n","protected":false},"author":653,"featured_media":0,"parent":0,"menu_order":-1,"comment_status":"closed","ping_status":"closed","template":"","meta":{"footnotes":""},"class_list":["post-2","page","type-page","status-publish","hentry"],"_links":{"self":[{"href":"https:\/\/docsites.cgmlife.com\/147325057143\/wp-json\/wp\/v2\/pages\/2","targetHints":{"allow":["GET"]}}],"collection":[{"href":"https:\/\/docsites.cgmlife.com\/147325057143\/wp-json\/wp\/v2\/pages"}],"about":[{"href":"https:\/\/docsites.cgmlife.com\/147325057143\/wp-json\/wp\/v2\/types\/page"}],"author":[{"embeddable":true,"href":"https:\/\/docsites.cgmlife.com\/147325057143\/wp-json\/wp\/v2\/users\/653"}],"replies":[{"embeddable":true,"href":"https:\/\/docsites.cgmlife.com\/147325057143\/wp-json\/wp\/v2\/comments?post=2"}],"version-history":[{"count":76,"href":"https:\/\/docsites.cgmlife.com\/147325057143\/wp-json\/wp\/v2\/pages\/2\/revisions"}],"predecessor-version":[{"id":361,"href":"https:\/\/docsites.cgmlife.com\/147325057143\/wp-json\/wp\/v2\/pages\/2\/revisions\/361"}],"wp:attachment":[{"href":"https:\/\/docsites.cgmlife.com\/147325057143\/wp-json\/wp\/v2\/media?parent=2"}],"curies":[{"name":"wp","href":"https:\/\/api.w.org\/{rel}","templated":true}]}}