{"id":5,"date":"2013-02-05T11:32:20","date_gmt":"2013-02-05T09:32:20","guid":{"rendered":"http:\/\/docsites.cgmlife.com\/medistar\/?page_id=5"},"modified":"2013-10-18T08:09:49","modified_gmt":"2013-10-18T06:09:49","slug":"online-dienste","status":"publish","type":"page","link":"https:\/\/docsites.cgmlife.com\/1495007094313\/online-dienste\/","title":{"rendered":"On-line slu\u017eby eSERVICES"},"content":{"rendered":"<p>Informa\u010dn\u00ed text, pokud CGM LIFE z\u00e1kaznick\u00e9 \u010d\u00edslo nen\u00ed nastaveno<\/p>\n","protected":false},"excerpt":{"rendered":"","protected":false},"author":627,"featured_media":0,"parent":0,"menu_order":0,"comment_status":"closed","ping_status":"closed","template":"","meta":{"footnotes":""},"class_list":["post-5","page","type-page","status-publish","hentry"],"_links":{"self":[{"href":"https:\/\/docsites.cgmlife.com\/1495007094313\/wp-json\/wp\/v2\/pages\/5","targetHints":{"allow":["GET"]}}],"collection":[{"href":"https:\/\/docsites.cgmlife.com\/1495007094313\/wp-json\/wp\/v2\/pages"}],"about":[{"href":"https:\/\/docsites.cgmlife.com\/1495007094313\/wp-json\/wp\/v2\/types\/page"}],"author":[{"embeddable":true,"href":"https:\/\/docsites.cgmlife.com\/1495007094313\/wp-json\/wp\/v2\/users\/627"}],"replies":[{"embeddable":true,"href":"https:\/\/docsites.cgmlife.com\/1495007094313\/wp-json\/wp\/v2\/comments?post=5"}],"version-history":[{"count":0,"href":"https:\/\/docsites.cgmlife.com\/1495007094313\/wp-json\/wp\/v2\/pages\/5\/revisions"}],"wp:attachment":[{"href":"https:\/\/docsites.cgmlife.com\/1495007094313\/wp-json\/wp\/v2\/media?parent=5"}],"curies":[{"name":"wp","href":"https:\/\/api.w.org\/{rel}","templated":true}]}}