{"id":6,"date":"2013-02-05T11:33:02","date_gmt":"2013-02-05T09:33:02","guid":{"rendered":"http:\/\/docsites.cgmlife.com\/medistar\/?page_id=6"},"modified":"2013-10-18T08:10:14","modified_gmt":"2013-10-18T06:10:14","slug":"praxis","status":"publish","type":"page","link":"https:\/\/docsites.cgmlife.com\/1495007094313\/praxis\/","title":{"rendered":"Ordinace"},"content":{"rendered":"<div id=\"id841\">\n<div id=\"id841\">\n<h1>Ordinace<\/h1>\n<\/div>\n<div id=\"id3413\">\n<div>\n<table border=\"0\">\n<caption>konzulta\u010dn\u00ed hodiny<\/caption>\n<thead>\n<tr>\n<th>\u00a0<\/th>\n<th>dopoledne<\/th>\n<th>odpoledne<\/th>\n<\/tr>\n<\/thead>\n<tfoot>\n<tr>\n<td>p\u00e1tek<\/td>\n<td>08:45 &#8211; 12:15 Uhr<\/td>\n<td>\u00a0<\/td>\n<\/tr>\n<\/tfoot>\n<tbody>\n<tr>\n<td>pond\u011bl\u00ed<\/td>\n<td>08:45 &#8211; 12:15 Uhr<\/td>\n<td>14:45 &#8211; 17:15 Uhr<\/td>\n<\/tr>\n<tr>\n<td>\u00fater\u00fd<\/td>\n<td>08:45 &#8211; 12:15 Uhr<\/td>\n<td>\u00a0<\/td>\n<\/tr>\n<tr>\n<td>s\u0159eda<\/td>\n<td>08:45 &#8211; 12:15 Uhr<\/td>\n<td>\u00a0<\/td>\n<\/tr>\n<tr>\n<td>\u010dtvrtek<\/td>\n<td>08:45 &#8211; 12:15 Uhr<\/td>\n<td>\u00a0<\/td>\n<\/tr>\n<\/tbody>\n<\/table>\n<\/div>\n<\/div>\n<p id=\"id3537\">\u00a0<\/p>\n<\/div>\n<p>Telefon: 123456789<\/p>\n","protected":false},"excerpt":{"rendered":"<p>Ordinace konzulta\u010dn\u00ed hodiny \u00a0 dopoledne odpoledne p\u00e1tek 08:45 &#8211; 12:15 Uhr \u00a0 pond\u011bl\u00ed 08:45 &#8211; 12:15 Uhr 14:45 &#8211; 17:15 Uhr \u00fater\u00fd 08:45 &#8211; 12:15 Uhr \u00a0 s\u0159eda 08:45 &#8211; 12:15 Uhr \u00a0 \u010dtvrtek 08:45 &#8211; 12:15 Uhr \u00a0 \u00a0 Telefon: 123456789<\/p>\n","protected":false},"author":627,"featured_media":0,"parent":0,"menu_order":0,"comment_status":"closed","ping_status":"closed","template":"","meta":{"footnotes":""},"class_list":["post-6","page","type-page","status-publish","hentry"],"_links":{"self":[{"href":"https:\/\/docsites.cgmlife.com\/1495007094313\/wp-json\/wp\/v2\/pages\/6","targetHints":{"allow":["GET"]}}],"collection":[{"href":"https:\/\/docsites.cgmlife.com\/1495007094313\/wp-json\/wp\/v2\/pages"}],"about":[{"href":"https:\/\/docsites.cgmlife.com\/1495007094313\/wp-json\/wp\/v2\/types\/page"}],"author":[{"embeddable":true,"href":"https:\/\/docsites.cgmlife.com\/1495007094313\/wp-json\/wp\/v2\/users\/627"}],"replies":[{"embeddable":true,"href":"https:\/\/docsites.cgmlife.com\/1495007094313\/wp-json\/wp\/v2\/comments?post=6"}],"version-history":[{"count":0,"href":"https:\/\/docsites.cgmlife.com\/1495007094313\/wp-json\/wp\/v2\/pages\/6\/revisions"}],"wp:attachment":[{"href":"https:\/\/docsites.cgmlife.com\/1495007094313\/wp-json\/wp\/v2\/media?parent=6"}],"curies":[{"name":"wp","href":"https:\/\/api.w.org\/{rel}","templated":true}]}}