{"id":6,"date":"2013-02-05T11:33:02","date_gmt":"2013-02-05T09:33:02","guid":{"rendered":"http:\/\/docsites.cgmlife.com\/medistar\/?page_id=6"},"modified":"2017-06-07T09:53:38","modified_gmt":"2017-06-07T07:53:38","slug":"ordinace","status":"publish","type":"page","link":"https:\/\/docsites.cgmlife.com\/PRAGMED\/ordinace\/","title":{"rendered":"Ordinace"},"content":{"rendered":"<div id=\"id841\">\n<div id=\"id841\">\n<h1>Ordinace<\/h1>\n<\/div>\n<div id=\"id3413\">\n<table border=\"0\">\n<caption>konzulta\u010dn\u00ed hodiny<\/caption>\n<thead>\n<tr>\n<th><\/th>\n<th>dopoledne<\/th>\n<th>odpoledne<\/th>\n<\/tr>\n<\/thead>\n<tfoot>\n<tr>\n<td>p\u00e1tek<\/td>\n<td style=\"text-align: center;\">\n<pre>8:00-13:00<\/pre>\n<\/td>\n<td><\/td>\n<\/tr>\n<\/tfoot>\n<tbody>\n<tr>\n<td>pond\u011bl\u00ed<\/td>\n<td><\/td>\n<td style=\"text-align: center;\">\n<pre>13:00 -18:00<\/pre>\n<\/td>\n<\/tr>\n<tr>\n<td>\u00fater\u00fd<\/td>\n<td style=\"text-align: center;\">\n<pre>8:00-13:00<\/pre>\n<\/td>\n<td><\/td>\n<\/tr>\n<tr>\n<td>st\u0159eda<\/td>\n<td>\n<pre>8:00-13:00 - pouze objednan\u00ed<\/pre>\n<\/td>\n<td style=\"text-align: center;\">\n<pre>13:00 -18:00<\/pre>\n<\/td>\n<\/tr>\n<tr>\n<td>\u010dtvrtek<\/td>\n<td style=\"text-align: center;\">\n<pre>8:00-13:00<\/pre>\n<\/td>\n<td><\/td>\n<\/tr>\n<\/tbody>\n<\/table>\n<\/div>\n<p id=\"id3537\">\n<\/div>\n<p>Telefon: +420\u00a0233 373 645<\/p>\n","protected":false},"excerpt":{"rendered":"<p>Ordinace konzulta\u010dn\u00ed hodiny dopoledne odpoledne p\u00e1tek 8:00-13:00 pond\u011bl\u00ed 13:00 -18:00 \u00fater\u00fd 8:00-13:00 st\u0159eda 8:00-13:00 &#8211; pouze objednan\u00ed 13:00 -18:00 \u010dtvrtek 8:00-13:00 Telefon: +420\u00a0233 373 645<\/p>\n","protected":false},"author":692,"featured_media":0,"parent":0,"menu_order":0,"comment_status":"closed","ping_status":"closed","template":"","meta":{"footnotes":""},"class_list":["post-6","page","type-page","status-publish","hentry"],"_links":{"self":[{"href":"https:\/\/docsites.cgmlife.com\/PRAGMED\/wp-json\/wp\/v2\/pages\/6","targetHints":{"allow":["GET"]}}],"collection":[{"href":"https:\/\/docsites.cgmlife.com\/PRAGMED\/wp-json\/wp\/v2\/pages"}],"about":[{"href":"https:\/\/docsites.cgmlife.com\/PRAGMED\/wp-json\/wp\/v2\/types\/page"}],"author":[{"embeddable":true,"href":"https:\/\/docsites.cgmlife.com\/PRAGMED\/wp-json\/wp\/v2\/users\/692"}],"replies":[{"embeddable":true,"href":"https:\/\/docsites.cgmlife.com\/PRAGMED\/wp-json\/wp\/v2\/comments?post=6"}],"version-history":[{"count":6,"href":"https:\/\/docsites.cgmlife.com\/PRAGMED\/wp-json\/wp\/v2\/pages\/6\/revisions"}],"predecessor-version":[{"id":149,"href":"https:\/\/docsites.cgmlife.com\/PRAGMED\/wp-json\/wp\/v2\/pages\/6\/revisions\/149"}],"wp:attachment":[{"href":"https:\/\/docsites.cgmlife.com\/PRAGMED\/wp-json\/wp\/v2\/media?parent=6"}],"curies":[{"name":"wp","href":"https:\/\/api.w.org\/{rel}","templated":true}]}}