{"id":10,"date":"2013-02-05T11:37:41","date_gmt":"2013-02-05T09:37:41","guid":{"rendered":"http:\/\/docsites.cgmlife.com\/medistar\/?page_id=10"},"modified":"2023-11-20T11:16:02","modified_gmt":"2023-11-20T10:16:02","slug":"onas","status":"publish","type":"page","link":"https:\/\/docsites.cgmlife.com\/barmed\/onas\/","title":{"rendered":"O n\u00e1s"},"content":{"rendered":"\n<p>V na\u0161\u00ed ambulanci klademe d\u016fraz na individu\u00e1ln\u00ed p\u0159\u00edstup k pacient\u016fm.<\/p>\n\n\n\n<p>Nosn\u00fdm programem jsou preventivn\u00ed prohl\u00eddky, na kter\u00e9 jsou klienti objedn\u00e1v\u00e1ni na ur\u010ditou hodinu.<\/p>\n\n\n\n<p>Smluvn\u00edm partner\u016fm nab\u00edz\u00edme zaji\u0161t\u011bn\u00ed pracovn\u011b l\u00e9ka\u0159sk\u00fdch slu\u017eeb.<\/p>\n\n\n\n<p>Rozhodnut\u00edm ministra zdravotnictv\u00ed \u010cR Doc. Hegera ze 31.ledna.2012 byla na\u0161emu pracovi\u0161ti ud\u011blena akreditace pro obor specializa\u010dn\u00edho vzd\u011bl\u00e1v\u00e1n\u00ed v\u0161eobecn\u00e9 praktick\u00e9 l\u00e9ka\u0159stv\u00ed &#8211; stali jsme se tedy \u0161kol\u00edc\u00edm pracovi\u0161t\u011bm pro adepty oboru.<\/p>\n\n\n\n<h1 class=\"wp-block-heading has-black-color has-text-color\">N\u00c1\u0160 T\u00ddM<\/h1>\n\n\n\n<h3 class=\"wp-block-heading has-vivid-red-color has-text-color\">MUDr. Ji\u0159\u00ed Barto\u0161<\/h3>\n\n\n\n<p>absolovent obor\u016f V\u0161eobecn\u00e9 l\u00e9ka\u0159stv\u00ed a Stomatologie LF MU Brno<\/p>\n\n\n\n<p>Atestace I.stupn\u011b z chirurgie<\/p>\n\n\n\n<p>Atestace I.stupn\u011b z praktick\u00e9ho l\u00e9ka\u0159stv\u00ed pro dosp\u011bl\u00e9<\/p>\n\n\n\n<p>M\u00edstop\u0159edseda okresn\u00edho sdru\u017een\u00ed \u010cesk\u00e9 l\u00e9ka\u0159sk\u00e9 komory (\u010cLK) v B\u0159eclavi<\/p>\n\n\n\n<p>\u010clen Sdru\u017een\u00ed praktick\u00fdch l\u00e9ka\u0159\u016f \u010cR (SPL), \u010dlen celorepublikov\u00e9ho V\u00fdboru SPL \u010cR<\/p>\n\n\n\n<p>\u010clen Spole\u010dnosti v\u0161eobecn\u00e9ho l\u00e9ka\u0159stv\u00ed \u010cesk\u00e9 l\u00e9ka\u0159sk\u00e9 spole\u010dnosti J. E. Purkyn\u011b (SVL \u010cLS JEP),\u010dlen celorepublikov\u00e9ho v\u00fdboru SVL \u010cR<\/p>\n\n\n\n<p>\u010clen\u00a0Sv\u011btov\u00e9 organizace rodinn\u00fdch l\u00e9ka\u0159\u016f WONCA a jej\u00ed evropsk\u00e9 odno\u017ee WONCA Europe<\/p>\n\n\n\n<p>\u010clen Royal College of General Practitioners \/UK\/<\/p>\n\n\n\n<p>\u010clen The International Society of Travel Medicine \/ISTM\/<\/p>\n\n\n\n<p>\u010clen European Forum for Primary Care \/EFPC\/<\/p>\n\n\n\n<h3 class=\"wp-block-heading has-vivid-red-color has-text-color\">MUDr. Lenka Smejkalov\u00e1<\/h3>\n\n\n\n<p><span style=\"color: #000000;\">l\u00e9ka\u0159ka s atestac\u00ed v oborech V\u0161eobecn\u00e9 praktick\u00e9 l\u00e9ka\u0159stv\u00ed a\u00a0 C\u00e9vn\u00ed chirurgie<\/span><\/p>\n\n\n\n<h3 class=\"wp-block-heading has-vivid-red-color has-text-color\">MUDr. Eli\u0161ka Rampulov\u00e1<\/h3>\n\n\n\n<p><span style=\"color: #000000;\">rezidentka v p\u0159\u00edprav\u011b k atestaci ze V\u0161eobecn\u00e9ho praktick\u00e9ho l\u00e9ka\u0159stv\u00ed pro dosp\u011bl\u00e9<\/span><\/p>\n\n\n\n<h3 class=\"wp-block-heading has-vivid-cyan-blue-color has-text-color\">Bc. Marcela P\u0159ikrylov\u00e1<\/h3>\n\n\n\n<p>v\u0161eobecn\u00e1 zdravotn\u00ed sestra Moravsk\u00e1 Nov\u00e1 Ves<\/p>\n\n\n\n<p>absoloventka&nbsp;V\u0160 Zdravotnick\u00e9 v oboru v\u0161eobecn\u00e1 sestra a o\u0161et\u0159ovatelstv\u00ed<\/p>\n\n\n\n<h3 class=\"wp-block-heading has-vivid-cyan-blue-color has-text-color\">Jitka \u0160o\u0161ovi\u010dkov\u00e1<\/h3>\n\n\n\n<p>v\u0161eobecn\u00e1 zdravotn\u00ed sestra Lu\u017eice\u00a0<\/p>\n\n\n\n<h3 class=\"wp-block-heading has-vivid-cyan-blue-color has-text-color\">Bc. Miroslava \u010cechov\u00e1<\/h3>\n\n\n\n<p>v\u0161eobecn\u00e1 zdravotn\u00ed sestra\u00a0<\/p>\n\n\n\n<p>absoloventka\u00a0V\u0160 Zdravotnick\u00e9 v oboru v\u0161eobecn\u00e1 sestra a o\u0161et\u0159ovatelstv\u00ed\u00a0<\/p>\n","protected":false},"excerpt":{"rendered":"<p>V na\u0161\u00ed ambulanci klademe d\u016fraz na individu\u00e1ln\u00ed p\u0159\u00edstup k pacient\u016fm. Nosn\u00fdm programem jsou preventivn\u00ed prohl\u00eddky, na kter\u00e9 jsou klienti objedn\u00e1v\u00e1ni na ur\u010ditou hodinu. Smluvn\u00edm partner\u016fm nab\u00edz\u00edme zaji\u0161t\u011bn\u00ed pracovn\u011b l\u00e9ka\u0159sk\u00fdch slu\u017eeb. Rozhodnut\u00edm ministra zdravotnictv\u00ed \u010cR Doc. Hegera ze 31.ledna.2012 byla na\u0161emu pracovi\u0161ti ud\u011blena akreditace pro obor specializa\u010dn\u00edho vzd\u011bl\u00e1v\u00e1n\u00ed v\u0161eobecn\u00e9 praktick\u00e9 l\u00e9ka\u0159stv\u00ed &#8211; stali jsme se tedy [&hellip;]<\/p>\n","protected":false},"author":612,"featured_media":0,"parent":0,"menu_order":1000,"comment_status":"closed","ping_status":"closed","template":"","meta":{"footnotes":""},"class_list":["post-10","page","type-page","status-publish","hentry"],"_links":{"self":[{"href":"https:\/\/docsites.cgmlife.com\/barmed\/wp-json\/wp\/v2\/pages\/10","targetHints":{"allow":["GET"]}}],"collection":[{"href":"https:\/\/docsites.cgmlife.com\/barmed\/wp-json\/wp\/v2\/pages"}],"about":[{"href":"https:\/\/docsites.cgmlife.com\/barmed\/wp-json\/wp\/v2\/types\/page"}],"author":[{"embeddable":true,"href":"https:\/\/docsites.cgmlife.com\/barmed\/wp-json\/wp\/v2\/users\/612"}],"replies":[{"embeddable":true,"href":"https:\/\/docsites.cgmlife.com\/barmed\/wp-json\/wp\/v2\/comments?post=10"}],"version-history":[{"count":13,"href":"https:\/\/docsites.cgmlife.com\/barmed\/wp-json\/wp\/v2\/pages\/10\/revisions"}],"predecessor-version":[{"id":905,"href":"https:\/\/docsites.cgmlife.com\/barmed\/wp-json\/wp\/v2\/pages\/10\/revisions\/905"}],"wp:attachment":[{"href":"https:\/\/docsites.cgmlife.com\/barmed\/wp-json\/wp\/v2\/media?parent=10"}],"curies":[{"name":"wp","href":"https:\/\/api.w.org\/{rel}","templated":true}]}}