{"id":138,"date":"2015-12-05T14:36:55","date_gmt":"2015-12-05T12:36:55","guid":{"rendered":"http:\/\/docsites.cgmlife.com\/barmed\/?page_id=138"},"modified":"2023-11-20T11:53:42","modified_gmt":"2023-11-20T10:53:42","slug":"kontakty","status":"publish","type":"page","link":"https:\/\/docsites.cgmlife.com\/barmed\/kontakty\/","title":{"rendered":"Kontakty"},"content":{"rendered":"\n<h2 class=\"wp-block-heading\">BARMED S.R.O.<\/h2>\n\n\n\n<p>IC : 28350723<\/p>\n\n\n\n<p><span style=\"text-decoration: underline;\">Bankovn\u00ed spojen\u00ed:<\/span> Raiffeisen Bank &#8211; 399 765 5001 \/ 5500<\/p>\n\n\n\n<p class=\"has-vivid-red-color has-text-color\">Ordinace PL pro dosp\u011bl\u00e9 , MUDr. Ji\u0159\u00ed Barto\u0161, N\u00e1m\u011bst\u00ed Republiky 107. 691 55 Moravsk\u00e1 Nov\u00e1 Ves<\/p>\n\n\n\n<p><span style=\"text-decoration: underline;\">telefon:<\/span> <mark style=\"background-color:rgba(0, 0, 0, 0)\" class=\"has-inline-color has-vivid-red-color\">+420 774 234 116<\/mark><\/p>\n\n\n\n<p><span style=\"text-decoration: underline;\">e-mail:<\/span> <mark style=\"background-color:rgba(0, 0, 0, 0)\" class=\"has-inline-color has-vivid-red-color\">barmedmnv@gmail.com<\/mark><\/p>\n\n\n\n<p><mark style=\"background-color:rgba(0, 0, 0, 0)\" class=\"has-inline-color has-vivid-green-cyan-color\">Ordinace PL pro dosp\u011bl\u00e9 , MUDr. Ji\u0159\u00ed Barto\u0161,\u00a0Velkomoravsk\u00e1 900,\u00a0696 18 Lu\u017eice<\/mark><\/p>\n\n\n\n<p><span style=\"text-decoration: underline;\">telefon:<\/span> <mark style=\"background-color:rgba(0, 0, 0, 0)\" class=\"has-inline-color has-vivid-green-cyan-color\">608 542 973<\/mark><\/p>\n\n\n\n<p><span style=\"text-decoration: underline;\">email:<\/span> <mark style=\"background-color:rgba(0, 0, 0, 0)\" class=\"has-inline-color has-vivid-green-cyan-color\">ordinacemnd@seznam.cz<\/mark><\/p>\n\n\n\n<p><span style=\"text-decoration: underline;\">web:<\/span> <a href=\"https:\/\/docsites.cmglife.com\/barmed\"><mark style=\"background-color:rgba(0, 0, 0, 0)\" class=\"has-inline-color has-vivid-cyan-blue-color\">https:\/\/docsites.cmglife.com\/barmed<\/mark><\/a><\/p>\n\n\n\n<p><span style=\"text-decoration: underline;\">Skype:<\/span> <mark style=\"background-color:rgba(0, 0, 0, 0)\" class=\"has-inline-color has-vivid-cyan-blue-color\">Ordinace MUDr. Ji\u0159\u00edho Barto\u0161e<\/mark><\/p>\n\n\n\n<p><span style=\"text-decoration: underline;\">Facebook:<\/span> <a href=\"https:\/\/www.facebook.com\/barmedSRO\/\"><mark style=\"background-color:rgba(0, 0, 0, 0)\" class=\"has-inline-color has-vivid-cyan-blue-color\">Barmed SRO<\/mark><\/a><\/p>\n","protected":false},"excerpt":{"rendered":"<p>BARMED S.R.O. IC : 28350723 Bankovn\u00ed spojen\u00ed: Raiffeisen Bank &#8211; 399 765 5001 \/ 5500 Ordinace PL pro dosp\u011bl\u00e9 , MUDr. Ji\u0159\u00ed Barto\u0161, N\u00e1m\u011bst\u00ed Republiky 107. 691 55 Moravsk\u00e1 Nov\u00e1 Ves telefon: +420 774 234 116 e-mail: barmedmnv@gmail.com Ordinace PL pro dosp\u011bl\u00e9 , MUDr. Ji\u0159\u00ed Barto\u0161,\u00a0Velkomoravsk\u00e1 900,\u00a0696 18 Lu\u017eice telefon: 608 542 973 email: ordinacemnd@seznam.cz [&hellip;]<\/p>\n","protected":false},"author":612,"featured_media":0,"parent":0,"menu_order":0,"comment_status":"closed","ping_status":"closed","template":"","meta":{"footnotes":""},"class_list":["post-138","page","type-page","status-publish","hentry"],"_links":{"self":[{"href":"https:\/\/docsites.cgmlife.com\/barmed\/wp-json\/wp\/v2\/pages\/138","targetHints":{"allow":["GET"]}}],"collection":[{"href":"https:\/\/docsites.cgmlife.com\/barmed\/wp-json\/wp\/v2\/pages"}],"about":[{"href":"https:\/\/docsites.cgmlife.com\/barmed\/wp-json\/wp\/v2\/types\/page"}],"author":[{"embeddable":true,"href":"https:\/\/docsites.cgmlife.com\/barmed\/wp-json\/wp\/v2\/users\/612"}],"replies":[{"embeddable":true,"href":"https:\/\/docsites.cgmlife.com\/barmed\/wp-json\/wp\/v2\/comments?post=138"}],"version-history":[{"count":14,"href":"https:\/\/docsites.cgmlife.com\/barmed\/wp-json\/wp\/v2\/pages\/138\/revisions"}],"predecessor-version":[{"id":913,"href":"https:\/\/docsites.cgmlife.com\/barmed\/wp-json\/wp\/v2\/pages\/138\/revisions\/913"}],"wp:attachment":[{"href":"https:\/\/docsites.cgmlife.com\/barmed\/wp-json\/wp\/v2\/media?parent=138"}],"curies":[{"name":"wp","href":"https:\/\/api.w.org\/{rel}","templated":true}]}}