{"id":149,"date":"2015-12-06T10:59:56","date_gmt":"2015-12-06T09:59:56","guid":{"rendered":"http:\/\/docsites.cgmlife.com\/barmed\/?page_id=149"},"modified":"2024-05-09T17:11:54","modified_gmt":"2024-05-09T16:11:54","slug":"aktuality-2","status":"publish","type":"page","link":"https:\/\/docsites.cgmlife.com\/barmed\/aktuality-2\/","title":{"rendered":"Aktuality"},"content":{"rendered":"\n<h2 class=\"wp-block-heading\"><span style=\"color: #800080;font-size: large\"><strong>&nbsp;<\/strong><\/span><span style=\"color: #993300\">&nbsp;<\/span><\/h2>\n\n\n\n<h1 class=\"wp-block-heading has-text-align-center\"><span style=\"color: #993300\">V P\u00c1TEK 10.5.2024<\/span><\/h1>\n\n\n\n<h1 class=\"wp-block-heading has-text-align-center\"><span style=\"color: #993300\">L\u00c9KA\u0158 NEORDINUJE <\/span><\/h1>\n\n\n\n<h1 class=\"wp-block-heading has-text-align-center\"><span style=\"color: #993300\">V LU\u017dIC\u00cdCH <\/span><\/h1>\n\n\n\n<h1 class=\"wp-block-heading has-text-align-center has-medium-font-size\">SESTRA NEBUDE ROVN\u011a\u017d V ORDINACI P\u0158\u00cdTOMNA<\/h1>\n\n\n\n<h1 class=\"wp-block-heading has-text-align-center has-medium-font-size\"><span style=\"color: #993300\">Z\u00c1STUP V ORDINACI DR.SVOBODOV\u00c9 V MIKUL\u010cIC\u00cdCH <\/span><\/h1>\n\n\n\n<h1 class=\"wp-block-heading has-text-align-center has-text-color has-link-color has-medium-font-size wp-elements-7b188569843ce0e1fdf1e1cf524433a2\" style=\"color:#010101\"><span style=\"color: #993300\"> OD 10:00 DO 12:00H   <\/span><\/h1>\n\n\n\n<h1 class=\"wp-block-heading has-text-align-center has-text-color has-link-color has-medium-font-size wp-elements-1a598cdecc8057e3eba064c2c75af61c\" style=\"color:#010101\"><span style=\"color: #993300\">POUZE PRO AKUTN\u00cd STAVY <\/span><\/h1>\n\n\n\n<h1 class=\"wp-block-heading has-text-align-center has-text-color has-link-color has-medium-font-size wp-elements-9aed2af01ad01bbd56f6a6e2c90b220a\" style=\"color:#010101\"><span style=\"color: #993300\">K VY\u0160ET\u0158EN\u00cd JE T\u0158EBA SE P\u0158EDEM OBJEDNAT<\/span> <\/h1>\n\n\n\n<h1 class=\"wp-block-heading has-text-align-center has-text-color has-link-color has-medium-font-size wp-elements-ea1d66ed8573469607adf23d3cd157f8\" style=\"color:#010101\">TELEFON : 518 321 192<\/h1>\n\n\n\n<h2 class=\"wp-block-heading has-text-align-center\"><span style=\"font-size: large;color: #0000ff\"><strong> &nbsp; &nbsp; &nbsp; &nbsp; &nbsp; &nbsp; &nbsp; &nbsp; &nbsp; &nbsp; &nbsp; &nbsp; &nbsp; &nbsp; &nbsp; &nbsp; &nbsp; &nbsp; &nbsp; &nbsp; &nbsp; &nbsp; &nbsp; &nbsp; &nbsp; &nbsp; &nbsp; &nbsp; &nbsp; &nbsp; &nbsp; &nbsp; &nbsp; &nbsp; &nbsp; &nbsp;&nbsp;<\/strong><\/span><\/h2>\n\n\n\n<p class=\"has-text-align-center\"><span style=\"font-size: large;color: #0000ff\"><strong>&nbsp;&nbsp;<\/strong><\/span><strong style=\"color: #ff0000;font-size: large\">OBJEDN\u00c1V\u00c1N\u00cd K VY\u0160ET\u0158EN\u00cd V NA\u0160ICH ORDINAC\u00cdCH ZAJI\u0160\u0164UJ\u00cd V\u00ddHRADN\u011a ZDRAVOTN\u00cd SESTRY&nbsp;<\/strong><\/p>\n\n\n\n<div>\n<div dir=\"auto\">\n<div id=\"jsc_c_b3\">\n<h2>&nbsp;<\/h2>\n<h2 style=\"text-align: center\"><span style=\"color: #800080\"><strong>KE KOMUNIKACI S N\u00c1MI PREFERUJTE ZABEZPE\u010cEN\u00dd SYST\u00c9M SESTRA EMMY. <\/strong><\/span><\/h2>\n<h2 style=\"text-align: center\"><span style=\"color: #800080\"><strong>REGISTRACE JE NA: <\/strong><\/span><\/h2>\n<h2 style=\"text-align: center\"><span style=\"color: #800080\"><strong>sestraemmy.cz\/barmedmnv<\/strong><\/span><\/h2>\n<h2 style=\"text-align: center\"><span style=\"color: #800080\"><strong>TELEFONY SESTRY ZVEDAJ\u00cd POUZE V DOB\u011a. KDY NEVY\u0160ET\u0158UJEME PACIENTY&nbsp;<\/strong><\/span><\/h2>\n<\/div>\n<\/div>\n<\/div>\n\n\n\n<p class=\"has-text-align-center\"><span style=\"text-decoration: underline;font-size: x-large\"><strong><span style=\"color: #0000ff;text-decoration: underline\">UPOZORN\u011aN\u00cd PRO PACIENTY&nbsp;<\/span><\/strong><\/span><\/p>\n\n\n\n<p class=\"has-text-align-center\"><span style=\"text-decoration: underline;color: #800000\"><span style=\"font-size: large\"><strong>Pravidla pro vystavov\u00e1n\u00ed a veden\u00ed do\u010dasn\u00e9&nbsp;<\/strong><\/span><strong><span style=\"font-size: large\">pracovn\u00ed neschopnosti<\/span>&nbsp;<\/strong><\/span><br><strong><span style=\"color: #ff0000\">Od 1. 1. 2020 plat\u00ed novela z\u00e1kona \u010d. 187\/2006 Sb., o nemocensk\u00e9m poji\u0161t\u011bn\u00ed, kter\u00e1 zav\u00e1d\u00ed elektronickou neschopenku.<\/span><\/strong><br><span style=\"color: #000000\"><strong>Tento z\u00e1kon z\u00e1rove\u0148 stanov\u00ed povinnosti a opr\u00e1vn\u011bn\u00ed l\u00e9ka\u0159\u016f v souvislosti s vystavov\u00e1n\u00edm a veden\u00edm do\u010dasn\u00e9 pracovn\u00ed<\/strong><\/span><br><span style=\"color: #000000\"> <strong>neschopnosti a ukl\u00e1d\u00e1 sankce za jejich poru\u0161en\u00ed.<\/strong><\/span><\/p>\n\n\n\n<p class=\"has-text-align-center\"><strong>\u2022 Povinnost vystavit neschopenku m\u00e1 ten <span style=\"color: #ff0000\">l\u00e9ka\u0159, kter\u00fd sv\u00fdm vy\u0161et\u0159en\u00edm<\/span><\/strong><br><strong><span style=\"color: #ff0000\">zjistil<\/span>, \u017ee zdravotn\u00ed stav pacienta neumo\u017e\u0148uje vykon\u00e1vat jeho pr\u00e1ci.<\/strong><\/p>\n\n\n\n<p class=\"has-text-align-center\"><strong>\u2022 Toto <span style=\"color: #ff0000\">plat\u00ed pro l\u00e9ka\u0159e v\u0161ech odbornost\u00ed<\/span> (ambulantn\u00ed specialista, l\u00e9ka\u0159<\/strong><br><strong>v nemocnici atd., v\u00fdjimkou je l\u00e9ka\u0159sk\u00e1 pohotovostn\u00ed slu\u017eba a z\u00e1chrann\u00e1<\/strong><br><strong>slu\u017eba).<\/strong><br><strong>\u2022 Povinen v\u00e9st pracovn\u00ed neschopnost m\u00e1 <span style=\"color: #ff0000\">ten l\u00e9ka\u0159, kter\u00fd pacienta pro<\/span><\/strong><br><strong><span style=\"color: #ff0000\">dan\u00e9 onemocn\u011bn\u00ed l\u00e9\u010d\u00ed<\/span>, ur\u010duje term\u00edny kontrol atd. (o\u0161et\u0159uj\u00edc\u00ed l\u00e9ka\u0159).<\/strong><\/p>\n\n\n\n<p class=\"has-text-align-center\"><strong>\u2022 Praktick\u00fd l\u00e9ka\u0159 nesm\u00ed vystavit a v\u00e9st pracovn\u00ed neschopnost v p\u0159\u00edpad\u011b,<\/strong><br><strong>kdy nen\u00ed pro dan\u00e9 onemocn\u011bn\u00ed o\u0161et\u0159uj\u00edc\u00edm l\u00e9ka\u0159em. Praktick\u00fd l\u00e9ka\u0159 nesm\u00ed<\/strong><br><strong>vystavit a v\u00e9st pracovn\u00ed neschopnost mimo svou odbornost.<\/strong><\/p>\n\n\n\n<p class=\"has-text-align-center\"><strong><span style=\"color: #ff0000\">\u2022 Pokud jste byli posl\u00e1ni do na\u0161\u00ed ordinace jin\u00fdm l\u00e9ka\u0159em, kter\u00fd V\u00e1s<\/span><\/strong><br><strong><span style=\"color: #ff0000\">pro dan\u00e9 onemocn\u011bn\u00ed l\u00e9\u010d\u00ed, pouze kv\u016fli vystaven\u00ed neschopenky,<\/span><\/strong><br><strong><span style=\"color: #ff0000\">nem\u016f\u017eeme V\u00e1m vyhov\u011bt.<\/span><\/strong><\/p>\n\n\n\n<p class=\"has-text-align-center\"><strong>\u2022 Ne\u017e\u00e1dejte po n\u00e1s, abychom poru\u0161ovali z\u00e1kon a riskovali sankce.<\/strong><\/p>\n\n\n\n<p class=\"has-text-align-center\"><strong>\u2022 L\u00e9ka\u0159, kter\u00fd V\u00e1s k n\u00e1m pos\u00edl\u00e1, nesplnil svou z\u00e1konnou povinnost. V rozporu se<\/strong><br><strong>z\u00e1konem V\u00e1s nut\u00ed zcela zbyte\u010dn\u011b ztr\u00e1cet \u010das cestou a \u010dek\u00e1n\u00edm v na\u0161\u00ed ordinaci<\/strong><\/p>\n\n\n\n<p class=\"has-text-align-center\"><span style=\"text-decoration: underline\"><span style=\"font-size: large;color: #800000;text-decoration: underline\"><strong><strong>Pravidla pro vystavov\u00e1n\u00ed Potvrzen\u00ed o trv\u00e1n\u00ed do\u010dasn\u00e9 pracovn\u00ed neschopnosti&nbsp;<\/strong><\/strong><\/span><\/span><\/p>\n\n\n\n<p class=\"has-text-align-center\"><strong>\u2022 Doch\u00e1z\u00ed tak\u00e9 ke zm\u011bn\u011b v agend\u011b vystaven\u00ed Potvrzen\u00ed o trval\u00e9 do\u010dasn\u00e9 pracovn\u00ed neschopnosti&nbsp;<\/strong><span style=\"color: #ff0000\"><strong>\/&#8220; L\u00edstek na pen\u00edze&#8220;\/<\/strong><\/span><\/p>\n\n\n\n<p class=\"has-text-align-center\"><strong><strong>\u2022Potvrzen\u00ed<span style=\"color: #ff0000\"> bude vystavov\u00e1no zcela elektronicky ke 14. dni PN a d\u00e1le max. jedenkr\u00e1t m\u011bs\u00ed\u010dn\u011b<\/span><\/strong><\/strong><\/p>\n\n\n\n<p class=\"has-text-align-center\"><strong>\u2022<span style=\"color: #ff0000\">Vystaven\u00ed Potvrzen\u00ed nad tento r\u00e1mec ,<span style=\"color: #000000\"> nap\u0159.ke konci m\u011bs\u00edce,mimo kontrolu PN<\/span>, bude zpoplatn\u011bno&nbsp;<\/span><\/strong><\/p>\n\n\n\n<h2 class=\"wp-block-heading\">&nbsp;<\/h2>\n\n\n\n<h2 class=\"wp-block-heading\">&nbsp;<\/h2>\n\n\n\n<h2 class=\"wp-block-heading\"><span style=\"color: #008000\">V\u011aNUJTE PROS\u00cdM POZORNOST DOPORU\u010cEN\u00cd O\u010cKOV\u00c1N\u00cd PROTI \u010cERN\u00c9MU KA\u0160LI<\/span><\/h2>\n\n\n\n<h2 class=\"wp-block-heading\"><span style=\"color: #008000\"> U T\u011aHOTN\u00ddCH \u017dEN V ODD\u00cdLU &#8222;O\u010cKOV\u00c1N\u00cd &#8220;&nbsp;<\/span><\/h2>\n\n\n\n<h6 class=\"wp-block-heading\">&nbsp;<\/h6>\n\n\n\n<h6 class=\"wp-block-heading\"><strong style=\"color: #ff6600;font-size: large\">ZDRAVOTN\u00cd POJI\u0160\u0164OVNY OD 1.1.2022 PLN\u011a HRAD\u00cd PRO KLIENTY OD 50 LET V\u011aKU<\/strong><\/h6>\n\n\n\n<p><span style=\"font-size: large;color: #ff6600\"><strong>&nbsp;O\u010cKOV\u00c1N\u00cd PROTI KL\u00cd\u0160\u0164OV\u00c9 MENINGOENCEFALITID\u011a&nbsp;<\/strong><\/span><\/p>\n\n\n\n<p><strong style=\"color: #ff6600;font-size: large\">VAKC\u00cdNA JE K DISPOZICI P\u0158\u00cdMO V ORDINAC\u00cdCH&nbsp;<\/strong><\/p>\n\n\n\n<p><strong><span style=\"font-size: large\"><span style=\"color: #0000ff\"><span style=\"font-family: 'Engravers MT', 'MS PMincho', serif\"><span style=\"text-decoration: underline\">V NA\u0160\u00cd ORDINACI V MORAVSK\u00c9 NOV\u00c9 VSI&nbsp;<\/span><\/span><\/span><\/span><\/strong><\/p>\n\n\n\n<p><strong><span style=\"font-size: large\"><span style=\"color: #0000ff\"><span style=\"font-family: 'Engravers MT', 'MS PMincho', serif\"><span style=\"text-decoration: underline\"> JE MO\u017dN\u00c9 PLATIT PLATEBN\u00cd&nbsp;<\/span><\/span><\/span><span style=\"color: #0000ff\"><span style=\"font-family: 'Engravers MT', 'MS PMincho', serif\"><span style=\"text-decoration: underline\">KARTOU<\/span><\/span><\/span><\/span><\/strong><\/p>\n\n\n\n<p><strong><span style=\"color: #0000ff;font-size: large\">P\u0158IJ\u00cdM\u00c1ME V\u0160ECHNY TYPY B\u011a\u017dN\u00ddCH PLATEBN\u00cdCH KARET&nbsp;<\/span><\/strong><\/p>\n\n\n\n<p><strong><span style=\"font-family: 'Engravers MT', 'MS PMincho', serif;color: #0000ff;font-size: large\">&nbsp;<\/span><\/strong><\/p>\n\n\n\n<h2 class=\"wp-block-heading\"><strong style=\"color: #ff6600;font-size: 13px\"><span style=\"font-size: large\">V NA\u0160ICH AMBULANC\u00cdCH JSOU SPU\u0160T\u011aNY SYST\u00c9MY PRO EVIDENCI KLIENT\u016e P\u0158ED VSTUPEM DO ORDINAC\u00cd :<\/span><\/strong><\/h2>\n\n\n\n<p><strong><span style=\"font-size: large\">IHNED PO P\u0158\u00cdCHODU SE PROS\u00cdM ZAEVIDUJTE. K EVIDENCI POU\u017dIJTE NEJL\u00c9PE KARTI\u010cKU VA\u0160\u00cd ZDRAVOTN\u00cd POJI\u0160\u0164OVNY, POKUD JI NEM\u00c1TE U SEBE, STA\u010c\u00cd JIN\u00dd IDENTIFIKA\u010cN\u00cd DOKLAD JAKO OB\u010cANSK\u00dd PR\u016eKAZ \/NOV\u00c1 VERZE\/, \u0158IDI\u010cSK\u00dd PR\u016eKAZ, PLATEBN\u00cd KARTA, OBCHODN\u00cd VIZITKA ATD..&nbsp; EVIDOVAT DO SYST\u00c9MU SE MUS\u00cd KA\u017dD\u00dd NOV\u011a P\u0158\u00cdCHOZ\u00cd, TEDY I OBJEDNAN\u00cd KLIENTI, KTE\u0158\u00cd BUDOU POSL\u00c9ZE VYZV\u00c1NI P\u0158EDNOSTN\u011a V DAN\u00c9M \u010cASE, NA KTER\u00dd BYLI OBJEDN\u00c1NI&nbsp;<\/span><\/strong><\/p>\n","protected":false},"excerpt":{"rendered":"<p>&nbsp;&nbsp; V P\u00c1TEK 10.5.2024 L\u00c9KA\u0158 NEORDINUJE V LU\u017dIC\u00cdCH SESTRA NEBUDE ROVN\u011a\u017d V ORDINACI P\u0158\u00cdTOMNA Z\u00c1STUP V ORDINACI DR.SVOBODOV\u00c9 V MIKUL\u010cIC\u00cdCH OD 10:00 DO 12:00H POUZE PRO AKUTN\u00cd STAVY K VY\u0160ET\u0158EN\u00cd JE T\u0158EBA SE P\u0158EDEM OBJEDNAT TELEFON : 518 321 192 &nbsp; &nbsp; &nbsp; &nbsp; &nbsp; &nbsp; &nbsp; &nbsp; &nbsp; &nbsp; &nbsp; &nbsp; &nbsp; &nbsp; &nbsp; [&hellip;]<\/p>\n","protected":false},"author":612,"featured_media":0,"parent":0,"menu_order":0,"comment_status":"closed","ping_status":"closed","template":"","meta":{"footnotes":""},"class_list":["post-149","page","type-page","status-publish","hentry"],"_links":{"self":[{"href":"https:\/\/docsites.cgmlife.com\/barmed\/wp-json\/wp\/v2\/pages\/149","targetHints":{"allow":["GET"]}}],"collection":[{"href":"https:\/\/docsites.cgmlife.com\/barmed\/wp-json\/wp\/v2\/pages"}],"about":[{"href":"https:\/\/docsites.cgmlife.com\/barmed\/wp-json\/wp\/v2\/types\/page"}],"author":[{"embeddable":true,"href":"https:\/\/docsites.cgmlife.com\/barmed\/wp-json\/wp\/v2\/users\/612"}],"replies":[{"embeddable":true,"href":"https:\/\/docsites.cgmlife.com\/barmed\/wp-json\/wp\/v2\/comments?post=149"}],"version-history":[{"count":459,"href":"https:\/\/docsites.cgmlife.com\/barmed\/wp-json\/wp\/v2\/pages\/149\/revisions"}],"predecessor-version":[{"id":957,"href":"https:\/\/docsites.cgmlife.com\/barmed\/wp-json\/wp\/v2\/pages\/149\/revisions\/957"}],"wp:attachment":[{"href":"https:\/\/docsites.cgmlife.com\/barmed\/wp-json\/wp\/v2\/media?parent=149"}],"curies":[{"name":"wp","href":"https:\/\/api.w.org\/{rel}","templated":true}]}}