{"id":157,"date":"2015-12-08T16:46:39","date_gmt":"2015-12-08T15:46:39","guid":{"rendered":"http:\/\/docsites.cgmlife.com\/barmed\/?page_id=157"},"modified":"2023-11-20T11:23:46","modified_gmt":"2023-11-20T10:23:46","slug":"smluvni-pojistovny","status":"publish","type":"page","link":"https:\/\/docsites.cgmlife.com\/barmed\/smluvni-pojistovny\/","title":{"rendered":"Smluvn\u00ed poji\u0161\u0165ovny"},"content":{"rendered":"\n<h1 class=\"wp-block-heading\">Smluvn\u00edmi partnery na\u0161\u00ed ambulance jsou n\u00e1sleduj\u00edc\u00ed zdravotn\u00ed poji\u0161\u0165ovny :<\/h1>\n\n\n\n<ul class=\"wp-block-list\">\n<li>V\u0161eobecn\u00e1 zdravotn\u00ed poji\u0161\u0165ovna \u010cR (111)<br><a href=\"http:\/\/www.vzp.cz\/\">www.vzp.cz<\/a><\/li>\n\n\n\n<li>Vojensk\u00e1 zdravotn\u00ed poji\u0161\u0165ovna (201)<br><a href=\"http:\/\/www.vozp.cz\/\">www.vozp.cz<\/a><\/li>\n\n\n\n<li>\u010cesk\u00e1 pr\u016fmyslov\u00e1 zdravotn\u00ed&nbsp;poji\u0161\u0165ovna (205)<br><a href=\"http:\/\/www.cpzp.cz\/\">www.cpzp.cz<\/a><\/li>\n\n\n\n<li>Oborov\u00e1 zdravotn\u00ed poji\u0161\u0165ovna zam. bank a poj. (207)<br><a href=\"http:\/\/www.ozp.cz\/\">www.ozp.cz<\/a><\/li>\n\n\n\n<li>Zdravotn\u00ed poji\u0161\u0165ovna Ministerstva vnitra \u010cR (211)<br><a href=\"http:\/\/www.zpmvcr.cz\/\">www.zpmvcr.cz<\/a><\/li>\n\n\n\n<li>Rev\u00edrn\u00ed bratrsk\u00e1 pokladna (213)<\/li>\n<\/ul>\n\n\n\n<p>NAD\u00c1LE REGISTRUJEME NOV\u00c9 KLIENTY DO NA\u0160\u00cd AMBULANCE &#8211; POJI\u0160T\u011aNCE V\u00dd\u0160E UVEDEN\u00ddCH ZDRAVOTN\u00cdCH POJI\u0160\u0164OVEN<\/p>\n","protected":false},"excerpt":{"rendered":"<p>Smluvn\u00edmi partnery na\u0161\u00ed ambulance jsou n\u00e1sleduj\u00edc\u00ed zdravotn\u00ed poji\u0161\u0165ovny : NAD\u00c1LE REGISTRUJEME NOV\u00c9 KLIENTY DO NA\u0160\u00cd AMBULANCE &#8211; POJI\u0160T\u011aNCE V\u00dd\u0160E UVEDEN\u00ddCH ZDRAVOTN\u00cdCH POJI\u0160\u0164OVEN<\/p>\n","protected":false},"author":612,"featured_media":0,"parent":0,"menu_order":0,"comment_status":"closed","ping_status":"closed","template":"","meta":{"footnotes":""},"class_list":["post-157","page","type-page","status-publish","hentry"],"_links":{"self":[{"href":"https:\/\/docsites.cgmlife.com\/barmed\/wp-json\/wp\/v2\/pages\/157","targetHints":{"allow":["GET"]}}],"collection":[{"href":"https:\/\/docsites.cgmlife.com\/barmed\/wp-json\/wp\/v2\/pages"}],"about":[{"href":"https:\/\/docsites.cgmlife.com\/barmed\/wp-json\/wp\/v2\/types\/page"}],"author":[{"embeddable":true,"href":"https:\/\/docsites.cgmlife.com\/barmed\/wp-json\/wp\/v2\/users\/612"}],"replies":[{"embeddable":true,"href":"https:\/\/docsites.cgmlife.com\/barmed\/wp-json\/wp\/v2\/comments?post=157"}],"version-history":[{"count":4,"href":"https:\/\/docsites.cgmlife.com\/barmed\/wp-json\/wp\/v2\/pages\/157\/revisions"}],"predecessor-version":[{"id":907,"href":"https:\/\/docsites.cgmlife.com\/barmed\/wp-json\/wp\/v2\/pages\/157\/revisions\/907"}],"wp:attachment":[{"href":"https:\/\/docsites.cgmlife.com\/barmed\/wp-json\/wp\/v2\/media?parent=157"}],"curies":[{"name":"wp","href":"https:\/\/api.w.org\/{rel}","templated":true}]}}