{"id":160,"date":"2015-12-08T17:57:08","date_gmt":"2015-12-08T16:57:08","guid":{"rendered":"http:\/\/docsites.cgmlife.com\/barmed\/?page_id=160"},"modified":"2023-11-20T11:37:03","modified_gmt":"2023-11-20T10:37:03","slug":"ockovani","status":"publish","type":"page","link":"https:\/\/docsites.cgmlife.com\/barmed\/ockovani\/","title":{"rendered":"O\u010dkov\u00e1n\u00ed"},"content":{"rendered":"\n<p>SE ZHOR\u0160UJ\u00cdC\u00cd SE SITUAC\u00cd VE V\u00ddSKYTU \u010cERN\u00c9HO KA\u0160LE \/PERTUSSE\/ V \u010cR V\u011aNUJTE PROS\u00cdM POZORNOST N\u00c1SLEDUJ\u00cdC\u00cdMU DOPORU\u010cEN\u00cd:<\/p>\n\n\n\n<p><a href=\"http:\/\/docsites.cgmlife.com\/barmed\/wp-content\/uploads\/sites\/570\/2015\/12\/O\u010cKOV\u00c1N\u00cd-T\u011aHOTN\u00ddCH-\u017dEN-PROTI-\u010cERN\u00c9MU-KA\u0160LI.pdf\">O\u010cKOV\u00c1N\u00cd T\u011aHOTN\u00ddCH \u017dEN PROTI \u010cERN\u00c9MU KA\u0160LI<\/a><\/p>\n\n\n\n<h2 class=\"wp-block-heading\">ZAJI\u0160\u0164UJEME KOMPLEXN\u00cd O\u010cKOVAC\u00cd PROGRAM<\/h2>\n\n\n\n<p><strong>vakc\u00edna je k dispozici p\u0159\u00edmo v ordinaci<\/strong><\/p>\n\n\n\n<ul class=\"wp-block-list\">\n<li>proti spalni\u010dk\u00e1m \/Priorix\/<\/li>\n\n\n\n<li>o\u010dkov\u00e1n\u00ed proti kl\u00ed\u0161\u0165ov\u00e9 meningoencefalitid\u011b \/FSME Immun\/<\/li>\n\n\n\n<li>proti virov\u00e9 \u017eloutence typu A i B \/Twinrix, Engerix, Havrix\/<\/li>\n\n\n\n<li>proti plan\u00fdm ne\u0161tovic\u00edm \/zvl\u00e1\u0161t\u011b v\u00fdhodn\u00e9 pro dosp\u011bl\u00e9, kte\u0159\u00ed infekci v d\u011btstv\u00ed neprod\u011blali\/<\/li>\n\n\n\n<li>proti tetanu, \u010dern\u00e9mu ka\u0161li a z\u00e1\u0161krtu \/Boostrix\/<\/li>\n\n\n\n<li>sezonn\u011b proti ch\u0159ipce \/Vaxigrip\/<\/li>\n\n\n\n<li>proti pneumokokov\u00e9 infekci \/Prevenar 13\/<\/li>\n\n\n\n<li>proti p\u00e1sov\u00e9mu oparu \/Zostavax\/<\/li>\n\n\n\n<li>lze zajistit i o\u010dkov\u00e1n\u00ed proti rakovin\u011b d\u011blo\u017en\u00edho \u010d\u00edpku \/vakc\u00edny Silgard,Cervarix a Gardasil 9\/<\/li>\n<\/ul>\n\n\n\n<p><strong>O\u010dkov\u00e1n\u00ed p\u0159ed cestou do exotick\u00fdch krajin<\/strong><\/p>\n\n\n\n<ul class=\"wp-block-list\">\n<li>tyfus, vzteklina, meningokokov\u00e9 infekce, japonsk\u00e1 kl\u00ed\u0161\u0165ov\u00e1 encefalitida atd.<\/li>\n\n\n\n<li><strong>sestav\u00edme individualn\u00ed o\u010dkovac\u00ed pl\u00e1n, v\u010detn\u011b antimalarick\u00e9 profylaxe<\/strong> \/d\u00edky \u010dlenstv\u00ed v ISTM m\u00e1me p\u0159\u00edstup do aktu\u00e1ln\u00edch datab\u00e1z\u00ed v\u00fdskytu infek\u010dn\u00edch nemoc\u00ed v r\u016fzn\u00fdch \u010d\u00e1stech sv\u011bta\/<\/li>\n<\/ul>\n\n\n\n<p><span style=\"font-size: medium;\"><span style=\"font-family: 'Times New Roman', Times, serif;\">&nbsp;<\/span><\/span><\/p>\n","protected":false},"excerpt":{"rendered":"<p>SE ZHOR\u0160UJ\u00cdC\u00cd SE SITUAC\u00cd VE V\u00ddSKYTU \u010cERN\u00c9HO KA\u0160LE \/PERTUSSE\/ V \u010cR V\u011aNUJTE PROS\u00cdM POZORNOST N\u00c1SLEDUJ\u00cdC\u00cdMU DOPORU\u010cEN\u00cd: O\u010cKOV\u00c1N\u00cd T\u011aHOTN\u00ddCH \u017dEN PROTI \u010cERN\u00c9MU KA\u0160LI ZAJI\u0160\u0164UJEME KOMPLEXN\u00cd O\u010cKOVAC\u00cd PROGRAM vakc\u00edna je k dispozici p\u0159\u00edmo v ordinaci O\u010dkov\u00e1n\u00ed p\u0159ed cestou do exotick\u00fdch krajin &nbsp;<\/p>\n","protected":false},"author":612,"featured_media":0,"parent":0,"menu_order":0,"comment_status":"closed","ping_status":"closed","template":"","meta":{"footnotes":""},"class_list":["post-160","page","type-page","status-publish","hentry"],"_links":{"self":[{"href":"https:\/\/docsites.cgmlife.com\/barmed\/wp-json\/wp\/v2\/pages\/160","targetHints":{"allow":["GET"]}}],"collection":[{"href":"https:\/\/docsites.cgmlife.com\/barmed\/wp-json\/wp\/v2\/pages"}],"about":[{"href":"https:\/\/docsites.cgmlife.com\/barmed\/wp-json\/wp\/v2\/types\/page"}],"author":[{"embeddable":true,"href":"https:\/\/docsites.cgmlife.com\/barmed\/wp-json\/wp\/v2\/users\/612"}],"replies":[{"embeddable":true,"href":"https:\/\/docsites.cgmlife.com\/barmed\/wp-json\/wp\/v2\/comments?post=160"}],"version-history":[{"count":9,"href":"https:\/\/docsites.cgmlife.com\/barmed\/wp-json\/wp\/v2\/pages\/160\/revisions"}],"predecessor-version":[{"id":909,"href":"https:\/\/docsites.cgmlife.com\/barmed\/wp-json\/wp\/v2\/pages\/160\/revisions\/909"}],"wp:attachment":[{"href":"https:\/\/docsites.cgmlife.com\/barmed\/wp-json\/wp\/v2\/media?parent=160"}],"curies":[{"name":"wp","href":"https:\/\/api.w.org\/{rel}","templated":true}]}}