{"id":164,"date":"2015-12-08T18:10:05","date_gmt":"2015-12-08T17:10:05","guid":{"rendered":"http:\/\/docsites.cgmlife.com\/barmed\/?page_id=164"},"modified":"2023-11-20T12:02:14","modified_gmt":"2023-11-20T11:02:14","slug":"free-wifi-hot-spot","status":"publish","type":"page","link":"https:\/\/docsites.cgmlife.com\/barmed\/free-wifi-hot-spot\/","title":{"rendered":"Free Wifi Hot Spot"},"content":{"rendered":"\n<h2 class=\"wp-block-heading\">V CEL\u00c9M PROSTORU ORDINACE A \u010cEK\u00c1RNY JE K DISPOZICI FREE WIFI HOT SPOT:<\/h2>\n\n\n\n<p>Lze se tak zdarma p\u0159ipojit k internetu pomoc\u00ed chytr\u00fdch telefon\u016f, tablet\u016f \u010di notebook\u016f<\/p>\n\n\n\n<p><span style=\"text-decoration: underline;\">N\u00e1zev:<\/span> Pacienti BARMED<\/p>\n\n\n\n<p><span style=\"text-decoration: underline;\">Heslo pro p\u0159ipojen\u00ed:<\/span> Ordinace<\/p>\n\n\n\n<p class=\"has-text-align-center\"><img decoding=\"async\" src=\"https:\/\/chart.googleapis.com\/chart?cht=qr&amp;chl=WIFI%3AT%3AWPA%3BS%3APacienti%20BARMED%3BP%3AOrdinace%3BH%3A%3B%3B&amp;chs=360x360&amp;choe=UTF-8&amp;chld=L|2\"><\/p>\n","protected":false},"excerpt":{"rendered":"<p>V CEL\u00c9M PROSTORU ORDINACE A \u010cEK\u00c1RNY JE K DISPOZICI FREE WIFI HOT SPOT: Lze se tak zdarma p\u0159ipojit k internetu pomoc\u00ed chytr\u00fdch telefon\u016f, tablet\u016f \u010di notebook\u016f N\u00e1zev: Pacienti BARMED Heslo pro p\u0159ipojen\u00ed: Ordinace<\/p>\n","protected":false},"author":612,"featured_media":0,"parent":0,"menu_order":0,"comment_status":"closed","ping_status":"closed","template":"","meta":{"footnotes":""},"class_list":["post-164","page","type-page","status-publish","hentry"],"_links":{"self":[{"href":"https:\/\/docsites.cgmlife.com\/barmed\/wp-json\/wp\/v2\/pages\/164","targetHints":{"allow":["GET"]}}],"collection":[{"href":"https:\/\/docsites.cgmlife.com\/barmed\/wp-json\/wp\/v2\/pages"}],"about":[{"href":"https:\/\/docsites.cgmlife.com\/barmed\/wp-json\/wp\/v2\/types\/page"}],"author":[{"embeddable":true,"href":"https:\/\/docsites.cgmlife.com\/barmed\/wp-json\/wp\/v2\/users\/612"}],"replies":[{"embeddable":true,"href":"https:\/\/docsites.cgmlife.com\/barmed\/wp-json\/wp\/v2\/comments?post=164"}],"version-history":[{"count":5,"href":"https:\/\/docsites.cgmlife.com\/barmed\/wp-json\/wp\/v2\/pages\/164\/revisions"}],"predecessor-version":[{"id":916,"href":"https:\/\/docsites.cgmlife.com\/barmed\/wp-json\/wp\/v2\/pages\/164\/revisions\/916"}],"wp:attachment":[{"href":"https:\/\/docsites.cgmlife.com\/barmed\/wp-json\/wp\/v2\/media?parent=164"}],"curies":[{"name":"wp","href":"https:\/\/api.w.org\/{rel}","templated":true}]}}