{"id":2,"date":"2013-02-05T09:30:54","date_gmt":"2013-02-05T07:30:54","guid":{"rendered":"http:\/\/docsites.cgmlife.com\/medistar\/?page_id=2"},"modified":"2022-12-05T20:39:17","modified_gmt":"2022-12-05T19:39:17","slug":"uvod","status":"publish","type":"page","link":"https:\/\/docsites.cgmlife.com\/barmed\/","title":{"rendered":"\u00davod"},"content":{"rendered":"<div id=\"id242\">\n<div id=\"id242\">\n<h1 style=\"text-align: center\"><span style=\"color: #000080\">V\u00edtejte na str\u00e1nk\u00e1ch ordinace BARMED S.R.O.,<\/span><\/h1>\n<h1 style=\"text-align: center\"><span style=\"color: #000080\">MUDr. Ji\u0159\u00edho Barto\u0161e, praktick\u00e9ho\u00a0l\u00e9ka\u0159e pro dosp\u011bl\u00e9<\/span><\/h1>\n<p>&nbsp;<\/p>\n<p lang=\"cs-CZ\" align=\"CENTER\">\n<\/div>\n<div id=\"id1661\">\n<div style=\"text-align: center\"><span style=\"font-size: large\"><strong>Naleznete zde informace o na\u0161ich ordinac\u00edch v Moravsk\u00e9 Nov\u00e9 Vsi a Lu\u017eic\u00edch, v\u010detn\u011b\u00a0<\/strong><strong>p\u0159ehledu poskytovan\u00fdch slu\u017eeb, ordina\u010dn\u00ed doby, informace o na\u0161em t\u00fdmu a v neposledn\u00ed \u0159ad\u011b tak\u00e9 aktuality t\u00fdkaj\u00edc\u00ed se provozu.\u00a0<\/strong><\/span><\/div>\n<div style=\"text-align: center\"><\/div>\n<div style=\"text-align: center\"><\/div>\n<div><\/div>\n<div><\/div>\n<div><span style=\"color: #ff0000\"><strong><span style=\"font-size: medium\">\u00a0<\/span><\/strong><\/span><\/div>\n<div><\/div>\n<div><\/div>\n<div><span style=\"font-size: large\"><strong>\u00a0<\/strong><\/span><\/div>\n<div><\/div>\n<div><span style=\"font-size: large\"><strong><\/strong><strong>\u00a0<\/strong><\/span><\/div>\n<\/div>\n<\/div>\n","protected":false},"excerpt":{"rendered":"<p>V\u00edtejte na str\u00e1nk\u00e1ch ordinace BARMED S.R.O., MUDr. Ji\u0159\u00edho Barto\u0161e, praktick\u00e9ho\u00a0l\u00e9ka\u0159e pro dosp\u011bl\u00e9 &nbsp; Naleznete zde informace o na\u0161ich ordinac\u00edch v Moravsk\u00e9 Nov\u00e9 Vsi a Lu\u017eic\u00edch, v\u010detn\u011b\u00a0p\u0159ehledu poskytovan\u00fdch slu\u017eeb, ordina\u010dn\u00ed doby, informace o na\u0161em t\u00fdmu a v neposledn\u00ed \u0159ad\u011b tak\u00e9 aktuality t\u00fdkaj\u00edc\u00ed se provozu.\u00a0 \u00a0 \u00a0 \u00a0<\/p>\n","protected":false},"author":612,"featured_media":0,"parent":0,"menu_order":-1,"comment_status":"closed","ping_status":"closed","template":"","meta":{"footnotes":""},"class_list":["post-2","page","type-page","status-publish","hentry"],"_links":{"self":[{"href":"https:\/\/docsites.cgmlife.com\/barmed\/wp-json\/wp\/v2\/pages\/2","targetHints":{"allow":["GET"]}}],"collection":[{"href":"https:\/\/docsites.cgmlife.com\/barmed\/wp-json\/wp\/v2\/pages"}],"about":[{"href":"https:\/\/docsites.cgmlife.com\/barmed\/wp-json\/wp\/v2\/types\/page"}],"author":[{"embeddable":true,"href":"https:\/\/docsites.cgmlife.com\/barmed\/wp-json\/wp\/v2\/users\/612"}],"replies":[{"embeddable":true,"href":"https:\/\/docsites.cgmlife.com\/barmed\/wp-json\/wp\/v2\/comments?post=2"}],"version-history":[{"count":17,"href":"https:\/\/docsites.cgmlife.com\/barmed\/wp-json\/wp\/v2\/pages\/2\/revisions"}],"predecessor-version":[{"id":131,"href":"https:\/\/docsites.cgmlife.com\/barmed\/wp-json\/wp\/v2\/pages\/2\/revisions\/131"}],"wp:attachment":[{"href":"https:\/\/docsites.cgmlife.com\/barmed\/wp-json\/wp\/v2\/media?parent=2"}],"curies":[{"name":"wp","href":"https:\/\/api.w.org\/{rel}","templated":true}]}}