{"id":6,"date":"2013-02-05T11:33:02","date_gmt":"2013-02-05T09:33:02","guid":{"rendered":"http:\/\/docsites.cgmlife.com\/medistar\/?page_id=6"},"modified":"2023-11-14T15:15:59","modified_gmt":"2023-11-14T14:15:59","slug":"ordinace","status":"publish","type":"page","link":"https:\/\/docsites.cgmlife.com\/barmed\/ordinace\/","title":{"rendered":"Ordina\u010dn\u00ed doba MORAVSK\u00c1 NOV\u00c1 VES"},"content":{"rendered":"<div id=\"id841\">\n<div id=\"id841\" style=\"text-align: center\">\n<h1 style=\"text-align: center\"><span style=\"text-decoration: underline;color: #000080;font-size: x-large\">ORDINA\u010cN\u00cd A PROVOZN\u00cd DOBA OD 01.11.2023 :<\/span><\/h1>\n<h1><span style=\"text-decoration: underline;font-size: large\"><span style=\"color: #ff0000;text-decoration: underline\"><b>POND\u011aL\u00cd<\/b><\/span><\/span><\/h1>\n<p style=\"text-align: left\"><b>07:00 &#8211; 07:30h\u00a0\u00a0 odb\u011bry, administrativa sestry\u00a0<\/b><\/p>\n<p style=\"text-align: left\"><b>07:30 &#8211; 12:00h\u00a0\u00a0 ordinace<\/b><\/p>\n<p style=\"text-align: left\"><b>12:30 &#8211; 14:00h\u00a0 \u00a0ordinace\u00a0<\/b><\/p>\n<p><span style=\"text-decoration: underline;color: #ff0000\"><span style=\"font-size: large\"><b>\u00daTER\u00dd<\/b><\/span><\/span><\/p>\n<p style=\"text-align: left\"><b>13:00 &#8211; 19:00h\u00a0\u00a0 ordinace<\/b><\/p>\n<p><span style=\"text-decoration: underline;font-size: large;color: #ff0000\"><b>\u00a0ST\u0158EDA :<\/b>\u00a0<\/span><\/p>\n<p style=\"text-align: left\"><b>07:00 &#8211; 07:30h\u00a0\u00a0 odb\u011bry, administrativa sestry\u00a0<\/b><\/p>\n<p style=\"text-align: left\"><b>07:30 &#8211; 12:00h\u00a0\u00a0 ordinace<\/b><\/p>\n<p style=\"text-align: left\"><b>12:30 &#8211; 14:00h\u00a0 \u00a0ordinace<\/b><\/p>\n<p><span style=\"text-decoration: underline\"><span style=\"font-size: large;color: #ff0000;text-decoration: underline\"><b>\u010cTVRTEK :<\/b><\/span><\/span><\/p>\n<p style=\"text-align: left\"><b>07:00 &#8211; 07:30h\u00a0\u00a0 odb\u011bry, administrativa sestry\u00a0<\/b><\/p>\n<p style=\"text-align: left\"><b>07:30 &#8211; 12:00h\u00a0\u00a0 ordinace<\/b><\/p>\n<p style=\"text-align: left\"><b>12:30 &#8211; 14:00h\u00a0 \u00a0ordinace<\/b><\/p>\n<p><span style=\"text-decoration: underline\"><span style=\"font-size: large;color: #ff0000;text-decoration: underline\"><b>P\u00c1TEK :<\/b><\/span><\/span><\/p>\n<p style=\"text-align: left\"><b>07:00 &#8211; 07:30h\u00a0\u00a0 odb\u011bry, administrativa sestry\u00a0<\/b><\/p>\n<p style=\"text-align: left\"><b>07:30 &#8211; 12:30h\u00a0\u00a0 ordinace<\/b><\/p>\n<h2 align=\"center\"><span style=\"color: #ff0000;font-size: large\"><b>ORDINUJEME POUZE PRO OBJEDNAN\u00c9 KLIENTY\u00a0\u00a0<\/b><b>\u00a0<\/b><\/span><\/h2>\n<h2><\/h2>\n<h2 align=\"center\"><span style=\"color: #ff0000;font-size: large\"><b>POSLEDN\u00cd KLIENT BUDE VYZV\u00c1N 20 MINUT P\u0158ED KONCEM ORDINA\u010cN\u00cd DOBY<\/b><\/span><\/h2>\n<\/div>\n<div id=\"id3413\">\n<p lang=\"cs\" align=\"center\"><strong><span style=\"font-size: x-large\"><span style=\"color: #ff6600\">OBJEDN\u00c1VKY VY\u0158IZUJE V\u00ddHRADN\u011a ZDRAVOTN\u00cd SESTRA<\/span>\u00a0<\/span><\/strong><\/p>\n<\/div>\n<p><span style=\"font-size: large\">\u00a0<\/span><\/p>\n<\/div>\n","protected":false},"excerpt":{"rendered":"<p>ORDINA\u010cN\u00cd A PROVOZN\u00cd DOBA OD 01.11.2023 : POND\u011aL\u00cd 07:00 &#8211; 07:30h\u00a0\u00a0 odb\u011bry, administrativa sestry\u00a0 07:30 &#8211; 12:00h\u00a0\u00a0 ordinace 12:30 &#8211; 14:00h\u00a0 \u00a0ordinace\u00a0 \u00daTER\u00dd 13:00 &#8211; 19:00h\u00a0\u00a0 ordinace \u00a0ST\u0158EDA :\u00a0 07:00 &#8211; 07:30h\u00a0\u00a0 odb\u011bry, administrativa sestry\u00a0 07:30 &#8211; 12:00h\u00a0\u00a0 ordinace 12:30 &#8211; 14:00h\u00a0 \u00a0ordinace \u010cTVRTEK : 07:00 &#8211; 07:30h\u00a0\u00a0 odb\u011bry, administrativa sestry\u00a0 07:30 &#8211; 12:00h\u00a0\u00a0 ordinace [&hellip;]<\/p>\n","protected":false},"author":612,"featured_media":0,"parent":0,"menu_order":0,"comment_status":"closed","ping_status":"closed","template":"","meta":{"footnotes":""},"class_list":["post-6","page","type-page","status-publish","hentry"],"_links":{"self":[{"href":"https:\/\/docsites.cgmlife.com\/barmed\/wp-json\/wp\/v2\/pages\/6","targetHints":{"allow":["GET"]}}],"collection":[{"href":"https:\/\/docsites.cgmlife.com\/barmed\/wp-json\/wp\/v2\/pages"}],"about":[{"href":"https:\/\/docsites.cgmlife.com\/barmed\/wp-json\/wp\/v2\/types\/page"}],"author":[{"embeddable":true,"href":"https:\/\/docsites.cgmlife.com\/barmed\/wp-json\/wp\/v2\/users\/612"}],"replies":[{"embeddable":true,"href":"https:\/\/docsites.cgmlife.com\/barmed\/wp-json\/wp\/v2\/comments?post=6"}],"version-history":[{"count":18,"href":"https:\/\/docsites.cgmlife.com\/barmed\/wp-json\/wp\/v2\/pages\/6\/revisions"}],"predecessor-version":[{"id":901,"href":"https:\/\/docsites.cgmlife.com\/barmed\/wp-json\/wp\/v2\/pages\/6\/revisions\/901"}],"wp:attachment":[{"href":"https:\/\/docsites.cgmlife.com\/barmed\/wp-json\/wp\/v2\/media?parent=6"}],"curies":[{"name":"wp","href":"https:\/\/api.w.org\/{rel}","templated":true}]}}