{"id":740,"date":"2022-02-17T18:21:25","date_gmt":"2022-02-17T17:21:25","guid":{"rendered":"http:\/\/docsites.cgmlife.com\/barmed\/?page_id=740"},"modified":"2023-11-07T10:29:50","modified_gmt":"2023-11-07T09:29:50","slug":"ordinacni-doba-luzice","status":"publish","type":"page","link":"https:\/\/docsites.cgmlife.com\/barmed\/ordinacni-doba-luzice\/","title":{"rendered":"Ordina\u010dn\u00ed doba LU\u017dICE"},"content":{"rendered":"<div id=\"id841\">\n<div id=\"id841\" style=\"text-align: center\">\n<h1 style=\"text-align: center\"><span style=\"text-decoration: underline\"><span style=\"color: #0000ff;text-decoration: underline\">ORDINA\u010cN\u00cd A PROVOZN\u00cd DOBA OD 01.11.2023 :<\/span><\/span><\/h1>\n<p><span style=\"text-decoration: underline;color: #ff0000;font-size: x-large\"><b>POND\u011aL\u00cd<\/b><\/span><\/p>\n<p><b>07:00 &#8211; 08:00h\u00a0\u00a0 odb\u011bry, administrativa sestry\u00a0<\/b><\/p>\n<p><b>08:00 &#8211; 12:30h ordinace\u00a0 \u00a0\u00a0<\/b><\/p>\n<p><b>13:00 \u2013 14:00h\u00a0 ordinace<\/b><\/p>\n<h1><span style=\"text-decoration: underline;color: #ff0000\"><span style=\"font-size: x-large\"><b>\u00daTER\u00dd<\/b><\/span><\/span><\/h1>\n<p><b>07:00 &#8211; 08:00h\u00a0\u00a0 odb\u011bry, administrativa sestry\u00a0<\/b><\/p>\n<p><b>08:00 &#8211; 13:00h\u00a0\u00a0 ordinace<\/b><\/p>\n<h1><span style=\"text-decoration: underline;color: #ff0000\"><span style=\"font-size: x-large\"><b>ST\u0158EDA :<\/b>\u00a0<\/span><\/span><\/h1>\n<p><b>07:00 &#8211; 08:00h\u00a0\u00a0 odb\u011bry, administrativa sestry\u00a0<\/b><\/p>\n<p><b>08:00 &#8211; 11:30h ordinace\u00a0 \u00a0\u00a0<\/b><\/p>\n<p><b>12:00 \u2013 13:00h\u00a0 ordinace<\/b><\/p>\n<p><b>13:00 &#8211; 14:00h\u00a0 administrativa sestry\u00a0<\/b><\/p>\n<p><span style=\"text-decoration: underline\"><b style=\"font-size: x-large;color: #ff0000;text-decoration: underline\">\u010cTVRTEK :<\/b><\/span><\/p>\n<p><b>07:00 &#8211; 08:00h\u00a0\u00a0 odb\u011bry, administrativa sestry\u00a0<\/b><\/p>\n<p><b>08:00 &#8211; 12:30h ordinace\u00a0 \u00a0\u00a0<\/b><\/p>\n<p><b>13:00 \u2013 14:00h\u00a0 ordinace<\/b><\/p>\n<p><span style=\"text-decoration: underline\"><b style=\"color: #ff0000;font-size: x-large;text-decoration: underline\">P\u00c1TEK :<\/b><\/span><\/p>\n<p><b>07:00 &#8211; 08:00h\u00a0\u00a0 odb\u011bry, administrativa sestry\u00a0<\/b><\/p>\n<p><b>08:00 &#8211; 13:00h\u00a0\u00a0 ordinace<\/b><\/p>\n<h2 align=\"center\"><span style=\"color: #ff0000\"><b>ORDINUJEME POUZE PRO OBJEDNAN\u00c9 KLIENTY\u00a0\u00a0<\/b><b>\u00a0<\/b><\/span><\/h2>\n<h2><span style=\"color: #ff0000\">\u00a0<\/span><\/h2>\n<h2 align=\"center\"><span style=\"color: #ff0000\">POSLEDN\u00cd KLIENT BUDE VYZV\u00c1N 20 MINUT P\u0158ED KONCEM ORDINA\u010cN\u00cd DOBY<\/span><\/h2>\n<\/div>\n<div id=\"id3413\">\n<p lang=\"cs\" align=\"center\"><span style=\"font-size: large;color: #ff6600\"><strong>OBJEDN\u00c1VKY VY\u0158IZUJE V\u00ddHRADN\u011a ZDRAVOTN\u00cd SESTRA\u00a0<\/strong><\/span><\/p>\n<\/div>\n<\/div>\n","protected":false},"excerpt":{"rendered":"<p>ORDINA\u010cN\u00cd A PROVOZN\u00cd DOBA OD 01.11.2023 : POND\u011aL\u00cd 07:00 &#8211; 08:00h\u00a0\u00a0 odb\u011bry, administrativa sestry\u00a0 08:00 &#8211; 12:30h ordinace\u00a0 \u00a0\u00a0 13:00 \u2013 14:00h\u00a0 ordinace \u00daTER\u00dd 07:00 &#8211; 08:00h\u00a0\u00a0 odb\u011bry, administrativa sestry\u00a0 08:00 &#8211; 13:00h\u00a0\u00a0 ordinace ST\u0158EDA :\u00a0 07:00 &#8211; 08:00h\u00a0\u00a0 odb\u011bry, administrativa sestry\u00a0 08:00 &#8211; 11:30h ordinace\u00a0 \u00a0\u00a0 12:00 \u2013 13:00h\u00a0 ordinace 13:00 &#8211; 14:00h\u00a0 administrativa [&hellip;]<\/p>\n","protected":false},"author":612,"featured_media":0,"parent":0,"menu_order":0,"comment_status":"closed","ping_status":"closed","template":"","meta":{"footnotes":""},"class_list":["post-740","page","type-page","status-publish","hentry"],"_links":{"self":[{"href":"https:\/\/docsites.cgmlife.com\/barmed\/wp-json\/wp\/v2\/pages\/740","targetHints":{"allow":["GET"]}}],"collection":[{"href":"https:\/\/docsites.cgmlife.com\/barmed\/wp-json\/wp\/v2\/pages"}],"about":[{"href":"https:\/\/docsites.cgmlife.com\/barmed\/wp-json\/wp\/v2\/types\/page"}],"author":[{"embeddable":true,"href":"https:\/\/docsites.cgmlife.com\/barmed\/wp-json\/wp\/v2\/users\/612"}],"replies":[{"embeddable":true,"href":"https:\/\/docsites.cgmlife.com\/barmed\/wp-json\/wp\/v2\/comments?post=740"}],"version-history":[{"count":5,"href":"https:\/\/docsites.cgmlife.com\/barmed\/wp-json\/wp\/v2\/pages\/740\/revisions"}],"predecessor-version":[{"id":897,"href":"https:\/\/docsites.cgmlife.com\/barmed\/wp-json\/wp\/v2\/pages\/740\/revisions\/897"}],"wp:attachment":[{"href":"https:\/\/docsites.cgmlife.com\/barmed\/wp-json\/wp\/v2\/media?parent=740"}],"curies":[{"name":"wp","href":"https:\/\/api.w.org\/{rel}","templated":true}]}}