{"id":2,"date":"2013-02-05T09:30:54","date_gmt":"2013-02-05T07:30:54","guid":{"rendered":"http:\/\/docsites.cgmlife.com\/medistar\/?page_id=2"},"modified":"2025-02-20T11:00:51","modified_gmt":"2025-02-20T09:00:51","slug":"beispiel-seite","status":"publish","type":"page","link":"https:\/\/docsites.cgmlife.com\/beispielpraxis\/","title":{"rendered":"Start"},"content":{"rendered":"\n<h2 class=\"wp-block-heading\">Herzlich Willkommen in unserer virtuellen Praxis.<\/h2>\n\n\n\n<div class=\"wp-block-columns is-layout-flex wp-container-core-columns-is-layout-9d6595d7 wp-block-columns-is-layout-flex\">\n<div class=\"wp-block-column is-layout-flow wp-block-column-is-layout-flow\" style=\"flex-basis:66.66%\">\n<p>Willkommen auf der Internetseite von der Beispielpraxis Mustermann in Koblenz. Wir w\u00fcnschen Ihnen einen \u00fcbersichtlichen und informativen Aufenthalt. Die Praxis selbst bietet keine echten Dienstleistungen an, sondern die Seite dient ausschlie\u00dflich zur Demonstration der M\u00f6glichkeiten der CGM DOCSITES. Sollten wir ihr Interesse geweckt haben, wenden Sie sich gerne an ihren Vertriebs- uns Servicepartner.<\/p>\n\n\n\n<p>\u00dcber die Hauptmen\u00fc-Punkte oben k\u00f6nnen Sie Informationen \u00fcber unsere Angebote, unsere Beispielpraxis, das Team, Services und nat\u00fcrlich die Anfahrt zur Praxis abrufen.<\/p>\n\n\n\n<p>Sie k\u00f6nnen auch u.a. einen Online-Termin buchen. Dazu verwenden Sie den Men\u00fcpunkt&nbsp;<a href=\"https:\/\/docsites.cgmlife.com\/beispielpraxis\/online-dienste\/\" data-type=\"page\" data-id=\"5\">Online-Dienste<\/a>.<\/p>\n\n\n\n<p>Aktuelle News finden sie im Bereich <a href=\"https:\/\/docsites.cgmlife.com\/beispielpraxis\/aktuell\/\" data-type=\"page\" data-id=\"9\">Aktuell<\/a> dieser Seite.<\/p>\n<\/div>\n\n\n\n<div class=\"wp-block-column is-layout-flow wp-block-column-is-layout-flow\" style=\"flex-basis:33.33%\">\n<figure class=\"wp-block-image size-full\"><img loading=\"lazy\" decoding=\"async\" width=\"960\" height=\"640\" src=\"https:\/\/docsites.cgmlife.com\/13697250492\/wp-content\/uploads\/sites\/66\/2023\/01\/black-portrait_T8VNJRQH7F.jpg\" alt=\"Unser Behandler der CGM DOCSITES Beispielpraxis\" class=\"wp-image-92\" title=\"Unser Behandler der CGM DOCSITES Beispielpraxis\" srcset=\"https:\/\/docsites.cgmlife.com\/beispielpraxis\/wp-content\/uploads\/sites\/66\/2023\/01\/black-portrait_T8VNJRQH7F.jpg 960w, https:\/\/docsites.cgmlife.com\/beispielpraxis\/wp-content\/uploads\/sites\/66\/2023\/01\/black-portrait_T8VNJRQH7F-300x200.jpg 300w\" sizes=\"auto, (max-width: 960px) 100vw, 960px\" \/><\/figure>\n<\/div>\n<\/div>\n","protected":false},"excerpt":{"rendered":"<p>Herzlich Willkommen in unserer virtuellen Praxis. Willkommen auf der Internetseite von der Beispielpraxis Mustermann in Koblenz. Wir w\u00fcnschen Ihnen einen \u00fcbersichtlichen und informativen Aufenthalt. Die Praxis selbst bietet keine echten Dienstleistungen an, sondern die Seite dient ausschlie\u00dflich zur Demonstration der M\u00f6glichkeiten der CGM DOCSITES. Sollten wir ihr Interesse geweckt haben, wenden Sie sich gerne an [&hellip;]<\/p>\n","protected":false},"author":625,"featured_media":0,"parent":0,"menu_order":-1,"comment_status":"closed","ping_status":"closed","template":"","meta":{"footnotes":""},"class_list":["post-2","page","type-page","status-publish","hentry"],"_links":{"self":[{"href":"https:\/\/docsites.cgmlife.com\/beispielpraxis\/wp-json\/wp\/v2\/pages\/2","targetHints":{"allow":["GET"]}}],"collection":[{"href":"https:\/\/docsites.cgmlife.com\/beispielpraxis\/wp-json\/wp\/v2\/pages"}],"about":[{"href":"https:\/\/docsites.cgmlife.com\/beispielpraxis\/wp-json\/wp\/v2\/types\/page"}],"author":[{"embeddable":true,"href":"https:\/\/docsites.cgmlife.com\/beispielpraxis\/wp-json\/wp\/v2\/users\/625"}],"replies":[{"embeddable":true,"href":"https:\/\/docsites.cgmlife.com\/beispielpraxis\/wp-json\/wp\/v2\/comments?post=2"}],"version-history":[{"count":28,"href":"https:\/\/docsites.cgmlife.com\/beispielpraxis\/wp-json\/wp\/v2\/pages\/2\/revisions"}],"predecessor-version":[{"id":201,"href":"https:\/\/docsites.cgmlife.com\/beispielpraxis\/wp-json\/wp\/v2\/pages\/2\/revisions\/201"}],"wp:attachment":[{"href":"https:\/\/docsites.cgmlife.com\/beispielpraxis\/wp-json\/wp\/v2\/media?parent=2"}],"curies":[{"name":"wp","href":"https:\/\/api.w.org\/{rel}","templated":true}]}}