{"id":6,"date":"2013-02-05T11:33:02","date_gmt":"2013-02-05T09:33:02","guid":{"rendered":"http:\/\/docsites.cgmlife.com\/medistar\/?page_id=6"},"modified":"2023-11-17T15:45:43","modified_gmt":"2023-11-17T13:45:43","slug":"praxis","status":"publish","type":"page","link":"https:\/\/docsites.cgmlife.com\/beispielpraxis\/praxis\/","title":{"rendered":"Praxis"},"content":{"rendered":"\n<h2 class=\"wp-block-heading\">Unsere Sprechzeiten<\/h2>\n\n\n\n<figure class=\"wp-block-table is-style-stripes\"><table><thead><tr><th><\/th><th class=\"has-text-align-center\" data-align=\"center\">Vormittag<\/th><th class=\"has-text-align-center\" data-align=\"center\">Nachmittag<\/th><\/tr><\/thead><tbody><tr><td>Montag<\/td><td class=\"has-text-align-center\" data-align=\"center\">08:45 &#8211; 12:15 Uhr<\/td><td class=\"has-text-align-center\" data-align=\"center\">14:45 &#8211; 17:15 Uhr<\/td><\/tr><tr><td>Dienstag<\/td><td class=\"has-text-align-center\" data-align=\"center\">08:45 &#8211; 12:15 Uhr<\/td><td class=\"has-text-align-center\" data-align=\"center\"><\/td><\/tr><tr><td>Mittwoch<\/td><td class=\"has-text-align-center\" data-align=\"center\">08:45 &#8211; 12:15 Uhr<\/td><td class=\"has-text-align-center\" data-align=\"center\"><\/td><\/tr><tr><td>Donnerstag<\/td><td class=\"has-text-align-center\" data-align=\"center\">08:45 &#8211; 12:15 Uhr<\/td><td class=\"has-text-align-center\" data-align=\"center\">14:45 &#8211; 18:15 Uhr<\/td><\/tr><tr><td>Freitag<\/td><td class=\"has-text-align-center\" data-align=\"center\">08:45 &#8211; 12:15 Uhr<\/td><td class=\"has-text-align-center\" data-align=\"center\"><\/td><\/tr><\/tbody><\/table><\/figure>\n\n\n\n<p>Sowie nach Vereinbarung \u00fcber unsere&nbsp;<a href=\"https:\/\/docsites.cgmlife.com\/beispielpraxis\/online-dienste\/\" data-type=\"page\" data-id=\"5\">Online-Dienste<\/a> oder via Telefon unter 01234\/567890<\/p>\n\n\n\n<h2 class=\"wp-block-heading\">Anfahrt<\/h2>\n\n\n\n<ol class=\"wp-block-list\">\n<li>Beginnen Sie Ihre Fahrt auf der Hauptstra\u00dfe, die durch Musterstadt verl\u00e4uft. Folgen Sie der Stra\u00dfe, bis Sie das Stadtzentrum erreichen.<\/li>\n\n\n\n<li>Biegen Sie an der ersten Ampel rechts ab, um auf die Parkstra\u00dfe zu gelangen. Folgen Sie der Parkstra\u00dfe, bis Sie ein gro\u00dfes Einkaufszentrum auf der rechten Seite sehen.<\/li>\n\n\n\n<li>Fahren Sie an dem Einkaufszentrum vorbei und biegen Sie an der n\u00e4chsten Ampel links ab, um auf die Klinikstra\u00dfe zu gelangen. Folgen Sie der Klinikstra\u00dfe, bis Sie das Krankenhaus auf der linken Seite sehen.<\/li>\n\n\n\n<li>Biegen Sie an der n\u00e4chsten Kreuzung rechts ab, um auf die Musterstra\u00dfe zu gelangen. Folgen Sie der Musterstra\u00dfe, bis Sie auf der rechten Seite das Geb\u00e4ude der Arztpraxis sehen.<\/li>\n\n\n\n<li>Parken Sie Ihr Auto auf dem Parkplatz vor der Arztpraxis und gehen Sie zum Haupteingang, um Ihren Termin wahrzunehmen.<\/li>\n<\/ol>\n","protected":false},"excerpt":{"rendered":"<p>Unsere Sprechzeiten Vormittag Nachmittag Montag 08:45 &#8211; 12:15 Uhr 14:45 &#8211; 17:15 Uhr Dienstag 08:45 &#8211; 12:15 Uhr Mittwoch 08:45 &#8211; 12:15 Uhr Donnerstag 08:45 &#8211; 12:15 Uhr 14:45 &#8211; 18:15 Uhr Freitag 08:45 &#8211; 12:15 Uhr Sowie nach Vereinbarung \u00fcber unsere&nbsp;Online-Dienste oder via Telefon unter 01234\/567890 Anfahrt<\/p>\n","protected":false},"author":625,"featured_media":0,"parent":0,"menu_order":0,"comment_status":"closed","ping_status":"closed","template":"","meta":{"footnotes":""},"class_list":["post-6","page","type-page","status-publish","hentry"],"_links":{"self":[{"href":"https:\/\/docsites.cgmlife.com\/beispielpraxis\/wp-json\/wp\/v2\/pages\/6","targetHints":{"allow":["GET"]}}],"collection":[{"href":"https:\/\/docsites.cgmlife.com\/beispielpraxis\/wp-json\/wp\/v2\/pages"}],"about":[{"href":"https:\/\/docsites.cgmlife.com\/beispielpraxis\/wp-json\/wp\/v2\/types\/page"}],"author":[{"embeddable":true,"href":"https:\/\/docsites.cgmlife.com\/beispielpraxis\/wp-json\/wp\/v2\/users\/625"}],"replies":[{"embeddable":true,"href":"https:\/\/docsites.cgmlife.com\/beispielpraxis\/wp-json\/wp\/v2\/comments?post=6"}],"version-history":[{"count":12,"href":"https:\/\/docsites.cgmlife.com\/beispielpraxis\/wp-json\/wp\/v2\/pages\/6\/revisions"}],"predecessor-version":[{"id":159,"href":"https:\/\/docsites.cgmlife.com\/beispielpraxis\/wp-json\/wp\/v2\/pages\/6\/revisions\/159"}],"wp:attachment":[{"href":"https:\/\/docsites.cgmlife.com\/beispielpraxis\/wp-json\/wp\/v2\/media?parent=6"}],"curies":[{"name":"wp","href":"https:\/\/api.w.org\/{rel}","templated":true}]}}