{"id":159,"date":"2016-03-11T18:26:14","date_gmt":"2016-03-11T16:26:14","guid":{"rendered":"http:\/\/docsites.cgmlife.com\/brodnicek\/?page_id=159"},"modified":"2022-10-11T16:25:58","modified_gmt":"2022-10-11T14:25:58","slug":"neco-potrebuji-musim-se-objednat","status":"publish","type":"page","link":"https:\/\/docsites.cgmlife.com\/brodnicek\/neco-potrebuji-musim-se-objednat\/","title":{"rendered":"N\u011bco pot\u0159ebuji. Mus\u00edm se objednat?"},"content":{"rendered":"<p><span style=\"color: #ff6600\"><strong><span style=\"font-size: medium\">Nen\u00ed mi dob\u0159e.<\/span><\/strong><\/span><\/p>\n<p style=\"text-align: left\" align=\"center\"><strong>Kontaktujte n\u00e1s p\u0159es virtu\u00e1ln\u00ed sestru Emmy (<strong>\u00a0<\/strong><strong><a title=\"http:\/\/www.sestraemmy.cz\/brodnicek\" href=\"http:\/\/www.sestraemmy.cz\/brodnicek\" target=\"_blank\" rel=\"noopener\">www.sestraemmy.cz\/\u2026cek<\/a>\u00a0) nebo telefonicky\u00a0<\/strong>a podle charakteru pot\u00ed\u017e\u00ed domluv\u00edme term\u00edn kontroly. <\/strong>Pokud se dostav\u00edte bez objedn\u00e1n\u00ed, je mo\u017en\u00e9, \u017ee nebudete o\u0161et\u0159eni a sestra V\u00e1s objedn\u00e1 na jin\u00fd term\u00edn.<strong> V\u00fdjimku tvo\u0159\u00ed z\u00e1va\u017en\u00e9 akutn\u00ed, neodkladn\u00e9 pot\u00ed\u017ee.\u00a0<\/strong><\/p>\n<p><span style=\"color: #ff6600\"><strong><span style=\"font-size: medium\">N\u00e1hl\u00fd, \u017eivot ohro\u017euj\u00edc\u00ed stav!!<\/span> <\/strong><\/span><\/p>\n<p>Zejm\u00e9na bolest na prsou, tlak na hrudn\u00edku, du\u0161nost, poruchy v\u011bdom\u00ed, n\u00e1hle vznikl\u00e9 poruchy hybnosti nebo \u0159e\u010di, k\u0159e\u010de, v\u00e1\u017en\u00e9 \u00farazy, otravy\u00a0&#8230; <span style=\"color: #ff0000\"><b><span style=\"font-size: medium\">VOLEJTE 155!! <\/span><\/b><\/span>Pokud nejde o \u017eivot ohro\u017euj\u00edc\u00ed stav, ale zrovna neordinujeme a nejste si jisti, jak spr\u00e1vn\u011b postupovat, m\u016f\u017eete zavolat na bezplatnou poradenskou linku <strong>800 888 155.<\/strong><\/p>\n<p><span style=\"color: #ff6600;font-size: medium\"><strong>Pot\u0159ebuji prevenci, pl\u00e1novanou kontrolu, vy\u0161et\u0159en\u00ed na \u0159idi\u010dsk\u00fd pr\u016fkaz&#8230;<\/strong><\/span><\/p>\n<p><strong>Objednejte se v dostate\u010dn\u00e9m \u010dasov\u00e9m p\u0159edstihu<\/strong> (aktu\u00e1ln\u011b 6-12 t\u00fddn\u016f). Pros\u00edme, berte v \u00favahu, \u017ee \u010das objedn\u00e1n\u00ed\u00a0nen\u00ed \u200e\u010das\u00a0o\u0161et\u0159en\u00ed. Je to\u00a0\u010das, od kter\u00e9ho\u00a0\u010dek\u00e1te\u00a0na vy\u0161et\u0159en\u00ed l\u00e9ka\u0159em.\u200e M\u016f\u017ee doch\u00e1zet k \u010dasov\u00fdm prodlev\u00e1m vzhledem k nutnosti o\u0161et\u0159it akutn\u00ed pacienty. Ocen\u00edme Va\u0161i trp\u011blivost. <b>Vy\u0161et\u0159en\u00ed pro \u0159idi\u010dsk\u00fd, zbrojn\u00ed a zdravotn\u00ed pr\u016fkaz ani jin\u00e9 posudky nesm\u00ed prov\u00e1d\u011bt zastupuj\u00edc\u00ed l\u00e9ka\u0159, <\/b>je tedy nutn\u00e9 vz\u00edt v \u00favahu p\u0159\u00edpadnou dovolenou. P\u0159edem si pros\u00edm vytiskn\u011bte p\u0159\u00edslu\u0161n\u00fd <a title=\"Dokumenty ke sta\u017een\u00ed\" href=\"http:\/\/docsites.cgmlife.com\/brodnicek\/dokumenty-ke-stazeni\/\">dotazn\u00edk<\/a> a k vy\u0161et\u0159en\u00ed jej p\u0159ineste vypln\u011bn\u00fd.<\/p>\n<p><span style=\"color: #ff6600\"><strong><span style=\"font-size: medium\">Pot\u0159ebuji vy\u0161et\u0159en\u00ed do zam\u011bstn\u00e1n\u00ed.<\/span><\/strong><\/span><\/p>\n<p>Toto vy\u0161et\u0159en\u00ed V\u00e1m pro naprostou v\u011bt\u0161inu prac\u00ed mus\u00ed ud\u011blat &#8222;z\u00e1vodn\u00ed&#8220; l\u00e9ka\u0159, kter\u00e9ho ka\u017ed\u00fd zam\u011bstnavatel mus\u00ed m\u00edt zaji\u0161t\u011bn\u00e9ho. <strong>V\u00e1\u0161 praktick\u00fd l\u00e9ka\u0159 V\u00e1m ho s v\u00fdjimkou ur\u010dit\u00fdch prac\u00ed v prvn\u00ed kategorii ud\u011blat NESM\u00cd<\/strong> (pokud nen\u00ed z\u00e1rove\u0148 &#8222;z\u00e1vodn\u00edm&#8220; l\u00e9ka\u0159em). Pros\u00edme, a\u017e obdr\u017e\u00edte od zam\u011bstnavatele \u017e\u00e1dost o prohl\u00eddku, kontaktujte n\u00e1s p\u0159es virtu\u00e1ln\u00ed sestru Emmy (\u00a0<a title=\"http:\/\/www.sestraemmy.cz\/brodnicek\" href=\"http:\/\/www.sestraemmy.cz\/brodnicek\" target=\"_blank\" rel=\"noopener\">www.sestraemmy.cz\/\u2026cek<\/a>\u00a0) nebo telefonicky a dle konkr\u00e9tn\u00ed pr\u00e1ce domluv\u00edme dal\u0161\u00ed postup. Pokud nebudeme moci prohl\u00eddku prov\u00e9st, vystav\u00edme V\u00e1m v\u00fdpis z dokumentace pro &#8222;z\u00e1vodn\u00edho&#8220; <span id=\"SLOVNIK_HIGHLIGHT\">l\u00e9ka\u0159e. <strong>Z\u00e1konn\u00e1 lh\u016fta pro vystaven\u00ed v\u00fdpisu je 10 pracovn\u00edch dn\u016f<\/strong>, za rychl\u00e9 vystaven\u00ed do 3 dn\u016f je \u00fa\u010dtov\u00e1na vy\u0161\u0161\u00ed \u010d\u00e1stka &#8211; viz <a href=\"http:\/\/docsites.cgmlife.com\/brodnicek\/wp-content\/uploads\/sites\/576\/2016\/03\/CENIK_VYKONU_NEHRAZENYCH_ZDRAVOTNI_POJISTOVNOUod-11-2016.pdf\">cen\u00edk<\/a>. V\u00fdpis nesm\u00ed vystavit zastupuj\u00edc\u00ed l\u00e9ka\u0159.<br \/>\n<\/span><\/p>\n<p><span style=\"color: #ff6600\"><strong><span style=\"font-size: medium\">Pot\u0159ebuji p\u0159edepsat l\u00e9ky, pom\u016fcky, sanitku&#8230;<\/span><\/strong><\/span><\/p>\n<p>Pokud jde o opakovan\u00fd p\u0159edpis, m\u016f\u017eete si l\u00e9k objednat\u00a0p\u0159es virtu\u00e1ln\u00ed sestru Emmy (\u00a0<a title=\"http:\/\/www.sestraemmy.cz\/brodnicek\" href=\"http:\/\/www.sestraemmy.cz\/brodnicek\" target=\"_blank\" rel=\"noopener\">www.sestraemmy.cz\/\u2026cek<\/a>\u00a0), telefonicky, nebo hodit l\u00edstek do schr\u00e1nky p\u0159ed ordinac\u00ed a druh\u00fd den si m\u016f\u017eete p\u0159edpis vyzvednout. Recept na l\u00e9ky je mo\u017en\u00e9 poslat i formou SMS nebo emailem. <strong>Sanitku je pot\u0159eba objednat alespo\u0148 t\u00fdden p\u0159edem.<\/strong><\/p>\n<p><span style=\"color: #ff6600;font-size: medium\"><strong>Pot\u0159ebuji neschopenku.<\/strong><\/span><\/p>\n<p><strong>Vystavit neschopenku je povinnost\u00ed l\u00e9ka\u0159e, kter\u00fd V\u00e1s l\u00e9\u010d\u00ed pro dan\u00e9 onemocn\u011bn\u00ed.<\/strong> Pokud se l\u00e9\u010d\u00edte u n\u00e1s, jsme to my. Pokud V\u00e1s l\u00e9\u010d\u00ed specialista, nap\u0159\u00edklad pro zlomenou nohu, je to tento specialista. Jako V\u00e1\u0161 praktik V\u00e1m <strong>nemohu v\u00e9st neschopenku, kdy\u017e V\u00e1s l\u00e9\u010d\u00ed a kontroluje n\u011bkdo jin\u00fd<\/strong> \u2013 viz toto\u00a0<a href=\"http:\/\/docsites.cgmlife.com\/brodnicek\/wp-content\/uploads\/sites\/576\/2016\/03\/Informace_pro_zdravotnick\u00e1_za\u0159\u00edzen\u00ed-converted.pdf\">stanovisko Ministerstva zdravotnictv\u00ed<\/a>\u00a0a <a href=\"http:\/\/docsites.cgmlife.com\/brodnicek\/wp-content\/uploads\/sites\/576\/2016\/03\/APPEL_2019-06_Letak_A4.pdf\" target=\"_blank\">pravidla pro vystavov\u00e1n\u00ed a veden\u00ed do\u010dasn\u00e9 pracovn\u00ed neschopnosti<\/a>.\u00a0A pro V\u00e1s by bylo nev\u00fdhodn\u00e9 a obt\u011b\u017euj\u00edc\u00ed chodit m\u00edsto jedn\u00e9 kontroly na dv\u011b &#8211; jednou ke specialistovi a pak je\u0161t\u011b k\u00a0n\u00e1m &#8222;kv\u016fli pap\u00edru&#8220;.\u00a0 Stejn\u011b tak je povinnost\u00ed specialisty napsat V\u00e1m\u00a0l\u00e9ky, rehabilitaci, pojistku, nebo t\u0159eba sanitku, pokud je v souvislosti s dan\u00fdm onemocn\u011bn\u00edm pot\u0159ebujete. <strong>Praktick\u00fd l\u00e9ka\u0159 nen\u00ed sekret\u00e1\u0159kou ostatn\u00edch l\u00e9ka\u0159\u016f!<\/strong><\/p>\n<p><span style=\"color: #ff6600\"><strong><span style=\"font-size: medium\">Pot\u0159ebuji odb\u011br krve.<\/span><\/strong><\/span><\/p>\n<p>Odb\u011bry krve <strong>v ordinaci<\/strong> prov\u00e1d\u00edme denn\u011b krom\u011b \u010dtvrtka od 7,30 do 8,30 hod., po p\u0159edchoz\u00ed domluv\u011b. Pokud ji\u017e m\u00e1te \u017e\u00e1danku (i od jin\u00e9ho l\u00e9ka\u0159e), je mo\u017eno vyu\u017e\u00edt slu\u017eeb <strong>odb\u011brov\u00e9 m\u00edstnosti<\/strong>, kter\u00e1 je um\u00edst\u011bna v 1. pat\u0159e zdravotn\u00edho st\u0159ediska a\u00a0je v provozu\u00a0v \u00fater\u00fd a ve \u010dtvrtek od 7 do 11 hod. bez objedn\u00e1n\u00ed.<\/p>\n<p><span style=\"color: #ff6600\"><strong><span style=\"font-size: medium\">Pot\u0159ebuji p\u0159edopera\u010dn\u00ed vy\u0161et\u0159en\u00ed.<\/span><\/strong><\/span><\/p>\n<p>Pros\u00edme, dodejte n\u00e1m p\u0159es virtu\u00e1ln\u00ed sestru Emmy (\u00a0<a title=\"http:\/\/www.sestraemmy.cz\/brodnicek\" href=\"http:\/\/www.sestraemmy.cz\/brodnicek\" target=\"_blank\" rel=\"noopener\">www.sestraemmy.cz\/\u2026cek<\/a>\u00a0),\u00a0na recepci nebo do schr\u00e1nky co nejd\u0159\u00edve\u00a0v\u0161echny dokumenty, kter\u00e9 jste dostali v nemocnici. N\u00e1sledn\u011b V\u00e1s budeme kontaktovat ohledn\u011b dal\u0161\u00edho postupu.<\/p>\n<p><strong style=\"color: #ff6600\"><span style=\"font-size: medium\">Pot\u0159ebuji, abyste p\u0159ijeli na n\u00e1v\u0161t\u011bvu.<\/span><\/strong><\/p>\n<p>N\u00e1v\u0161t\u011bvu doma je pot\u0159eba <strong>p\u0159edem domluvit<\/strong>, lze ji\u00a0uskute\u010dnit pouze mimo ordina\u010dn\u00ed dobu a u pacient\u016f, kte\u0159\u00ed nejsou schopni dostavit se do ordinace.\u00a0Nelze t\u00edmto zp\u016fsobem \u0159e\u0161it akutn\u00ed stavy. Berte, pros\u00edme, v \u00favahu,\u00a0 \u017ee doma nem\u016f\u017eeme poskytnout o\u0161et\u0159en\u00ed\u00a0stejn\u00e9ho rozsahu a kvality\u00a0jako v ordinaci.<\/p>\n<p>&nbsp;<\/p>\n","protected":false},"excerpt":{"rendered":"<p>Nen\u00ed mi dob\u0159e. Kontaktujte n\u00e1s p\u0159es virtu\u00e1ln\u00ed sestru Emmy (\u00a0www.sestraemmy.cz\/\u2026cek\u00a0) nebo telefonicky\u00a0a podle charakteru pot\u00ed\u017e\u00ed domluv\u00edme term\u00edn kontroly. Pokud se dostav\u00edte bez objedn\u00e1n\u00ed, je mo\u017en\u00e9, \u017ee nebudete o\u0161et\u0159eni a sestra V\u00e1s objedn\u00e1 na jin\u00fd term\u00edn. V\u00fdjimku tvo\u0159\u00ed z\u00e1va\u017en\u00e9 akutn\u00ed, neodkladn\u00e9 pot\u00ed\u017ee.\u00a0 N\u00e1hl\u00fd, \u017eivot ohro\u017euj\u00edc\u00ed stav!! Zejm\u00e9na bolest na prsou, tlak na hrudn\u00edku, du\u0161nost, poruchy v\u011bdom\u00ed, [&hellip;]<\/p>\n","protected":false},"author":626,"featured_media":0,"parent":0,"menu_order":3,"comment_status":"closed","ping_status":"closed","template":"","meta":{"footnotes":""},"class_list":["post-159","page","type-page","status-publish","hentry"],"_links":{"self":[{"href":"https:\/\/docsites.cgmlife.com\/brodnicek\/wp-json\/wp\/v2\/pages\/159","targetHints":{"allow":["GET"]}}],"collection":[{"href":"https:\/\/docsites.cgmlife.com\/brodnicek\/wp-json\/wp\/v2\/pages"}],"about":[{"href":"https:\/\/docsites.cgmlife.com\/brodnicek\/wp-json\/wp\/v2\/types\/page"}],"author":[{"embeddable":true,"href":"https:\/\/docsites.cgmlife.com\/brodnicek\/wp-json\/wp\/v2\/users\/626"}],"replies":[{"embeddable":true,"href":"https:\/\/docsites.cgmlife.com\/brodnicek\/wp-json\/wp\/v2\/comments?post=159"}],"version-history":[{"count":66,"href":"https:\/\/docsites.cgmlife.com\/brodnicek\/wp-json\/wp\/v2\/pages\/159\/revisions"}],"predecessor-version":[{"id":1292,"href":"https:\/\/docsites.cgmlife.com\/brodnicek\/wp-json\/wp\/v2\/pages\/159\/revisions\/1292"}],"wp:attachment":[{"href":"https:\/\/docsites.cgmlife.com\/brodnicek\/wp-json\/wp\/v2\/media?parent=159"}],"curies":[{"name":"wp","href":"https:\/\/api.w.org\/{rel}","templated":true}]}}