{"id":10,"date":"2013-02-05T11:37:41","date_gmt":"2013-02-05T09:37:41","guid":{"rendered":"http:\/\/docsites.cgmlife.com\/medistar\/?page_id=10"},"modified":"2016-10-26T16:05:54","modified_gmt":"2016-10-26T14:05:54","slug":"onas","status":"publish","type":"page","link":"https:\/\/docsites.cgmlife.com\/drchaloupkova\/","title":{"rendered":"O n\u00e1s"},"content":{"rendered":"<h2>O n\u00e1s<\/h2>\n<div>\n<div>\n<p>Jsme nest\u00e1tn\u00ed zdravotn\u00ed za\u0159\u00edzen\u00ed zaji\u0161\u0165uj\u00edc\u00ed komplexn\u00ed ambulantn\u00ed p\u00e9\u010di v oboru o\u010dn\u00edho l\u00e9ka\u0159stv\u00ed. O\u0161et\u0159ujeme dosp\u011bl\u00e9 i d\u011btsk\u00e9 pacienty. Jsme smluvn\u00ed partner t\u011bchto zdravotn\u00edch poji\u0161\u0165oven: 111, 201, 205, 207 a\u00a0 211.<\/p>\n<h3>Na\u0161e slu\u017eby<\/h3>\n<p>Diagnostika a l\u00e9\u010dba o\u010dn\u00edch onemocn\u011bn\u00ed, stanoven\u00ed a korekce refrak\u010dn\u00edch vad (stanoven\u00ed dioptri\u00ed) pomoc\u00ed autorefraktoru a\u00a0polarizovan\u00e9ho LCD optotypu.<\/p>\n<p>Vy\u0161et\u0159en\u00ed a konzervativn\u00ed l\u00e9\u010dba \u0161ilh\u00e1n\u00ed.<\/p>\n<p>P\u00e9\u010de o nositele kontaktn\u00edch \u010do\u010dek.<\/p>\n<p>Preventivn\u00ed o\u010dn\u00ed vy\u0161et\u0159en\u00ed, zejm\u00e9na s ohledem na riziko vzniku zelen\u00e9ho a \u0161ed\u00e9ho z\u00e1kalu, v\u011bkem podm\u00edn\u011bn\u00e9 makul\u00e1rn\u00ed degenerace s\u00edtnice aj. pomoc\u00ed digit\u00e1ln\u00ed \u0161t\u011brbinov\u00e9 lampy s mo\u017enost\u00ed fotodokumentace.<\/p>\n<p>P\u0159esn\u00e9 m\u011b\u0159en\u00ed nitroo\u010dn\u00edho tlaku Goldmanovou aplana\u010dn\u00ed tonometri\u00ed, vy\u0161et\u0159en\u00ed zorn\u00e9ho pole pomoc\u00ed po\u010d\u00edta\u010dov\u00e9ho perimetru.<\/p>\n<p>Pr\u016fplachy a sond\u00e1\u017ee slzn\u00fdch cest.<\/p>\n<p>OCT &#8211; vy\u0161et\u0159en\u00ed s\u00edtnice a zrakov\u00e9ho nervu\u00a0optickou koheren\u010dn\u00ed tomografi\u00ed \u0161pi\u010dkov\u00fdm p\u0159\u00edstrojem\u00a0 Cirrus HD &#8211; OCT od \u00a0 firmy Zeiss Germany.<\/p>\n<p>&nbsp;<\/p>\n<\/div>\n<\/div>\n<p>&nbsp;<\/p>\n","protected":false},"excerpt":{"rendered":"<p>O n\u00e1s Jsme nest\u00e1tn\u00ed zdravotn\u00ed za\u0159\u00edzen\u00ed zaji\u0161\u0165uj\u00edc\u00ed komplexn\u00ed ambulantn\u00ed p\u00e9\u010di v oboru o\u010dn\u00edho l\u00e9ka\u0159stv\u00ed. O\u0161et\u0159ujeme dosp\u011bl\u00e9 i d\u011btsk\u00e9 pacienty. Jsme smluvn\u00ed partner t\u011bchto zdravotn\u00edch poji\u0161\u0165oven: 111, 201, 205, 207 a\u00a0 211. Na\u0161e slu\u017eby Diagnostika a l\u00e9\u010dba o\u010dn\u00edch onemocn\u011bn\u00ed, stanoven\u00ed a korekce refrak\u010dn\u00edch vad (stanoven\u00ed dioptri\u00ed) pomoc\u00ed autorefraktoru a\u00a0polarizovan\u00e9ho LCD optotypu. Vy\u0161et\u0159en\u00ed a konzervativn\u00ed l\u00e9\u010dba \u0161ilh\u00e1n\u00ed. [&hellip;]<\/p>\n","protected":false},"author":507,"featured_media":0,"parent":0,"menu_order":1,"comment_status":"closed","ping_status":"closed","template":"","meta":{"footnotes":""},"class_list":["post-10","page","type-page","status-publish","hentry"],"_links":{"self":[{"href":"https:\/\/docsites.cgmlife.com\/drchaloupkova\/wp-json\/wp\/v2\/pages\/10","targetHints":{"allow":["GET"]}}],"collection":[{"href":"https:\/\/docsites.cgmlife.com\/drchaloupkova\/wp-json\/wp\/v2\/pages"}],"about":[{"href":"https:\/\/docsites.cgmlife.com\/drchaloupkova\/wp-json\/wp\/v2\/types\/page"}],"author":[{"embeddable":true,"href":"https:\/\/docsites.cgmlife.com\/drchaloupkova\/wp-json\/wp\/v2\/users\/507"}],"replies":[{"embeddable":true,"href":"https:\/\/docsites.cgmlife.com\/drchaloupkova\/wp-json\/wp\/v2\/comments?post=10"}],"version-history":[{"count":8,"href":"https:\/\/docsites.cgmlife.com\/drchaloupkova\/wp-json\/wp\/v2\/pages\/10\/revisions"}],"predecessor-version":[{"id":134,"href":"https:\/\/docsites.cgmlife.com\/drchaloupkova\/wp-json\/wp\/v2\/pages\/10\/revisions\/134"}],"wp:attachment":[{"href":"https:\/\/docsites.cgmlife.com\/drchaloupkova\/wp-json\/wp\/v2\/media?parent=10"}],"curies":[{"name":"wp","href":"https:\/\/api.w.org\/{rel}","templated":true}]}}