{"id":202,"date":"2015-05-28T22:34:12","date_gmt":"2015-05-28T20:34:12","guid":{"rendered":"http:\/\/docsites.cgmlife.com\/drchaloupkova\/?page_id=202"},"modified":"2017-06-16T08:01:22","modified_gmt":"2017-06-16T06:01:22","slug":"odkaz-na-ocni-cviceni","status":"publish","type":"page","link":"https:\/\/docsites.cgmlife.com\/drchaloupkova\/odkaz-na-ocni-cviceni\/","title":{"rendered":"Odkaz na o\u010dn\u00ed cvi\u010den\u00ed"},"content":{"rendered":"<p><a href=\"https:\/\/nit.felk.cvut.cz\/~dark\/Projekty\/Strabismus\/hlavni.html\" target=\"_blank\"><big><span style=\"font-size: x-large\">https:\/\/nit.felk.cvut.cz\/~dark\/Projekty\/Strabismus\/hlavni.html<\/span><\/big><\/a><\/p>\n","protected":false},"excerpt":{"rendered":"<p>https:\/\/nit.felk.cvut.cz\/~dark\/Projekty\/Strabismus\/hlavni.html<\/p>\n","protected":false},"author":507,"featured_media":0,"parent":0,"menu_order":6,"comment_status":"closed","ping_status":"closed","template":"","meta":{"footnotes":""},"class_list":["post-202","page","type-page","status-publish","hentry"],"_links":{"self":[{"href":"https:\/\/docsites.cgmlife.com\/drchaloupkova\/wp-json\/wp\/v2\/pages\/202","targetHints":{"allow":["GET"]}}],"collection":[{"href":"https:\/\/docsites.cgmlife.com\/drchaloupkova\/wp-json\/wp\/v2\/pages"}],"about":[{"href":"https:\/\/docsites.cgmlife.com\/drchaloupkova\/wp-json\/wp\/v2\/types\/page"}],"author":[{"embeddable":true,"href":"https:\/\/docsites.cgmlife.com\/drchaloupkova\/wp-json\/wp\/v2\/users\/507"}],"replies":[{"embeddable":true,"href":"https:\/\/docsites.cgmlife.com\/drchaloupkova\/wp-json\/wp\/v2\/comments?post=202"}],"version-history":[{"count":6,"href":"https:\/\/docsites.cgmlife.com\/drchaloupkova\/wp-json\/wp\/v2\/pages\/202\/revisions"}],"predecessor-version":[{"id":251,"href":"https:\/\/docsites.cgmlife.com\/drchaloupkova\/wp-json\/wp\/v2\/pages\/202\/revisions\/251"}],"wp:attachment":[{"href":"https:\/\/docsites.cgmlife.com\/drchaloupkova\/wp-json\/wp\/v2\/media?parent=202"}],"curies":[{"name":"wp","href":"https:\/\/api.w.org\/{rel}","templated":true}]}}