{"id":5,"date":"2013-02-05T11:32:20","date_gmt":"2013-02-05T09:32:20","guid":{"rendered":"http:\/\/docsites.cgmlife.com\/medistar\/?page_id=5"},"modified":"2019-08-13T11:18:10","modified_gmt":"2019-08-13T09:18:10","slug":"eservices","status":"publish","type":"page","link":"https:\/\/docsites.cgmlife.com\/drchaloupkova\/eservices\/","title":{"rendered":"On-line objedn\u00e1n\u00ed, slu\u017eby eSERVICES"},"content":{"rendered":"<p>Die CGM eSERVICE Nummer wurde noch nicht hinterlegt. Sobald dieser Vorgang abgeschlossen wurde, k\u00f6nnen Sie die Online-Dienste nutzen.<\/p>\n","protected":false},"excerpt":{"rendered":"","protected":false},"author":507,"featured_media":0,"parent":0,"menu_order":4,"comment_status":"closed","ping_status":"closed","template":"","meta":{"footnotes":""},"class_list":["post-5","page","type-page","status-publish","hentry"],"_links":{"self":[{"href":"https:\/\/docsites.cgmlife.com\/drchaloupkova\/wp-json\/wp\/v2\/pages\/5","targetHints":{"allow":["GET"]}}],"collection":[{"href":"https:\/\/docsites.cgmlife.com\/drchaloupkova\/wp-json\/wp\/v2\/pages"}],"about":[{"href":"https:\/\/docsites.cgmlife.com\/drchaloupkova\/wp-json\/wp\/v2\/types\/page"}],"author":[{"embeddable":true,"href":"https:\/\/docsites.cgmlife.com\/drchaloupkova\/wp-json\/wp\/v2\/users\/507"}],"replies":[{"embeddable":true,"href":"https:\/\/docsites.cgmlife.com\/drchaloupkova\/wp-json\/wp\/v2\/comments?post=5"}],"version-history":[{"count":5,"href":"https:\/\/docsites.cgmlife.com\/drchaloupkova\/wp-json\/wp\/v2\/pages\/5\/revisions"}],"predecessor-version":[{"id":209,"href":"https:\/\/docsites.cgmlife.com\/drchaloupkova\/wp-json\/wp\/v2\/pages\/5\/revisions\/209"}],"wp:attachment":[{"href":"https:\/\/docsites.cgmlife.com\/drchaloupkova\/wp-json\/wp\/v2\/media?parent=5"}],"curies":[{"name":"wp","href":"https:\/\/api.w.org\/{rel}","templated":true}]}}