{"id":6,"date":"2013-02-05T11:33:02","date_gmt":"2013-02-05T09:33:02","guid":{"rendered":"http:\/\/docsites.cgmlife.com\/medistar\/?page_id=6"},"modified":"2023-10-31T10:23:18","modified_gmt":"2023-10-31T08:23:18","slug":"ordinace","status":"publish","type":"page","link":"https:\/\/docsites.cgmlife.com\/drchaloupkova\/ordinace\/","title":{"rendered":"Ordina\u010dn\u00ed hodiny"},"content":{"rendered":"\n<h1 class=\"wp-block-heading\">Ordina\u010dn\u00ed hodiny<\/h1>\n\n\n\n<h2 class=\"wp-block-heading\">MUDr. Miroslava Chaloupkov\u00e1<\/h2>\n\n\n\n<figure class=\"wp-block-table\"><table><tbody><tr><td>Pond\u011bl\u00ed<\/td><td>07:30 &#8211; 13:00<\/td><\/tr><tr><td>\u00dater\u00fd<\/td><td>07:30 &#8211; 17:00<\/td><\/tr><tr><td>St\u0159eda<\/td><td>07:30 &#8211; 14.00<\/td><\/tr><tr><td>\u010ctvrtek<\/td><td>07:30 &#8211; 13:00<\/td><\/tr><tr><td>P\u00e1tek<\/td><td>07:30 &#8211; 13:00<\/td><\/tr><\/tbody><\/table><\/figure>\n\n\n\n<h2 class=\"wp-block-heading\">Prof.\u00a0 MUDr. Pavel T\u011b\u0161\u00ednsk\u00fd, DrSc.<\/h2>\n\n\n\n<figure class=\"wp-block-table\"><table><tbody><tr><td>pond\u011bl\u00ed<\/td><td>13:00 &#8211; 16:00<\/td><\/tr><tr><td>\u010dtvrtek<\/td><td>13:00 &#8211; 16:00<\/td><\/tr><\/tbody><\/table><\/figure>\n\n\n\n<p>Telefon: 377 539 976<\/p>\n","protected":false},"excerpt":{"rendered":"<p>Ordina\u010dn\u00ed hodiny MUDr. Miroslava Chaloupkov\u00e1 Pond\u011bl\u00ed 07:30 &#8211; 13:00 \u00dater\u00fd 07:30 &#8211; 17:00 St\u0159eda 07:30 &#8211; 14.00 \u010ctvrtek 07:30 &#8211; 13:00 P\u00e1tek 07:30 &#8211; 13:00 Prof.\u00a0 MUDr. Pavel T\u011b\u0161\u00ednsk\u00fd, DrSc. pond\u011bl\u00ed 13:00 &#8211; 16:00 \u010dtvrtek 13:00 &#8211; 16:00 Telefon: 377 539 976<\/p>\n","protected":false},"author":507,"featured_media":0,"parent":0,"menu_order":3,"comment_status":"closed","ping_status":"closed","template":"","meta":{"footnotes":""},"class_list":["post-6","page","type-page","status-publish","hentry"],"_links":{"self":[{"href":"https:\/\/docsites.cgmlife.com\/drchaloupkova\/wp-json\/wp\/v2\/pages\/6","targetHints":{"allow":["GET"]}}],"collection":[{"href":"https:\/\/docsites.cgmlife.com\/drchaloupkova\/wp-json\/wp\/v2\/pages"}],"about":[{"href":"https:\/\/docsites.cgmlife.com\/drchaloupkova\/wp-json\/wp\/v2\/types\/page"}],"author":[{"embeddable":true,"href":"https:\/\/docsites.cgmlife.com\/drchaloupkova\/wp-json\/wp\/v2\/users\/507"}],"replies":[{"embeddable":true,"href":"https:\/\/docsites.cgmlife.com\/drchaloupkova\/wp-json\/wp\/v2\/comments?post=6"}],"version-history":[{"count":13,"href":"https:\/\/docsites.cgmlife.com\/drchaloupkova\/wp-json\/wp\/v2\/pages\/6\/revisions"}],"predecessor-version":[{"id":259,"href":"https:\/\/docsites.cgmlife.com\/drchaloupkova\/wp-json\/wp\/v2\/pages\/6\/revisions\/259"}],"wp:attachment":[{"href":"https:\/\/docsites.cgmlife.com\/drchaloupkova\/wp-json\/wp\/v2\/media?parent=6"}],"curies":[{"name":"wp","href":"https:\/\/api.w.org\/{rel}","templated":true}]}}