{"id":271,"date":"2016-09-11T12:52:35","date_gmt":"2016-09-11T10:52:35","guid":{"rendered":"http:\/\/docsites.cgmlife.com\/duchonova\/?page_id=271"},"modified":"2026-03-19T11:03:26","modified_gmt":"2026-03-19T09:03:26","slug":"ordinacni-doba","status":"publish","type":"page","link":"https:\/\/docsites.cgmlife.com\/duchonova\/ordinacni-doba\/","title":{"rendered":"Ordina\u010dn\u00ed doba"},"content":{"rendered":"<ol>\n<li><\/li>\n<\/ol>\n<table style=\"width: 327px;height: 212px\" border=\"0\">\n<tbody>\n<tr>\n<td colspan=\"3\">\n<h1 style=\"text-align: center\">\u00a0Ordina\u010dn\u00ed doba<\/h1>\n<\/td>\n<\/tr>\n<tr>\n<td style=\"text-align: center\"><span style=\"font-size: medium\">Pond\u011bl\u00ed<\/span><\/td>\n<td style=\"text-align: center\"><span style=\"font-size: medium\">7.30\u201311.00<\/span><\/td>\n<td style=\"text-align: center\"><span style=\"font-size: medium\">*\/ 12.00\u201314.00<\/span><\/td>\n<\/tr>\n<tr>\n<td style=\"text-align: center\"><span style=\"font-size: medium\">\u00dater\u00fd<\/span><\/td>\n<td style=\"text-align: center\"><span style=\"font-size: medium\">7.30\u201311.00<\/span><\/td>\n<td style=\"text-align: center\"><span style=\"font-size: medium\">*\/ 12.00\u201314.00<\/span><\/td>\n<\/tr>\n<tr>\n<td style=\"text-align: center\"><span style=\"font-size: medium\">St\u0159eda<\/span><\/td>\n<td style=\"text-align: center\"><span style=\"font-size: medium\">7.30\u201311.00<\/span><\/td>\n<td style=\"text-align: center\"><span style=\"font-size: medium\">*\/ 12.00\u201314.00<\/span><\/td>\n<\/tr>\n<tr>\n<td style=\"text-align: center\"><span style=\"font-size: medium\">\u010ctvrtek<\/span><\/td>\n<td style=\"text-align: center\"><span style=\"font-size: medium\">7.30\u201311.00<\/span><\/td>\n<td style=\"text-align: center\">&#8212;&#8211;<\/td>\n<\/tr>\n<tr>\n<td style=\"text-align: center\"><span style=\"font-size: medium\">P\u00e1tek<\/span><\/td>\n<td style=\"text-align: center\"><span style=\"font-size: medium\">&#8212;&#8211;<\/span><\/td>\n<td style=\"text-align: center\">&#8212;&#8211;<\/td>\n<\/tr>\n<\/tbody>\n<\/table>\n<p><span style=\"color: #ff0000\"><em><strong>Od\u00a0 \u00a0 \u00a019.03.2026 a\u017e 27.3.2026\u00a0 \u00a0 \u00a0 neordinujeme.<\/strong><\/em><\/span><\/p>\n<p>P\u0159ij\u00edm\u00e1me pouze p\u0159edem objednan\u00e9 pacienty bez p\u0159\u00edznak\u016f onemocn\u011bn\u00ed .<\/p>\n<p>*\/ V dob\u011b \u0161koln\u00edch pr\u00e1zdnin plat\u00ed\u00a0 dopoledn\u00ed ordina\u010dn\u00ed doba.<\/p>\n<p>informace o pohotovostn\u00ed slu\u017eb\u011b v Hradci Kr\u00e1lov\u00e9: www.khk.cz<\/p>\n<p>v\u0161edn\u00ed dny 16.00-21.00 hod., so.ne.sv. 8.00-18.00 hod.<\/p>\n<h1><span style=\"font-size: xx-large\">Kontakt<\/span><\/h1>\n<p><span style=\"font-size: medium\"><strong>Tel.: +420 602 378 535<\/strong><\/span><\/p>\n<p><span style=\"font-size: medium\"><strong>E-mail: <a href=\"t.duchonova@tiscali.cz\">t.duchonova@outlook.cz<\/a><\/strong><\/span><\/p>\n","protected":false},"excerpt":{"rendered":"<p>\u00a0Ordina\u010dn\u00ed doba Pond\u011bl\u00ed 7.30\u201311.00 *\/ 12.00\u201314.00 \u00dater\u00fd 7.30\u201311.00 *\/ 12.00\u201314.00 St\u0159eda 7.30\u201311.00 *\/ 12.00\u201314.00 \u010ctvrtek 7.30\u201311.00 &#8212;&#8211; P\u00e1tek &#8212;&#8211; &#8212;&#8211; Od\u00a0 \u00a0 \u00a019.03.2026 a\u017e 27.3.2026\u00a0 \u00a0 \u00a0 neordinujeme. P\u0159ij\u00edm\u00e1me pouze p\u0159edem objednan\u00e9 pacienty bez p\u0159\u00edznak\u016f onemocn\u011bn\u00ed . *\/ V dob\u011b \u0161koln\u00edch pr\u00e1zdnin plat\u00ed\u00a0 dopoledn\u00ed ordina\u010dn\u00ed doba. informace o pohotovostn\u00ed slu\u017eb\u011b v Hradci Kr\u00e1lov\u00e9: www.khk.cz v\u0161edn\u00ed [&hellip;]<\/p>\n","protected":false},"author":596,"featured_media":0,"parent":0,"menu_order":0,"comment_status":"closed","ping_status":"closed","template":"","meta":{"footnotes":""},"class_list":["post-271","page","type-page","status-publish","hentry"],"_links":{"self":[{"href":"https:\/\/docsites.cgmlife.com\/duchonova\/wp-json\/wp\/v2\/pages\/271","targetHints":{"allow":["GET"]}}],"collection":[{"href":"https:\/\/docsites.cgmlife.com\/duchonova\/wp-json\/wp\/v2\/pages"}],"about":[{"href":"https:\/\/docsites.cgmlife.com\/duchonova\/wp-json\/wp\/v2\/types\/page"}],"author":[{"embeddable":true,"href":"https:\/\/docsites.cgmlife.com\/duchonova\/wp-json\/wp\/v2\/users\/596"}],"replies":[{"embeddable":true,"href":"https:\/\/docsites.cgmlife.com\/duchonova\/wp-json\/wp\/v2\/comments?post=271"}],"version-history":[{"count":71,"href":"https:\/\/docsites.cgmlife.com\/duchonova\/wp-json\/wp\/v2\/pages\/271\/revisions"}],"predecessor-version":[{"id":485,"href":"https:\/\/docsites.cgmlife.com\/duchonova\/wp-json\/wp\/v2\/pages\/271\/revisions\/485"}],"wp:attachment":[{"href":"https:\/\/docsites.cgmlife.com\/duchonova\/wp-json\/wp\/v2\/media?parent=271"}],"curies":[{"name":"wp","href":"https:\/\/api.w.org\/{rel}","templated":true}]}}